{"id":1280,"date":"2021-03-02T09:27:42","date_gmt":"2021-03-02T08:27:42","guid":{"rendered":"https:\/\/www-stage.inovex.de\/?page_id=1280"},"modified":"2024-08-27T11:46:42","modified_gmt":"2024-08-27T09:46:42","slug":"kubernetes","status":"publish","type":"page","link":"https:\/\/www.inovex.de\/de\/leistungen\/kubernetes\/","title":{"rendered":"Kubernetes"},"content":{"rendered":"","protected":false},"excerpt":{"rendered":"<p>Automatisierung im Data Center und Cloud Computing sind zwei wesentliche Triebkr\u00e4fte der Digitalen Transformation. Eine Kerntechnologie daf\u00fcr ist Kubernetes. Wir haben Kubernetes schon in seinen Anf\u00e4ngen in unser Leistungsportfolio aufgenommen und die Technologie mittlerweile bei f\u00fchrenden Unternehmen in unterschiedlichsten Branchen integriert.<\/p>\n","protected":false},"author":4,"featured_media":0,"parent":1681,"menu_order":0,"comment_status":"closed","ping_status":"closed","template":"","meta":{"_acf_changed":false,"inline_featured_image":false,"ep_exclude_from_search":false,"footnotes":""},"coauthors":[49],"class_list":["post-1280","page","type-page","status-publish","hentry"],"acf":[],"yoast_head":"<!-- This site is optimized with the Yoast SEO plugin v27.4 - https:\/\/yoast.com\/product\/yoast-seo-wordpress\/ -->\n<title>Kubernetes | Container-Orchestrierung - inovex GmbH<\/title>\n<meta name=\"description\" content=\"Mit Kubernetes Deployment, Betrieb, Wartung und Skalierung von containerbasierten Anwendungen vereinfachen und automatisieren.\" \/>\n<meta name=\"robots\" content=\"index, follow, max-snippet:-1, max-image-preview:large, max-video-preview:-1\" \/>\n<link rel=\"canonical\" href=\"https:\/\/www.inovex.de\/de\/leistungen\/kubernetes\/\" \/>\n<meta property=\"og:locale\" content=\"de_DE\" \/>\n<meta property=\"og:type\" content=\"article\" \/>\n<meta property=\"og:title\" content=\"Kubernetes | Container-Orchestrierung - inovex GmbH\" \/>\n<meta property=\"og:description\" content=\"Mit Kubernetes Deployment, Betrieb, Wartung und Skalierung von containerbasierten Anwendungen vereinfachen und automatisieren.\" \/>\n<meta property=\"og:url\" content=\"https:\/\/www.inovex.de\/de\/leistungen\/kubernetes\/\" \/>\n<meta property=\"og:site_name\" content=\"inovex GmbH\" \/>\n<meta property=\"article:publisher\" content=\"https:\/\/www.facebook.com\/inovexde\" \/>\n<meta property=\"article:modified_time\" content=\"2024-08-27T09:46:42+00:00\" \/>\n<meta property=\"og:image\" content=\"https:\/\/www.inovex.de\/wp-content\/uploads\/thumbnail-inovex-1024x535.jpg\" \/>\n\t<meta property=\"og:image:width\" content=\"1280\" \/>\n\t<meta property=\"og:image:height\" content=\"669\" \/>\n\t<meta property=\"og:image:type\" content=\"image\/jpeg\" \/>\n<meta name=\"twitter:card\" content=\"summary_large_image\" \/>\n<meta name=\"twitter:image\" content=\"https:\/\/www.inovex.de\/wp-content\/uploads\/thumbnail-inovex-1024x535.jpg\" \/>\n<meta name=\"twitter:site\" content=\"@inovexgmbh\" \/>\n<script type=\"application\/ld+json\" class=\"yoast-schema-graph\">{\"@context\":\"https:\\\/\\\/schema.org\",\"@graph\":[{\"@type\":\"WebPage\",\"@id\":\"https:\\\/\\\/www.inovex.de\\\/de\\\/leistungen\\\/kubernetes\\\/\",\"url\":\"https:\\\/\\\/www.inovex.de\\\/de\\\/leistungen\\\/kubernetes\\\/\",\"name\":\"Kubernetes | Container-Orchestrierung - inovex GmbH\",\"isPartOf\":{\"@id\":\"https:\\\/\\\/www.inovex.de\\\/de\\\/#website\"},\"datePublished\":\"2021-03-02T08:27:42+00:00\",\"dateModified\":\"2024-08-27T09:46:42+00:00\",\"description\":\"Mit Kubernetes Deployment, Betrieb, Wartung und Skalierung von containerbasierten Anwendungen vereinfachen und automatisieren.\",\"breadcrumb\":{\"@id\":\"https:\\\/\\\/www.inovex.de\\\/de\\\/leistungen\\\/kubernetes\\\/#breadcrumb\"},\"inLanguage\":\"de\",\"potentialAction\":[{\"@type\":\"ReadAction\",\"target\":[\"https:\\\/\\\/www.inovex.de\\\/de\\\/leistungen\\\/kubernetes\\\/\"]}]},{\"@type\":\"BreadcrumbList\",\"@id\":\"https:\\\/\\\/www.inovex.de\\\/de\\\/leistungen\\\/kubernetes\\\/#breadcrumb\",\"itemListElement\":[{\"@type\":\"ListItem\",\"position\":1,\"name\":\"Home\",\"item\":\"https:\\\/\\\/www.inovex.de\\\/de\\\/\"},{\"@type\":\"ListItem\",\"position\":2,\"name\":\"Leistungen\",\"item\":\"https:\\\/\\\/www.inovex.de\\\/de\\\/leistungen\\\/\"},{\"@type\":\"ListItem\",\"position\":3,\"name\":\"Kubernetes\"}]},{\"@type\":\"WebSite\",\"@id\":\"https:\\\/\\\/www.inovex.de\\\/de\\\/#website\",\"url\":\"https:\\\/\\\/www.inovex.de\\\/de\\\/\",\"name\":\"inovex GmbH\",\"description\":\"\",\"publisher\":{\"@id\":\"https:\\\/\\\/www.inovex.de\\\/de\\\/#organization\"},\"potentialAction\":[{\"@type\":\"SearchAction\",\"target\":{\"@type\":\"EntryPoint\",\"urlTemplate\":\"https:\\\/\\\/www.inovex.de\\\/de\\\/?s={search_term_string}\"},\"query-input\":{\"@type\":\"PropertyValueSpecification\",\"valueRequired\":true,\"valueName\":\"search_term_string\"}}],\"inLanguage\":\"de\"},{\"@type\":\"Organization\",\"@id\":\"https:\\\/\\\/www.inovex.de\\\/de\\\/#organization\",\"name\":\"inovex GmbH\",\"url\":\"https:\\\/\\\/www.inovex.de\\\/de\\\/\",\"logo\":{\"@type\":\"ImageObject\",\"inLanguage\":\"de\",\"@id\":\"https:\\\/\\\/www.inovex.de\\\/de\\\/#\\\/schema\\\/logo\\\/image\\\/\",\"url\":\"https:\\\/\\\/www.inovex.de\\\/wp-content\\\/uploads\\\/2021\\\/03\\\/inovex-logo-16-9-1.png\",\"contentUrl\":\"https:\\\/\\\/www.inovex.de\\\/wp-content\\\/uploads\\\/2021\\\/03\\\/inovex-logo-16-9-1.png\",\"width\":1921,\"height\":1081,\"caption\":\"inovex GmbH\"},\"image\":{\"@id\":\"https:\\\/\\\/www.inovex.de\\\/de\\\/#\\\/schema\\\/logo\\\/image\\\/\"},\"sameAs\":[\"https:\\\/\\\/www.facebook.com\\\/inovexde\",\"https:\\\/\\\/x.com\\\/inovexgmbh\",\"https:\\\/\\\/www.instagram.com\\\/inovexlife\\\/\",\"https:\\\/\\\/www.linkedin.com\\\/company\\\/inovex\",\"https:\\\/\\\/www.youtube.com\\\/channel\\\/UC7r66GT14hROB_RQsQBAQUQ\"]}]}<\/script>\n<!-- \/ Yoast SEO plugin. -->","yoast_head_json":{"title":"Kubernetes | Container-Orchestrierung - inovex GmbH","description":"Mit Kubernetes Deployment, Betrieb, Wartung und Skalierung von containerbasierten Anwendungen vereinfachen und automatisieren.","robots":{"index":"index","follow":"follow","max-snippet":"max-snippet:-1","max-image-preview":"max-image-preview:large","max-video-preview":"max-video-preview:-1"},"canonical":"https:\/\/www.inovex.de\/de\/leistungen\/kubernetes\/","og_locale":"de_DE","og_type":"article","og_title":"Kubernetes | Container-Orchestrierung - inovex GmbH","og_description":"Mit Kubernetes Deployment, Betrieb, Wartung und Skalierung von containerbasierten Anwendungen vereinfachen und automatisieren.","og_url":"https:\/\/www.inovex.de\/de\/leistungen\/kubernetes\/","og_site_name":"inovex GmbH","article_publisher":"https:\/\/www.facebook.com\/inovexde","article_modified_time":"2024-08-27T09:46:42+00:00","og_image":[{"width":1280,"height":669,"url":"https:\/\/www.inovex.de\/wp-content\/uploads\/thumbnail-inovex-1024x535.jpg","type":"image\/jpeg"}],"twitter_card":"summary_large_image","twitter_image":"https:\/\/www.inovex.de\/wp-content\/uploads\/thumbnail-inovex-1024x535.jpg","twitter_site":"@inovexgmbh","schema":{"@context":"https:\/\/schema.org","@graph":[{"@type":"WebPage","@id":"https:\/\/www.inovex.de\/de\/leistungen\/kubernetes\/","url":"https:\/\/www.inovex.de\/de\/leistungen\/kubernetes\/","name":"Kubernetes | Container-Orchestrierung - inovex GmbH","isPartOf":{"@id":"https:\/\/www.inovex.de\/de\/#website"},"datePublished":"2021-03-02T08:27:42+00:00","dateModified":"2024-08-27T09:46:42+00:00","description":"Mit Kubernetes Deployment, Betrieb, Wartung und Skalierung von containerbasierten Anwendungen vereinfachen und automatisieren.","breadcrumb":{"@id":"https:\/\/www.inovex.de\/de\/leistungen\/kubernetes\/#breadcrumb"},"inLanguage":"de","potentialAction":[{"@type":"ReadAction","target":["https:\/\/www.inovex.de\/de\/leistungen\/kubernetes\/"]}]},{"@type":"BreadcrumbList","@id":"https:\/\/www.inovex.de\/de\/leistungen\/kubernetes\/#breadcrumb","itemListElement":[{"@type":"ListItem","position":1,"name":"Home","item":"https:\/\/www.inovex.de\/de\/"},{"@type":"ListItem","position":2,"name":"Leistungen","item":"https:\/\/www.inovex.de\/de\/leistungen\/"},{"@type":"ListItem","position":3,"name":"Kubernetes"}]},{"@type":"WebSite","@id":"https:\/\/www.inovex.de\/de\/#website","url":"https:\/\/www.inovex.de\/de\/","name":"inovex GmbH","description":"","publisher":{"@id":"https:\/\/www.inovex.de\/de\/#organization"},"potentialAction":[{"@type":"SearchAction","target":{"@type":"EntryPoint","urlTemplate":"https:\/\/www.inovex.de\/de\/?s={search_term_string}"},"query-input":{"@type":"PropertyValueSpecification","valueRequired":true,"valueName":"search_term_string"}}],"inLanguage":"de"},{"@type":"Organization","@id":"https:\/\/www.inovex.de\/de\/#organization","name":"inovex GmbH","url":"https:\/\/www.inovex.de\/de\/","logo":{"@type":"ImageObject","inLanguage":"de","@id":"https:\/\/www.inovex.de\/de\/#\/schema\/logo\/image\/","url":"https:\/\/www.inovex.de\/wp-content\/uploads\/2021\/03\/inovex-logo-16-9-1.png","contentUrl":"https:\/\/www.inovex.de\/wp-content\/uploads\/2021\/03\/inovex-logo-16-9-1.png","width":1921,"height":1081,"caption":"inovex GmbH"},"image":{"@id":"https:\/\/www.inovex.de\/de\/#\/schema\/logo\/image\/"},"sameAs":["https:\/\/www.facebook.com\/inovexde","https:\/\/x.com\/inovexgmbh","https:\/\/www.instagram.com\/inovexlife\/","https:\/\/www.linkedin.com\/company\/inovex","https:\/\/www.youtube.com\/channel\/UC7r66GT14hROB_RQsQBAQUQ"]}]}},"_links":{"self":[{"href":"https:\/\/www.inovex.de\/de\/wp-json\/wp\/v2\/pages\/1280","targetHints":{"allow":["GET"]}}],"collection":[{"href":"https:\/\/www.inovex.de\/de\/wp-json\/wp\/v2\/pages"}],"about":[{"href":"https:\/\/www.inovex.de\/de\/wp-json\/wp\/v2\/types\/page"}],"author":[{"embeddable":true,"href":"https:\/\/www.inovex.de\/de\/wp-json\/wp\/v2\/users\/4"}],"replies":[{"embeddable":true,"href":"https:\/\/www.inovex.de\/de\/wp-json\/wp\/v2\/comments?post=1280"}],"version-history":[{"count":7,"href":"https:\/\/www.inovex.de\/de\/wp-json\/wp\/v2\/pages\/1280\/revisions"}],"predecessor-version":[{"id":65061,"href":"https:\/\/www.inovex.de\/de\/wp-json\/wp\/v2\/pages\/1280\/revisions\/65061"}],"up":[{"embeddable":true,"href":"https:\/\/www.inovex.de\/de\/wp-json\/wp\/v2\/pages\/1681"}],"wp:attachment":[{"href":"https:\/\/www.inovex.de\/de\/wp-json\/wp\/v2\/media?parent=1280"}],"wp:term":[{"taxonomy":"author","embeddable":true,"href":"https:\/\/www.inovex.de\/de\/wp-json\/wp\/v2\/coauthors?post=1280"}],"curies":[{"name":"wp","href":"https:\/\/api.w.org\/{rel}","templated":true}]}}