{"id":1412,"date":"2021-03-19T12:50:17","date_gmt":"2021-03-19T11:50:17","guid":{"rendered":"https:\/\/www-stage.inovex.de\/?page_id=1412"},"modified":"2024-08-27T10:41:25","modified_gmt":"2024-08-27T08:41:25","slug":"ai-enabled-apps","status":"publish","type":"page","link":"https:\/\/www.inovex.de\/de\/leistungen\/artificial-intelligence\/ai-enabled-apps\/","title":{"rendered":"AI-enabled Apps"},"content":{"rendered":"","protected":false},"excerpt":{"rendered":"<p>Unsere anerkannten Expert:innen haben bereits umfassende Erfahrungen in der Umsetzung von AI-enabled Apps und dazugeh\u00f6rigen Technologien wie TensorFlow Lite. Um die optimale L\u00f6sung zu finden, greifen sie nicht nur auf etablierte Systeme zur\u00fcck, sondern erweitern auch mit Ans\u00e4tzen aus der aktuellen AI-Forschung die M\u00f6glichkeiten der Implementierung von AI in Apps. <\/p>\n","protected":false},"author":9,"featured_media":0,"parent":1301,"menu_order":0,"comment_status":"closed","ping_status":"closed","template":"","meta":{"_acf_changed":false,"inline_featured_image":false,"ep_exclude_from_search":false,"footnotes":""},"coauthors":[48],"class_list":["post-1412","page","type-page","status-publish","hentry"],"acf":[],"yoast_head":"<!-- This site is optimized with the Yoast SEO plugin v27.5 - https:\/\/yoast.com\/product\/yoast-seo-wordpress\/ -->\n<title>KI auf dem Smartphone mit AI-enabled Apps - inovex GmbH<\/title>\n<meta name=\"description\" content=\"Bei uns treffen Apps auf AI. Wir verhelfen App-Herstellern und AI-Schmieden, das volle technische Potenzial moderner AI-powered Apps auszusch\u00f6pfen.\" \/>\n<meta name=\"robots\" content=\"index, follow, max-snippet:-1, max-image-preview:large, max-video-preview:-1\" \/>\n<link rel=\"canonical\" href=\"https:\/\/www.inovex.de\/de\/leistungen\/artificial-intelligence\/ai-enabled-apps\/\" \/>\n<meta property=\"og:locale\" content=\"de_DE\" \/>\n<meta property=\"og:type\" content=\"article\" \/>\n<meta property=\"og:title\" content=\"KI auf dem Smartphone mit AI-enabled Apps - inovex GmbH\" \/>\n<meta property=\"og:description\" content=\"Bei uns treffen Apps auf AI. Wir verhelfen App-Herstellern und AI-Schmieden, das volle technische Potenzial moderner AI-powered Apps auszusch\u00f6pfen.\" \/>\n<meta property=\"og:url\" content=\"https:\/\/www.inovex.de\/de\/leistungen\/artificial-intelligence\/ai-enabled-apps\/\" \/>\n<meta property=\"og:site_name\" content=\"inovex GmbH\" \/>\n<meta property=\"article:publisher\" content=\"https:\/\/www.facebook.com\/inovexde\" \/>\n<meta property=\"article:modified_time\" content=\"2024-08-27T08:41:25+00:00\" \/>\n<meta property=\"og:image\" content=\"https:\/\/www.inovex.de\/wp-content\/uploads\/thumbnail-inovex-1024x535.jpg\" \/>\n\t<meta property=\"og:image:width\" content=\"1280\" \/>\n\t<meta property=\"og:image:height\" content=\"669\" \/>\n\t<meta property=\"og:image:type\" content=\"image\/jpeg\" \/>\n<meta name=\"twitter:card\" content=\"summary_large_image\" \/>\n<meta name=\"twitter:image\" content=\"https:\/\/www.inovex.de\/wp-content\/uploads\/thumbnail-inovex-1024x535.jpg\" \/>\n<meta name=\"twitter:site\" content=\"@inovexgmbh\" \/>\n<script type=\"application\/ld+json\" class=\"yoast-schema-graph\">{\"@context\":\"https:\\\/\\\/schema.org\",\"@graph\":[{\"@type\":\"WebPage\",\"@id\":\"https:\\\/\\\/www.inovex.de\\\/de\\\/leistungen\\\/artificial-intelligence\\\/ai-enabled-apps\\\/\",\"url\":\"https:\\\/\\\/www.inovex.de\\\/de\\\/leistungen\\\/artificial-intelligence\\\/ai-enabled-apps\\\/\",\"name\":\"KI auf dem Smartphone mit AI-enabled Apps - inovex GmbH\",\"isPartOf\":{\"@id\":\"https:\\\/\\\/www.inovex.de\\\/de\\\/#website\"},\"datePublished\":\"2021-03-19T11:50:17+00:00\",\"dateModified\":\"2024-08-27T08:41:25+00:00\",\"description\":\"Bei uns treffen Apps auf AI. Wir verhelfen App-Herstellern und AI-Schmieden, das volle technische Potenzial moderner AI-powered Apps auszusch\u00f6pfen.\",\"breadcrumb\":{\"@id\":\"https:\\\/\\\/www.inovex.de\\\/de\\\/leistungen\\\/artificial-intelligence\\\/ai-enabled-apps\\\/#breadcrumb\"},\"inLanguage\":\"de\",\"potentialAction\":[{\"@type\":\"ReadAction\",\"target\":[\"https:\\\/\\\/www.inovex.de\\\/de\\\/leistungen\\\/artificial-intelligence\\\/ai-enabled-apps\\\/\"]}]},{\"@type\":\"BreadcrumbList\",\"@id\":\"https:\\\/\\\/www.inovex.de\\\/de\\\/leistungen\\\/artificial-intelligence\\\/ai-enabled-apps\\\/#breadcrumb\",\"itemListElement\":[{\"@type\":\"ListItem\",\"position\":1,\"name\":\"Home\",\"item\":\"https:\\\/\\\/www.inovex.de\\\/de\\\/\"},{\"@type\":\"ListItem\",\"position\":2,\"name\":\"Leistungen\",\"item\":\"https:\\\/\\\/www.inovex.de\\\/de\\\/leistungen\\\/\"},{\"@type\":\"ListItem\",\"position\":3,\"name\":\"Artificial Intelligence\",\"item\":\"https:\\\/\\\/www.inovex.de\\\/de\\\/leistungen\\\/artificial-intelligence\\\/\"},{\"@type\":\"ListItem\",\"position\":4,\"name\":\"AI-enabled Apps\"}]},{\"@type\":\"WebSite\",\"@id\":\"https:\\\/\\\/www.inovex.de\\\/de\\\/#website\",\"url\":\"https:\\\/\\\/www.inovex.de\\\/de\\\/\",\"name\":\"inovex GmbH\",\"description\":\"\",\"publisher\":{\"@id\":\"https:\\\/\\\/www.inovex.de\\\/de\\\/#organization\"},\"potentialAction\":[{\"@type\":\"SearchAction\",\"target\":{\"@type\":\"EntryPoint\",\"urlTemplate\":\"https:\\\/\\\/www.inovex.de\\\/de\\\/?s={search_term_string}\"},\"query-input\":{\"@type\":\"PropertyValueSpecification\",\"valueRequired\":true,\"valueName\":\"search_term_string\"}}],\"inLanguage\":\"de\"},{\"@type\":\"Organization\",\"@id\":\"https:\\\/\\\/www.inovex.de\\\/de\\\/#organization\",\"name\":\"inovex GmbH\",\"url\":\"https:\\\/\\\/www.inovex.de\\\/de\\\/\",\"logo\":{\"@type\":\"ImageObject\",\"inLanguage\":\"de\",\"@id\":\"https:\\\/\\\/www.inovex.de\\\/de\\\/#\\\/schema\\\/logo\\\/image\\\/\",\"url\":\"https:\\\/\\\/www.inovex.de\\\/wp-content\\\/uploads\\\/2021\\\/03\\\/inovex-logo-16-9-1.png\",\"contentUrl\":\"https:\\\/\\\/www.inovex.de\\\/wp-content\\\/uploads\\\/2021\\\/03\\\/inovex-logo-16-9-1.png\",\"width\":1921,\"height\":1081,\"caption\":\"inovex GmbH\"},\"image\":{\"@id\":\"https:\\\/\\\/www.inovex.de\\\/de\\\/#\\\/schema\\\/logo\\\/image\\\/\"},\"sameAs\":[\"https:\\\/\\\/www.facebook.com\\\/inovexde\",\"https:\\\/\\\/x.com\\\/inovexgmbh\",\"https:\\\/\\\/www.instagram.com\\\/inovexlife\\\/\",\"https:\\\/\\\/www.linkedin.com\\\/company\\\/inovex\",\"https:\\\/\\\/www.youtube.com\\\/channel\\\/UC7r66GT14hROB_RQsQBAQUQ\"]}]}<\/script>\n<!-- \/ Yoast SEO plugin. -->","yoast_head_json":{"title":"KI auf dem Smartphone mit AI-enabled Apps - inovex GmbH","description":"Bei uns treffen Apps auf AI. Wir verhelfen App-Herstellern und AI-Schmieden, das volle technische Potenzial moderner AI-powered Apps auszusch\u00f6pfen.","robots":{"index":"index","follow":"follow","max-snippet":"max-snippet:-1","max-image-preview":"max-image-preview:large","max-video-preview":"max-video-preview:-1"},"canonical":"https:\/\/www.inovex.de\/de\/leistungen\/artificial-intelligence\/ai-enabled-apps\/","og_locale":"de_DE","og_type":"article","og_title":"KI auf dem Smartphone mit AI-enabled Apps - inovex GmbH","og_description":"Bei uns treffen Apps auf AI. Wir verhelfen App-Herstellern und AI-Schmieden, das volle technische Potenzial moderner AI-powered Apps auszusch\u00f6pfen.","og_url":"https:\/\/www.inovex.de\/de\/leistungen\/artificial-intelligence\/ai-enabled-apps\/","og_site_name":"inovex GmbH","article_publisher":"https:\/\/www.facebook.com\/inovexde","article_modified_time":"2024-08-27T08:41:25+00:00","og_image":[{"width":1280,"height":669,"url":"https:\/\/www.inovex.de\/wp-content\/uploads\/thumbnail-inovex-1024x535.jpg","type":"image\/jpeg"}],"twitter_card":"summary_large_image","twitter_image":"https:\/\/www.inovex.de\/wp-content\/uploads\/thumbnail-inovex-1024x535.jpg","twitter_site":"@inovexgmbh","schema":{"@context":"https:\/\/schema.org","@graph":[{"@type":"WebPage","@id":"https:\/\/www.inovex.de\/de\/leistungen\/artificial-intelligence\/ai-enabled-apps\/","url":"https:\/\/www.inovex.de\/de\/leistungen\/artificial-intelligence\/ai-enabled-apps\/","name":"KI auf dem Smartphone mit AI-enabled Apps - inovex GmbH","isPartOf":{"@id":"https:\/\/www.inovex.de\/de\/#website"},"datePublished":"2021-03-19T11:50:17+00:00","dateModified":"2024-08-27T08:41:25+00:00","description":"Bei uns treffen Apps auf AI. Wir verhelfen App-Herstellern und AI-Schmieden, das volle technische Potenzial moderner AI-powered Apps auszusch\u00f6pfen.","breadcrumb":{"@id":"https:\/\/www.inovex.de\/de\/leistungen\/artificial-intelligence\/ai-enabled-apps\/#breadcrumb"},"inLanguage":"de","potentialAction":[{"@type":"ReadAction","target":["https:\/\/www.inovex.de\/de\/leistungen\/artificial-intelligence\/ai-enabled-apps\/"]}]},{"@type":"BreadcrumbList","@id":"https:\/\/www.inovex.de\/de\/leistungen\/artificial-intelligence\/ai-enabled-apps\/#breadcrumb","itemListElement":[{"@type":"ListItem","position":1,"name":"Home","item":"https:\/\/www.inovex.de\/de\/"},{"@type":"ListItem","position":2,"name":"Leistungen","item":"https:\/\/www.inovex.de\/de\/leistungen\/"},{"@type":"ListItem","position":3,"name":"Artificial Intelligence","item":"https:\/\/www.inovex.de\/de\/leistungen\/artificial-intelligence\/"},{"@type":"ListItem","position":4,"name":"AI-enabled Apps"}]},{"@type":"WebSite","@id":"https:\/\/www.inovex.de\/de\/#website","url":"https:\/\/www.inovex.de\/de\/","name":"inovex GmbH","description":"","publisher":{"@id":"https:\/\/www.inovex.de\/de\/#organization"},"potentialAction":[{"@type":"SearchAction","target":{"@type":"EntryPoint","urlTemplate":"https:\/\/www.inovex.de\/de\/?s={search_term_string}"},"query-input":{"@type":"PropertyValueSpecification","valueRequired":true,"valueName":"search_term_string"}}],"inLanguage":"de"},{"@type":"Organization","@id":"https:\/\/www.inovex.de\/de\/#organization","name":"inovex GmbH","url":"https:\/\/www.inovex.de\/de\/","logo":{"@type":"ImageObject","inLanguage":"de","@id":"https:\/\/www.inovex.de\/de\/#\/schema\/logo\/image\/","url":"https:\/\/www.inovex.de\/wp-content\/uploads\/2021\/03\/inovex-logo-16-9-1.png","contentUrl":"https:\/\/www.inovex.de\/wp-content\/uploads\/2021\/03\/inovex-logo-16-9-1.png","width":1921,"height":1081,"caption":"inovex GmbH"},"image":{"@id":"https:\/\/www.inovex.de\/de\/#\/schema\/logo\/image\/"},"sameAs":["https:\/\/www.facebook.com\/inovexde","https:\/\/x.com\/inovexgmbh","https:\/\/www.instagram.com\/inovexlife\/","https:\/\/www.linkedin.com\/company\/inovex","https:\/\/www.youtube.com\/channel\/UC7r66GT14hROB_RQsQBAQUQ"]}]}},"_links":{"self":[{"href":"https:\/\/www.inovex.de\/de\/wp-json\/wp\/v2\/pages\/1412","targetHints":{"allow":["GET"]}}],"collection":[{"href":"https:\/\/www.inovex.de\/de\/wp-json\/wp\/v2\/pages"}],"about":[{"href":"https:\/\/www.inovex.de\/de\/wp-json\/wp\/v2\/types\/page"}],"author":[{"embeddable":true,"href":"https:\/\/www.inovex.de\/de\/wp-json\/wp\/v2\/users\/9"}],"replies":[{"embeddable":true,"href":"https:\/\/www.inovex.de\/de\/wp-json\/wp\/v2\/comments?post=1412"}],"version-history":[{"count":5,"href":"https:\/\/www.inovex.de\/de\/wp-json\/wp\/v2\/pages\/1412\/revisions"}],"predecessor-version":[{"id":52842,"href":"https:\/\/www.inovex.de\/de\/wp-json\/wp\/v2\/pages\/1412\/revisions\/52842"}],"up":[{"embeddable":true,"href":"https:\/\/www.inovex.de\/de\/wp-json\/wp\/v2\/pages\/1301"}],"wp:attachment":[{"href":"https:\/\/www.inovex.de\/de\/wp-json\/wp\/v2\/media?parent=1412"}],"wp:term":[{"taxonomy":"author","embeddable":true,"href":"https:\/\/www.inovex.de\/de\/wp-json\/wp\/v2\/coauthors?post=1412"}],"curies":[{"name":"wp","href":"https:\/\/api.w.org\/{rel}","templated":true}]}}