{"id":22766,"date":"2021-03-22T11:24:16","date_gmt":"2021-03-22T10:24:16","guid":{"rendered":"https:\/\/www-stage.inovex.de\/?page_id=22766"},"modified":"2026-02-05T12:09:52","modified_gmt":"2026-02-05T11:09:52","slug":"kollaborative-smart-contracting-plattform-kosmos","status":"publish","type":"page","link":"https:\/\/www.inovex.de\/de\/leistungen\/data-science\/kollaborative-smart-contracting-plattform-kosmos\/","title":{"rendered":"Projekt \u201eKOSMoS\u201c"},"content":{"rendered":"","protected":false},"excerpt":{"rendered":"<p>Das Projekt\u00a0KOSMoS, das durch das\u00a0Bundesministerium f\u00fcr Bildung und Forschung\u00a0gef\u00f6rdert wird, hat das Ziel,\u00a0produzierende Unternehmen miteinander zu verbinden und damit ein sicheres, digitales Wertsch\u00f6pfungsnetz \u00fcber die Unternehmensgrenzen hinweg zu schaffen. Im Konsortium der neun Projektpartner ist inovex der Experte f\u00fcr\u00a0Data Management und Analytics.<\/p>\n","protected":false},"author":5,"featured_media":57534,"parent":1284,"menu_order":0,"comment_status":"closed","ping_status":"closed","template":"","meta":{"_acf_changed":false,"inline_featured_image":false,"ep_exclude_from_search":false,"footnotes":""},"coauthors":[58],"class_list":["post-22766","page","type-page","status-publish","has-post-thumbnail","hentry"],"acf":[],"yoast_head":"<!-- This site is optimized with the Yoast SEO plugin v26.5 - https:\/\/yoast.com\/wordpress\/plugins\/seo\/ -->\n<title>Projekt \u201eKOSMoS\u201c | Vernetzung von Unternehmen - inovex GmbH<\/title>\n<meta name=\"description\" content=\"Im Rahmen des Gemeinschaftsprojekts KOSMoS wird eine Plattform zur Vernetzung von Produktions- und Prozessdaten geschaffen.\" \/>\n<meta name=\"robots\" content=\"index, follow, max-snippet:-1, max-image-preview:large, max-video-preview:-1\" \/>\n<link rel=\"canonical\" href=\"https:\/\/www.inovex.de\/de\/leistungen\/data-science\/kollaborative-smart-contracting-plattform-kosmos\/\" \/>\n<meta property=\"og:locale\" content=\"de_DE\" \/>\n<meta property=\"og:type\" content=\"article\" \/>\n<meta property=\"og:title\" content=\"Projekt \u201eKOSMoS\u201c | Vernetzung von Unternehmen - inovex GmbH\" \/>\n<meta property=\"og:description\" content=\"Im Rahmen des Gemeinschaftsprojekts KOSMoS wird eine Plattform zur Vernetzung von Produktions- und Prozessdaten geschaffen.\" \/>\n<meta property=\"og:url\" content=\"https:\/\/www.inovex.de\/de\/leistungen\/data-science\/kollaborative-smart-contracting-plattform-kosmos\/\" \/>\n<meta property=\"og:site_name\" content=\"inovex GmbH\" \/>\n<meta property=\"article:publisher\" content=\"https:\/\/www.facebook.com\/inovexde\" \/>\n<meta property=\"article:modified_time\" content=\"2026-02-05T11:09:52+00:00\" \/>\n<meta property=\"og:image\" content=\"https:\/\/www.inovex.de\/wp-content\/uploads\/Linkedin-Thumbnails_Data-Science.png\" \/>\n\t<meta property=\"og:image:width\" content=\"1200\" \/>\n\t<meta property=\"og:image:height\" content=\"627\" \/>\n\t<meta property=\"og:image:type\" content=\"image\/png\" \/>\n<meta name=\"twitter:card\" content=\"summary_large_image\" \/>\n<meta name=\"twitter:image\" content=\"https:\/\/www.inovex.de\/wp-content\/uploads\/Linkedin-Thumbnails_Data-Science-1024x535.png\" \/>\n<meta name=\"twitter:site\" content=\"@inovexgmbh\" \/>\n<meta name=\"twitter:label1\" content=\"Written by\" \/>\n\t<meta name=\"twitter:data1\" content=\"Christina Rasimus-Aust\" \/>\n<script type=\"application\/ld+json\" class=\"yoast-schema-graph\">{\"@context\":\"https:\/\/schema.org\",\"@graph\":[{\"@type\":\"WebPage\",\"@id\":\"https:\/\/www.inovex.de\/de\/leistungen\/data-science\/kollaborative-smart-contracting-plattform-kosmos\/\",\"url\":\"https:\/\/www.inovex.de\/de\/leistungen\/data-science\/kollaborative-smart-contracting-plattform-kosmos\/\",\"name\":\"Projekt \u201eKOSMoS\u201c | Vernetzung von Unternehmen - inovex GmbH\",\"isPartOf\":{\"@id\":\"https:\/\/www.inovex.de\/de\/#website\"},\"primaryImageOfPage\":{\"@id\":\"https:\/\/www.inovex.de\/de\/leistungen\/data-science\/kollaborative-smart-contracting-plattform-kosmos\/#primaryimage\"},\"image\":{\"@id\":\"https:\/\/www.inovex.de\/de\/leistungen\/data-science\/kollaborative-smart-contracting-plattform-kosmos\/#primaryimage\"},\"thumbnailUrl\":\"https:\/\/www.inovex.de\/wp-content\/uploads\/Linkedin-Thumbnails_Data-Science.png\",\"datePublished\":\"2021-03-22T10:24:16+00:00\",\"dateModified\":\"2026-02-05T11:09:52+00:00\",\"description\":\"Im Rahmen des Gemeinschaftsprojekts KOSMoS wird eine Plattform zur Vernetzung von Produktions- und Prozessdaten geschaffen.\",\"breadcrumb\":{\"@id\":\"https:\/\/www.inovex.de\/de\/leistungen\/data-science\/kollaborative-smart-contracting-plattform-kosmos\/#breadcrumb\"},\"inLanguage\":\"de\",\"potentialAction\":[{\"@type\":\"ReadAction\",\"target\":[\"https:\/\/www.inovex.de\/de\/leistungen\/data-science\/kollaborative-smart-contracting-plattform-kosmos\/\"]}]},{\"@type\":\"ImageObject\",\"inLanguage\":\"de\",\"@id\":\"https:\/\/www.inovex.de\/de\/leistungen\/data-science\/kollaborative-smart-contracting-plattform-kosmos\/#primaryimage\",\"url\":\"https:\/\/www.inovex.de\/wp-content\/uploads\/Linkedin-Thumbnails_Data-Science.png\",\"contentUrl\":\"https:\/\/www.inovex.de\/wp-content\/uploads\/Linkedin-Thumbnails_Data-Science.png\",\"width\":1200,\"height\":627,\"caption\":\"inovex Thumbnail zum Thema Data Science\"},{\"@type\":\"BreadcrumbList\",\"@id\":\"https:\/\/www.inovex.de\/de\/leistungen\/data-science\/kollaborative-smart-contracting-plattform-kosmos\/#breadcrumb\",\"itemListElement\":[{\"@type\":\"ListItem\",\"position\":1,\"name\":\"Home\",\"item\":\"https:\/\/www.inovex.de\/de\/\"},{\"@type\":\"ListItem\",\"position\":2,\"name\":\"Leistungen\",\"item\":\"https:\/\/www.inovex.de\/de\/leistungen\/\"},{\"@type\":\"ListItem\",\"position\":3,\"name\":\"Data Science\",\"item\":\"https:\/\/www.inovex.de\/de\/leistungen\/data-science\/\"},{\"@type\":\"ListItem\",\"position\":4,\"name\":\"Projekt \u201eKOSMoS\u201c\"}]},{\"@type\":\"WebSite\",\"@id\":\"https:\/\/www.inovex.de\/de\/#website\",\"url\":\"https:\/\/www.inovex.de\/de\/\",\"name\":\"inovex GmbH\",\"description\":\"\",\"publisher\":{\"@id\":\"https:\/\/www.inovex.de\/de\/#organization\"},\"potentialAction\":[{\"@type\":\"SearchAction\",\"target\":{\"@type\":\"EntryPoint\",\"urlTemplate\":\"https:\/\/www.inovex.de\/de\/?s={search_term_string}\"},\"query-input\":{\"@type\":\"PropertyValueSpecification\",\"valueRequired\":true,\"valueName\":\"search_term_string\"}}],\"inLanguage\":\"de\"},{\"@type\":\"Organization\",\"@id\":\"https:\/\/www.inovex.de\/de\/#organization\",\"name\":\"inovex GmbH\",\"url\":\"https:\/\/www.inovex.de\/de\/\",\"logo\":{\"@type\":\"ImageObject\",\"inLanguage\":\"de\",\"@id\":\"https:\/\/www.inovex.de\/de\/#\/schema\/logo\/image\/\",\"url\":\"https:\/\/www.inovex.de\/wp-content\/uploads\/2021\/03\/inovex-logo-16-9-1.png\",\"contentUrl\":\"https:\/\/www.inovex.de\/wp-content\/uploads\/2021\/03\/inovex-logo-16-9-1.png\",\"width\":1921,\"height\":1081,\"caption\":\"inovex GmbH\"},\"image\":{\"@id\":\"https:\/\/www.inovex.de\/de\/#\/schema\/logo\/image\/\"},\"sameAs\":[\"https:\/\/www.facebook.com\/inovexde\",\"https:\/\/x.com\/inovexgmbh\",\"https:\/\/www.instagram.com\/inovexlife\/\",\"https:\/\/www.linkedin.com\/company\/inovex\",\"https:\/\/www.youtube.com\/channel\/UC7r66GT14hROB_RQsQBAQUQ\"]}]}<\/script>\n<!-- \/ Yoast SEO plugin. -->","yoast_head_json":{"title":"Projekt \u201eKOSMoS\u201c | Vernetzung von Unternehmen - inovex GmbH","description":"Im Rahmen des Gemeinschaftsprojekts KOSMoS wird eine Plattform zur Vernetzung von Produktions- und Prozessdaten geschaffen.","robots":{"index":"index","follow":"follow","max-snippet":"max-snippet:-1","max-image-preview":"max-image-preview:large","max-video-preview":"max-video-preview:-1"},"canonical":"https:\/\/www.inovex.de\/de\/leistungen\/data-science\/kollaborative-smart-contracting-plattform-kosmos\/","og_locale":"de_DE","og_type":"article","og_title":"Projekt \u201eKOSMoS\u201c | Vernetzung von Unternehmen - inovex GmbH","og_description":"Im Rahmen des Gemeinschaftsprojekts KOSMoS wird eine Plattform zur Vernetzung von Produktions- und Prozessdaten geschaffen.","og_url":"https:\/\/www.inovex.de\/de\/leistungen\/data-science\/kollaborative-smart-contracting-plattform-kosmos\/","og_site_name":"inovex GmbH","article_publisher":"https:\/\/www.facebook.com\/inovexde","article_modified_time":"2026-02-05T11:09:52+00:00","og_image":[{"width":1200,"height":627,"url":"https:\/\/www.inovex.de\/wp-content\/uploads\/Linkedin-Thumbnails_Data-Science.png","type":"image\/png"}],"twitter_card":"summary_large_image","twitter_image":"https:\/\/www.inovex.de\/wp-content\/uploads\/Linkedin-Thumbnails_Data-Science-1024x535.png","twitter_site":"@inovexgmbh","twitter_misc":{"Written by":"Christina Rasimus-Aust"},"schema":{"@context":"https:\/\/schema.org","@graph":[{"@type":"WebPage","@id":"https:\/\/www.inovex.de\/de\/leistungen\/data-science\/kollaborative-smart-contracting-plattform-kosmos\/","url":"https:\/\/www.inovex.de\/de\/leistungen\/data-science\/kollaborative-smart-contracting-plattform-kosmos\/","name":"Projekt \u201eKOSMoS\u201c | Vernetzung von Unternehmen - inovex GmbH","isPartOf":{"@id":"https:\/\/www.inovex.de\/de\/#website"},"primaryImageOfPage":{"@id":"https:\/\/www.inovex.de\/de\/leistungen\/data-science\/kollaborative-smart-contracting-plattform-kosmos\/#primaryimage"},"image":{"@id":"https:\/\/www.inovex.de\/de\/leistungen\/data-science\/kollaborative-smart-contracting-plattform-kosmos\/#primaryimage"},"thumbnailUrl":"https:\/\/www.inovex.de\/wp-content\/uploads\/Linkedin-Thumbnails_Data-Science.png","datePublished":"2021-03-22T10:24:16+00:00","dateModified":"2026-02-05T11:09:52+00:00","description":"Im Rahmen des Gemeinschaftsprojekts KOSMoS wird eine Plattform zur Vernetzung von Produktions- und Prozessdaten geschaffen.","breadcrumb":{"@id":"https:\/\/www.inovex.de\/de\/leistungen\/data-science\/kollaborative-smart-contracting-plattform-kosmos\/#breadcrumb"},"inLanguage":"de","potentialAction":[{"@type":"ReadAction","target":["https:\/\/www.inovex.de\/de\/leistungen\/data-science\/kollaborative-smart-contracting-plattform-kosmos\/"]}]},{"@type":"ImageObject","inLanguage":"de","@id":"https:\/\/www.inovex.de\/de\/leistungen\/data-science\/kollaborative-smart-contracting-plattform-kosmos\/#primaryimage","url":"https:\/\/www.inovex.de\/wp-content\/uploads\/Linkedin-Thumbnails_Data-Science.png","contentUrl":"https:\/\/www.inovex.de\/wp-content\/uploads\/Linkedin-Thumbnails_Data-Science.png","width":1200,"height":627,"caption":"inovex Thumbnail zum Thema Data Science"},{"@type":"BreadcrumbList","@id":"https:\/\/www.inovex.de\/de\/leistungen\/data-science\/kollaborative-smart-contracting-plattform-kosmos\/#breadcrumb","itemListElement":[{"@type":"ListItem","position":1,"name":"Home","item":"https:\/\/www.inovex.de\/de\/"},{"@type":"ListItem","position":2,"name":"Leistungen","item":"https:\/\/www.inovex.de\/de\/leistungen\/"},{"@type":"ListItem","position":3,"name":"Data Science","item":"https:\/\/www.inovex.de\/de\/leistungen\/data-science\/"},{"@type":"ListItem","position":4,"name":"Projekt \u201eKOSMoS\u201c"}]},{"@type":"WebSite","@id":"https:\/\/www.inovex.de\/de\/#website","url":"https:\/\/www.inovex.de\/de\/","name":"inovex GmbH","description":"","publisher":{"@id":"https:\/\/www.inovex.de\/de\/#organization"},"potentialAction":[{"@type":"SearchAction","target":{"@type":"EntryPoint","urlTemplate":"https:\/\/www.inovex.de\/de\/?s={search_term_string}"},"query-input":{"@type":"PropertyValueSpecification","valueRequired":true,"valueName":"search_term_string"}}],"inLanguage":"de"},{"@type":"Organization","@id":"https:\/\/www.inovex.de\/de\/#organization","name":"inovex GmbH","url":"https:\/\/www.inovex.de\/de\/","logo":{"@type":"ImageObject","inLanguage":"de","@id":"https:\/\/www.inovex.de\/de\/#\/schema\/logo\/image\/","url":"https:\/\/www.inovex.de\/wp-content\/uploads\/2021\/03\/inovex-logo-16-9-1.png","contentUrl":"https:\/\/www.inovex.de\/wp-content\/uploads\/2021\/03\/inovex-logo-16-9-1.png","width":1921,"height":1081,"caption":"inovex GmbH"},"image":{"@id":"https:\/\/www.inovex.de\/de\/#\/schema\/logo\/image\/"},"sameAs":["https:\/\/www.facebook.com\/inovexde","https:\/\/x.com\/inovexgmbh","https:\/\/www.instagram.com\/inovexlife\/","https:\/\/www.linkedin.com\/company\/inovex","https:\/\/www.youtube.com\/channel\/UC7r66GT14hROB_RQsQBAQUQ"]}]}},"_links":{"self":[{"href":"https:\/\/www.inovex.de\/de\/wp-json\/wp\/v2\/pages\/22766","targetHints":{"allow":["GET"]}}],"collection":[{"href":"https:\/\/www.inovex.de\/de\/wp-json\/wp\/v2\/pages"}],"about":[{"href":"https:\/\/www.inovex.de\/de\/wp-json\/wp\/v2\/types\/page"}],"author":[{"embeddable":true,"href":"https:\/\/www.inovex.de\/de\/wp-json\/wp\/v2\/users\/5"}],"replies":[{"embeddable":true,"href":"https:\/\/www.inovex.de\/de\/wp-json\/wp\/v2\/comments?post=22766"}],"version-history":[{"count":6,"href":"https:\/\/www.inovex.de\/de\/wp-json\/wp\/v2\/pages\/22766\/revisions"}],"predecessor-version":[{"id":66006,"href":"https:\/\/www.inovex.de\/de\/wp-json\/wp\/v2\/pages\/22766\/revisions\/66006"}],"up":[{"embeddable":true,"href":"https:\/\/www.inovex.de\/de\/wp-json\/wp\/v2\/pages\/1284"}],"wp:featuredmedia":[{"embeddable":true,"href":"https:\/\/www.inovex.de\/de\/wp-json\/wp\/v2\/media\/57534"}],"wp:attachment":[{"href":"https:\/\/www.inovex.de\/de\/wp-json\/wp\/v2\/media?parent=22766"}],"wp:term":[{"taxonomy":"author","embeddable":true,"href":"https:\/\/www.inovex.de\/de\/wp-json\/wp\/v2\/coauthors?post=22766"}],"curies":[{"name":"wp","href":"https:\/\/api.w.org\/{rel}","templated":true}]}}