{"id":24669,"date":"2021-04-12T10:25:04","date_gmt":"2021-04-12T09:25:04","guid":{"rendered":"https:\/\/www-stage.inovex.de\/?page_id=24669"},"modified":"2026-03-24T11:12:51","modified_gmt":"2026-03-24T10:12:51","slug":"academy","status":"publish","type":"page","link":"https:\/\/www.inovex.de\/de\/academy\/","title":{"rendered":"Academy"},"content":{"rendered":"","protected":false},"excerpt":{"rendered":"<p>Trainings der inovex Academy haben den Anspruch, Wissen zu vermitteln, das man nicht aus B\u00fcchern lernen kann. Wir sind der Meinung, dass ein Training umso besser ist, je weniger \u201efrontale\u201c Anteile es enth\u00e4lt \u2013 der Trainer tr\u00e4gt vor, die Teilnehmer:innen h\u00f6ren passiv zu. Wir setzen stattdessen auf interaktive \u00dcbungen, die alle Teilnehmer:innen einbeziehen.<\/p>\n","protected":false},"author":2,"featured_media":0,"parent":0,"menu_order":0,"comment_status":"closed","ping_status":"closed","template":"","meta":{"_acf_changed":false,"inline_featured_image":false,"ep_exclude_from_search":false,"footnotes":""},"coauthors":[409],"class_list":["post-24669","page","type-page","status-publish","hentry"],"acf":[],"yoast_head":"<!-- This site is optimized with the Yoast SEO plugin v26.5 - https:\/\/yoast.com\/wordpress\/plugins\/seo\/ -->\n<title>Academy - inovex GmbH<\/title>\n<meta name=\"description\" content=\"Trainings der inovex Academy vermitteln Wissen, das man nicht aus B\u00fcchern lernen kann. Praxisnah und individuell vermittelt.\" \/>\n<meta name=\"robots\" content=\"index, follow, max-snippet:-1, max-image-preview:large, max-video-preview:-1\" \/>\n<link rel=\"canonical\" href=\"https:\/\/www.inovex.de\/de\/academy\/\" \/>\n<meta property=\"og:locale\" content=\"de_DE\" \/>\n<meta property=\"og:type\" content=\"article\" \/>\n<meta property=\"og:title\" content=\"Academy - inovex GmbH\" \/>\n<meta property=\"og:description\" content=\"Trainings der inovex Academy vermitteln Wissen, das man nicht aus B\u00fcchern lernen kann. Praxisnah und individuell vermittelt.\" \/>\n<meta property=\"og:url\" content=\"https:\/\/www.inovex.de\/de\/academy\/\" \/>\n<meta property=\"og:site_name\" content=\"inovex GmbH\" \/>\n<meta property=\"article:publisher\" content=\"https:\/\/www.facebook.com\/inovexde\" \/>\n<meta property=\"article:modified_time\" content=\"2026-03-24T10:12:51+00:00\" \/>\n<meta property=\"og:image\" content=\"https:\/\/www.inovex.de\/wp-content\/uploads\/thumbnail-inovex-1024x535.jpg\" \/>\n\t<meta property=\"og:image:width\" content=\"1280\" \/>\n\t<meta property=\"og:image:height\" content=\"669\" \/>\n\t<meta property=\"og:image:type\" content=\"image\/jpeg\" \/>\n<meta name=\"twitter:card\" content=\"summary_large_image\" \/>\n<meta name=\"twitter:image\" content=\"https:\/\/www.inovex.de\/wp-content\/uploads\/thumbnail-inovex-1024x535.jpg\" \/>\n<meta name=\"twitter:site\" content=\"@inovexgmbh\" \/>\n<script type=\"application\/ld+json\" class=\"yoast-schema-graph\">{\"@context\":\"https:\/\/schema.org\",\"@graph\":[{\"@type\":\"WebPage\",\"@id\":\"https:\/\/www.inovex.de\/de\/academy\/\",\"url\":\"https:\/\/www.inovex.de\/de\/academy\/\",\"name\":\"Academy - inovex GmbH\",\"isPartOf\":{\"@id\":\"https:\/\/www.inovex.de\/de\/#website\"},\"datePublished\":\"2021-04-12T09:25:04+00:00\",\"dateModified\":\"2026-03-24T10:12:51+00:00\",\"description\":\"Trainings der inovex Academy vermitteln Wissen, das man nicht aus B\u00fcchern lernen kann. Praxisnah und individuell vermittelt.\",\"breadcrumb\":{\"@id\":\"https:\/\/www.inovex.de\/de\/academy\/#breadcrumb\"},\"inLanguage\":\"de\",\"potentialAction\":[{\"@type\":\"ReadAction\",\"target\":[\"https:\/\/www.inovex.de\/de\/academy\/\"]}]},{\"@type\":\"BreadcrumbList\",\"@id\":\"https:\/\/www.inovex.de\/de\/academy\/#breadcrumb\",\"itemListElement\":[{\"@type\":\"ListItem\",\"position\":1,\"name\":\"Home\",\"item\":\"https:\/\/www.inovex.de\/de\/\"},{\"@type\":\"ListItem\",\"position\":2,\"name\":\"Academy\"}]},{\"@type\":\"WebSite\",\"@id\":\"https:\/\/www.inovex.de\/de\/#website\",\"url\":\"https:\/\/www.inovex.de\/de\/\",\"name\":\"inovex GmbH\",\"description\":\"\",\"publisher\":{\"@id\":\"https:\/\/www.inovex.de\/de\/#organization\"},\"potentialAction\":[{\"@type\":\"SearchAction\",\"target\":{\"@type\":\"EntryPoint\",\"urlTemplate\":\"https:\/\/www.inovex.de\/de\/?s={search_term_string}\"},\"query-input\":{\"@type\":\"PropertyValueSpecification\",\"valueRequired\":true,\"valueName\":\"search_term_string\"}}],\"inLanguage\":\"de\"},{\"@type\":\"Organization\",\"@id\":\"https:\/\/www.inovex.de\/de\/#organization\",\"name\":\"inovex GmbH\",\"url\":\"https:\/\/www.inovex.de\/de\/\",\"logo\":{\"@type\":\"ImageObject\",\"inLanguage\":\"de\",\"@id\":\"https:\/\/www.inovex.de\/de\/#\/schema\/logo\/image\/\",\"url\":\"https:\/\/www.inovex.de\/wp-content\/uploads\/2021\/03\/inovex-logo-16-9-1.png\",\"contentUrl\":\"https:\/\/www.inovex.de\/wp-content\/uploads\/2021\/03\/inovex-logo-16-9-1.png\",\"width\":1921,\"height\":1081,\"caption\":\"inovex GmbH\"},\"image\":{\"@id\":\"https:\/\/www.inovex.de\/de\/#\/schema\/logo\/image\/\"},\"sameAs\":[\"https:\/\/www.facebook.com\/inovexde\",\"https:\/\/x.com\/inovexgmbh\",\"https:\/\/www.instagram.com\/inovexlife\/\",\"https:\/\/www.linkedin.com\/company\/inovex\",\"https:\/\/www.youtube.com\/channel\/UC7r66GT14hROB_RQsQBAQUQ\"]}]}<\/script>\n<!-- \/ Yoast SEO plugin. -->","yoast_head_json":{"title":"Academy - inovex GmbH","description":"Trainings der inovex Academy vermitteln Wissen, das man nicht aus B\u00fcchern lernen kann. Praxisnah und individuell vermittelt.","robots":{"index":"index","follow":"follow","max-snippet":"max-snippet:-1","max-image-preview":"max-image-preview:large","max-video-preview":"max-video-preview:-1"},"canonical":"https:\/\/www.inovex.de\/de\/academy\/","og_locale":"de_DE","og_type":"article","og_title":"Academy - inovex GmbH","og_description":"Trainings der inovex Academy vermitteln Wissen, das man nicht aus B\u00fcchern lernen kann. Praxisnah und individuell vermittelt.","og_url":"https:\/\/www.inovex.de\/de\/academy\/","og_site_name":"inovex GmbH","article_publisher":"https:\/\/www.facebook.com\/inovexde","article_modified_time":"2026-03-24T10:12:51+00:00","og_image":[{"width":1280,"height":669,"url":"https:\/\/www.inovex.de\/wp-content\/uploads\/thumbnail-inovex-1024x535.jpg","type":"image\/jpeg"}],"twitter_card":"summary_large_image","twitter_image":"https:\/\/www.inovex.de\/wp-content\/uploads\/thumbnail-inovex-1024x535.jpg","twitter_site":"@inovexgmbh","schema":{"@context":"https:\/\/schema.org","@graph":[{"@type":"WebPage","@id":"https:\/\/www.inovex.de\/de\/academy\/","url":"https:\/\/www.inovex.de\/de\/academy\/","name":"Academy - inovex GmbH","isPartOf":{"@id":"https:\/\/www.inovex.de\/de\/#website"},"datePublished":"2021-04-12T09:25:04+00:00","dateModified":"2026-03-24T10:12:51+00:00","description":"Trainings der inovex Academy vermitteln Wissen, das man nicht aus B\u00fcchern lernen kann. Praxisnah und individuell vermittelt.","breadcrumb":{"@id":"https:\/\/www.inovex.de\/de\/academy\/#breadcrumb"},"inLanguage":"de","potentialAction":[{"@type":"ReadAction","target":["https:\/\/www.inovex.de\/de\/academy\/"]}]},{"@type":"BreadcrumbList","@id":"https:\/\/www.inovex.de\/de\/academy\/#breadcrumb","itemListElement":[{"@type":"ListItem","position":1,"name":"Home","item":"https:\/\/www.inovex.de\/de\/"},{"@type":"ListItem","position":2,"name":"Academy"}]},{"@type":"WebSite","@id":"https:\/\/www.inovex.de\/de\/#website","url":"https:\/\/www.inovex.de\/de\/","name":"inovex GmbH","description":"","publisher":{"@id":"https:\/\/www.inovex.de\/de\/#organization"},"potentialAction":[{"@type":"SearchAction","target":{"@type":"EntryPoint","urlTemplate":"https:\/\/www.inovex.de\/de\/?s={search_term_string}"},"query-input":{"@type":"PropertyValueSpecification","valueRequired":true,"valueName":"search_term_string"}}],"inLanguage":"de"},{"@type":"Organization","@id":"https:\/\/www.inovex.de\/de\/#organization","name":"inovex GmbH","url":"https:\/\/www.inovex.de\/de\/","logo":{"@type":"ImageObject","inLanguage":"de","@id":"https:\/\/www.inovex.de\/de\/#\/schema\/logo\/image\/","url":"https:\/\/www.inovex.de\/wp-content\/uploads\/2021\/03\/inovex-logo-16-9-1.png","contentUrl":"https:\/\/www.inovex.de\/wp-content\/uploads\/2021\/03\/inovex-logo-16-9-1.png","width":1921,"height":1081,"caption":"inovex GmbH"},"image":{"@id":"https:\/\/www.inovex.de\/de\/#\/schema\/logo\/image\/"},"sameAs":["https:\/\/www.facebook.com\/inovexde","https:\/\/x.com\/inovexgmbh","https:\/\/www.instagram.com\/inovexlife\/","https:\/\/www.linkedin.com\/company\/inovex","https:\/\/www.youtube.com\/channel\/UC7r66GT14hROB_RQsQBAQUQ"]}]}},"_links":{"self":[{"href":"https:\/\/www.inovex.de\/de\/wp-json\/wp\/v2\/pages\/24669","targetHints":{"allow":["GET"]}}],"collection":[{"href":"https:\/\/www.inovex.de\/de\/wp-json\/wp\/v2\/pages"}],"about":[{"href":"https:\/\/www.inovex.de\/de\/wp-json\/wp\/v2\/types\/page"}],"author":[{"embeddable":true,"href":"https:\/\/www.inovex.de\/de\/wp-json\/wp\/v2\/users\/2"}],"replies":[{"embeddable":true,"href":"https:\/\/www.inovex.de\/de\/wp-json\/wp\/v2\/comments?post=24669"}],"version-history":[{"count":7,"href":"https:\/\/www.inovex.de\/de\/wp-json\/wp\/v2\/pages\/24669\/revisions"}],"predecessor-version":[{"id":66860,"href":"https:\/\/www.inovex.de\/de\/wp-json\/wp\/v2\/pages\/24669\/revisions\/66860"}],"wp:attachment":[{"href":"https:\/\/www.inovex.de\/de\/wp-json\/wp\/v2\/media?parent=24669"}],"wp:term":[{"taxonomy":"author","embeddable":true,"href":"https:\/\/www.inovex.de\/de\/wp-json\/wp\/v2\/coauthors?post=24669"}],"curies":[{"name":"wp","href":"https:\/\/api.w.org\/{rel}","templated":true}]}}