{"id":27650,"date":"2021-05-10T09:39:13","date_gmt":"2021-05-10T08:39:13","guid":{"rendered":"https:\/\/www-stage.inovex.de\/?page_id=27650"},"modified":"2024-08-27T11:13:37","modified_gmt":"2024-08-27T09:13:37","slug":"conversational-ai","status":"publish","type":"page","link":"https:\/\/www.inovex.de\/de\/leistungen\/artificial-intelligence\/conversational-ai\/","title":{"rendered":"Conversational AI"},"content":{"rendered":"","protected":false},"excerpt":{"rendered":"<p>Sprachgesteuerte, AI-basierte Systeme bieten innovative und praktische L\u00f6sungen, die die Digitalisierung erlebbar machen. Sei es \u00fcber Chatbots, die eine intuitive Bedienung von sonst sehr komplexen Prozessen erm\u00f6glichen \u2013 bspw. f\u00fcr Servicepersonal \u2013, Smart Devices, die durch eingebaute Sprachfunktion erg\u00e4nzt werden, oder Voice Assistants, die einfache FAQ-Dialoge pl\u00f6tzlich lebendig gestalten.<\/p>\n","protected":false},"author":4,"featured_media":0,"parent":1301,"menu_order":0,"comment_status":"closed","ping_status":"closed","template":"","meta":{"_acf_changed":false,"inline_featured_image":false,"ep_exclude_from_search":false,"footnotes":""},"coauthors":[49],"class_list":["post-27650","page","type-page","status-publish","hentry"],"acf":[],"yoast_head":"<!-- This site is optimized with the Yoast SEO plugin v27.5 - https:\/\/yoast.com\/product\/yoast-seo-wordpress\/ -->\n<title>Conversational AI | Artificial Intelligence - inovex GmbH<\/title>\n<meta name=\"description\" content=\"Sprachgesteuerte Systeme bieten innovative L\u00f6sungen in der Digitalisierung. Wir helfen unseren Kunden Conversational AI in die Praxis umzusetzen.\" \/>\n<meta name=\"robots\" content=\"index, follow, max-snippet:-1, max-image-preview:large, max-video-preview:-1\" \/>\n<link rel=\"canonical\" href=\"https:\/\/www.inovex.de\/de\/leistungen\/artificial-intelligence\/conversational-ai\/\" \/>\n<meta property=\"og:locale\" content=\"de_DE\" \/>\n<meta property=\"og:type\" content=\"article\" \/>\n<meta property=\"og:title\" content=\"Conversational AI | Artificial Intelligence - inovex GmbH\" \/>\n<meta property=\"og:description\" content=\"Sprachgesteuerte Systeme bieten innovative L\u00f6sungen in der Digitalisierung. Wir helfen unseren Kunden Conversational AI in die Praxis umzusetzen.\" \/>\n<meta property=\"og:url\" content=\"https:\/\/www.inovex.de\/de\/leistungen\/artificial-intelligence\/conversational-ai\/\" \/>\n<meta property=\"og:site_name\" content=\"inovex GmbH\" \/>\n<meta property=\"article:publisher\" content=\"https:\/\/www.facebook.com\/inovexde\" \/>\n<meta property=\"article:modified_time\" content=\"2024-08-27T09:13:37+00:00\" \/>\n<meta property=\"og:image\" content=\"https:\/\/www.inovex.de\/wp-content\/uploads\/thumbnail-inovex-1024x535.jpg\" \/>\n\t<meta property=\"og:image:width\" content=\"1280\" \/>\n\t<meta property=\"og:image:height\" content=\"669\" \/>\n\t<meta property=\"og:image:type\" content=\"image\/jpeg\" \/>\n<meta name=\"twitter:card\" content=\"summary_large_image\" \/>\n<meta name=\"twitter:image\" content=\"https:\/\/www.inovex.de\/wp-content\/uploads\/thumbnail-inovex-1024x535.jpg\" \/>\n<meta name=\"twitter:site\" content=\"@inovexgmbh\" \/>\n<script type=\"application\/ld+json\" class=\"yoast-schema-graph\">{\"@context\":\"https:\\\/\\\/schema.org\",\"@graph\":[{\"@type\":\"WebPage\",\"@id\":\"https:\\\/\\\/www.inovex.de\\\/de\\\/leistungen\\\/artificial-intelligence\\\/conversational-ai\\\/\",\"url\":\"https:\\\/\\\/www.inovex.de\\\/de\\\/leistungen\\\/artificial-intelligence\\\/conversational-ai\\\/\",\"name\":\"Conversational AI | Artificial Intelligence - inovex GmbH\",\"isPartOf\":{\"@id\":\"https:\\\/\\\/www.inovex.de\\\/de\\\/#website\"},\"datePublished\":\"2021-05-10T08:39:13+00:00\",\"dateModified\":\"2024-08-27T09:13:37+00:00\",\"description\":\"Sprachgesteuerte Systeme bieten innovative L\u00f6sungen in der Digitalisierung. Wir helfen unseren Kunden Conversational AI in die Praxis umzusetzen.\",\"breadcrumb\":{\"@id\":\"https:\\\/\\\/www.inovex.de\\\/de\\\/leistungen\\\/artificial-intelligence\\\/conversational-ai\\\/#breadcrumb\"},\"inLanguage\":\"de\",\"potentialAction\":[{\"@type\":\"ReadAction\",\"target\":[\"https:\\\/\\\/www.inovex.de\\\/de\\\/leistungen\\\/artificial-intelligence\\\/conversational-ai\\\/\"]}]},{\"@type\":\"BreadcrumbList\",\"@id\":\"https:\\\/\\\/www.inovex.de\\\/de\\\/leistungen\\\/artificial-intelligence\\\/conversational-ai\\\/#breadcrumb\",\"itemListElement\":[{\"@type\":\"ListItem\",\"position\":1,\"name\":\"Home\",\"item\":\"https:\\\/\\\/www.inovex.de\\\/de\\\/\"},{\"@type\":\"ListItem\",\"position\":2,\"name\":\"Leistungen\",\"item\":\"https:\\\/\\\/www.inovex.de\\\/de\\\/leistungen\\\/\"},{\"@type\":\"ListItem\",\"position\":3,\"name\":\"Artificial Intelligence\",\"item\":\"https:\\\/\\\/www.inovex.de\\\/de\\\/leistungen\\\/artificial-intelligence\\\/\"},{\"@type\":\"ListItem\",\"position\":4,\"name\":\"Conversational AI\"}]},{\"@type\":\"WebSite\",\"@id\":\"https:\\\/\\\/www.inovex.de\\\/de\\\/#website\",\"url\":\"https:\\\/\\\/www.inovex.de\\\/de\\\/\",\"name\":\"inovex GmbH\",\"description\":\"\",\"publisher\":{\"@id\":\"https:\\\/\\\/www.inovex.de\\\/de\\\/#organization\"},\"potentialAction\":[{\"@type\":\"SearchAction\",\"target\":{\"@type\":\"EntryPoint\",\"urlTemplate\":\"https:\\\/\\\/www.inovex.de\\\/de\\\/?s={search_term_string}\"},\"query-input\":{\"@type\":\"PropertyValueSpecification\",\"valueRequired\":true,\"valueName\":\"search_term_string\"}}],\"inLanguage\":\"de\"},{\"@type\":\"Organization\",\"@id\":\"https:\\\/\\\/www.inovex.de\\\/de\\\/#organization\",\"name\":\"inovex GmbH\",\"url\":\"https:\\\/\\\/www.inovex.de\\\/de\\\/\",\"logo\":{\"@type\":\"ImageObject\",\"inLanguage\":\"de\",\"@id\":\"https:\\\/\\\/www.inovex.de\\\/de\\\/#\\\/schema\\\/logo\\\/image\\\/\",\"url\":\"https:\\\/\\\/www.inovex.de\\\/wp-content\\\/uploads\\\/2021\\\/03\\\/inovex-logo-16-9-1.png\",\"contentUrl\":\"https:\\\/\\\/www.inovex.de\\\/wp-content\\\/uploads\\\/2021\\\/03\\\/inovex-logo-16-9-1.png\",\"width\":1921,\"height\":1081,\"caption\":\"inovex GmbH\"},\"image\":{\"@id\":\"https:\\\/\\\/www.inovex.de\\\/de\\\/#\\\/schema\\\/logo\\\/image\\\/\"},\"sameAs\":[\"https:\\\/\\\/www.facebook.com\\\/inovexde\",\"https:\\\/\\\/x.com\\\/inovexgmbh\",\"https:\\\/\\\/www.instagram.com\\\/inovexlife\\\/\",\"https:\\\/\\\/www.linkedin.com\\\/company\\\/inovex\",\"https:\\\/\\\/www.youtube.com\\\/channel\\\/UC7r66GT14hROB_RQsQBAQUQ\"]}]}<\/script>\n<!-- \/ Yoast SEO plugin. -->","yoast_head_json":{"title":"Conversational AI | Artificial Intelligence - inovex GmbH","description":"Sprachgesteuerte Systeme bieten innovative L\u00f6sungen in der Digitalisierung. Wir helfen unseren Kunden Conversational AI in die Praxis umzusetzen.","robots":{"index":"index","follow":"follow","max-snippet":"max-snippet:-1","max-image-preview":"max-image-preview:large","max-video-preview":"max-video-preview:-1"},"canonical":"https:\/\/www.inovex.de\/de\/leistungen\/artificial-intelligence\/conversational-ai\/","og_locale":"de_DE","og_type":"article","og_title":"Conversational AI | Artificial Intelligence - inovex GmbH","og_description":"Sprachgesteuerte Systeme bieten innovative L\u00f6sungen in der Digitalisierung. Wir helfen unseren Kunden Conversational AI in die Praxis umzusetzen.","og_url":"https:\/\/www.inovex.de\/de\/leistungen\/artificial-intelligence\/conversational-ai\/","og_site_name":"inovex GmbH","article_publisher":"https:\/\/www.facebook.com\/inovexde","article_modified_time":"2024-08-27T09:13:37+00:00","og_image":[{"width":1280,"height":669,"url":"https:\/\/www.inovex.de\/wp-content\/uploads\/thumbnail-inovex-1024x535.jpg","type":"image\/jpeg"}],"twitter_card":"summary_large_image","twitter_image":"https:\/\/www.inovex.de\/wp-content\/uploads\/thumbnail-inovex-1024x535.jpg","twitter_site":"@inovexgmbh","schema":{"@context":"https:\/\/schema.org","@graph":[{"@type":"WebPage","@id":"https:\/\/www.inovex.de\/de\/leistungen\/artificial-intelligence\/conversational-ai\/","url":"https:\/\/www.inovex.de\/de\/leistungen\/artificial-intelligence\/conversational-ai\/","name":"Conversational AI | Artificial Intelligence - inovex GmbH","isPartOf":{"@id":"https:\/\/www.inovex.de\/de\/#website"},"datePublished":"2021-05-10T08:39:13+00:00","dateModified":"2024-08-27T09:13:37+00:00","description":"Sprachgesteuerte Systeme bieten innovative L\u00f6sungen in der Digitalisierung. Wir helfen unseren Kunden Conversational AI in die Praxis umzusetzen.","breadcrumb":{"@id":"https:\/\/www.inovex.de\/de\/leistungen\/artificial-intelligence\/conversational-ai\/#breadcrumb"},"inLanguage":"de","potentialAction":[{"@type":"ReadAction","target":["https:\/\/www.inovex.de\/de\/leistungen\/artificial-intelligence\/conversational-ai\/"]}]},{"@type":"BreadcrumbList","@id":"https:\/\/www.inovex.de\/de\/leistungen\/artificial-intelligence\/conversational-ai\/#breadcrumb","itemListElement":[{"@type":"ListItem","position":1,"name":"Home","item":"https:\/\/www.inovex.de\/de\/"},{"@type":"ListItem","position":2,"name":"Leistungen","item":"https:\/\/www.inovex.de\/de\/leistungen\/"},{"@type":"ListItem","position":3,"name":"Artificial Intelligence","item":"https:\/\/www.inovex.de\/de\/leistungen\/artificial-intelligence\/"},{"@type":"ListItem","position":4,"name":"Conversational AI"}]},{"@type":"WebSite","@id":"https:\/\/www.inovex.de\/de\/#website","url":"https:\/\/www.inovex.de\/de\/","name":"inovex GmbH","description":"","publisher":{"@id":"https:\/\/www.inovex.de\/de\/#organization"},"potentialAction":[{"@type":"SearchAction","target":{"@type":"EntryPoint","urlTemplate":"https:\/\/www.inovex.de\/de\/?s={search_term_string}"},"query-input":{"@type":"PropertyValueSpecification","valueRequired":true,"valueName":"search_term_string"}}],"inLanguage":"de"},{"@type":"Organization","@id":"https:\/\/www.inovex.de\/de\/#organization","name":"inovex GmbH","url":"https:\/\/www.inovex.de\/de\/","logo":{"@type":"ImageObject","inLanguage":"de","@id":"https:\/\/www.inovex.de\/de\/#\/schema\/logo\/image\/","url":"https:\/\/www.inovex.de\/wp-content\/uploads\/2021\/03\/inovex-logo-16-9-1.png","contentUrl":"https:\/\/www.inovex.de\/wp-content\/uploads\/2021\/03\/inovex-logo-16-9-1.png","width":1921,"height":1081,"caption":"inovex GmbH"},"image":{"@id":"https:\/\/www.inovex.de\/de\/#\/schema\/logo\/image\/"},"sameAs":["https:\/\/www.facebook.com\/inovexde","https:\/\/x.com\/inovexgmbh","https:\/\/www.instagram.com\/inovexlife\/","https:\/\/www.linkedin.com\/company\/inovex","https:\/\/www.youtube.com\/channel\/UC7r66GT14hROB_RQsQBAQUQ"]}]}},"_links":{"self":[{"href":"https:\/\/www.inovex.de\/de\/wp-json\/wp\/v2\/pages\/27650","targetHints":{"allow":["GET"]}}],"collection":[{"href":"https:\/\/www.inovex.de\/de\/wp-json\/wp\/v2\/pages"}],"about":[{"href":"https:\/\/www.inovex.de\/de\/wp-json\/wp\/v2\/types\/page"}],"author":[{"embeddable":true,"href":"https:\/\/www.inovex.de\/de\/wp-json\/wp\/v2\/users\/4"}],"replies":[{"embeddable":true,"href":"https:\/\/www.inovex.de\/de\/wp-json\/wp\/v2\/comments?post=27650"}],"version-history":[{"count":6,"href":"https:\/\/www.inovex.de\/de\/wp-json\/wp\/v2\/pages\/27650\/revisions"}],"predecessor-version":[{"id":54578,"href":"https:\/\/www.inovex.de\/de\/wp-json\/wp\/v2\/pages\/27650\/revisions\/54578"}],"up":[{"embeddable":true,"href":"https:\/\/www.inovex.de\/de\/wp-json\/wp\/v2\/pages\/1301"}],"wp:attachment":[{"href":"https:\/\/www.inovex.de\/de\/wp-json\/wp\/v2\/media?parent=27650"}],"wp:term":[{"taxonomy":"author","embeddable":true,"href":"https:\/\/www.inovex.de\/de\/wp-json\/wp\/v2\/coauthors?post=27650"}],"curies":[{"name":"wp","href":"https:\/\/api.w.org\/{rel}","templated":true}]}}