{"id":36822,"date":"2022-06-30T15:02:48","date_gmt":"2022-06-30T13:02:48","guid":{"rendered":"https:\/\/www.inovex.de\/?page_id=36822"},"modified":"2024-07-12T07:36:32","modified_gmt":"2024-07-12T05:36:32","slug":"projekt-inocube","status":"publish","type":"page","link":"https:\/\/www.inovex.de\/de\/leistungen\/internet-of-things\/projekt-inocube\/","title":{"rendered":"Projekt \u201einoCube\u201c"},"content":{"rendered":"","protected":false},"excerpt":{"rendered":"<p>Der inoCube ist eine Plattform, die es erm\u00f6glicht, abseits von Kundenprojekten die cross-funktionale Zusammenarbeit zu f\u00f6rdern und die Begeisterung f\u00fcr innovative Technologiel\u00f6sungen mit anderen zu teilen.<\/p>\n","protected":false},"author":4,"featured_media":37625,"parent":845,"menu_order":0,"comment_status":"closed","ping_status":"closed","template":"","meta":{"_acf_changed":false,"inline_featured_image":false,"ep_exclude_from_search":false,"footnotes":""},"coauthors":[49],"class_list":["post-36822","page","type-page","status-publish","has-post-thumbnail","hentry"],"acf":[],"yoast_head":"<!-- This site is optimized with the Yoast SEO plugin v26.5 - https:\/\/yoast.com\/wordpress\/plugins\/seo\/ -->\n<title>Projekt \u201einoCube\u201c - inovex GmbH<\/title>\n<meta name=\"description\" content=\"Mit dem inoCube wollen wir die cross-funktionale Zusammenarbeit f\u00f6rdern und die Begeisterung f\u00fcr innovative Technologien mit anderen teilen.\" \/>\n<meta name=\"robots\" content=\"noindex, nofollow\" \/>\n<meta property=\"og:locale\" content=\"de_DE\" \/>\n<meta property=\"og:type\" content=\"article\" \/>\n<meta property=\"og:title\" content=\"Projekt \u201einoCube\u201c - inovex GmbH\" \/>\n<meta property=\"og:description\" content=\"Mit dem inoCube wollen wir die cross-funktionale Zusammenarbeit f\u00f6rdern und die Begeisterung f\u00fcr innovative Technologien mit anderen teilen.\" \/>\n<meta property=\"og:url\" content=\"https:\/\/www.inovex.de\/de\/leistungen\/internet-of-things\/projekt-inocube\/\" \/>\n<meta property=\"og:site_name\" content=\"inovex GmbH\" \/>\n<meta property=\"article:publisher\" content=\"https:\/\/www.facebook.com\/inovexde\" \/>\n<meta property=\"article:modified_time\" content=\"2024-07-12T05:36:32+00:00\" \/>\n<meta property=\"og:image\" content=\"https:\/\/www.inovex.de\/wp-content\/uploads\/inoCube-Prototype.jpg\" \/>\n\t<meta property=\"og:image:width\" content=\"678\" \/>\n\t<meta property=\"og:image:height\" content=\"500\" \/>\n\t<meta property=\"og:image:type\" content=\"image\/jpeg\" \/>\n<meta name=\"twitter:card\" content=\"summary_large_image\" \/>\n<meta name=\"twitter:image\" content=\"https:\/\/www.inovex.de\/wp-content\/uploads\/inoCube-Prototype.jpg\" \/>\n<meta name=\"twitter:site\" content=\"@inovexgmbh\" \/>\n<script type=\"application\/ld+json\" class=\"yoast-schema-graph\">{\"@context\":\"https:\/\/schema.org\",\"@graph\":[{\"@type\":\"WebPage\",\"@id\":\"https:\/\/www.inovex.de\/de\/leistungen\/internet-of-things\/projekt-inocube\/\",\"url\":\"https:\/\/www.inovex.de\/de\/leistungen\/internet-of-things\/projekt-inocube\/\",\"name\":\"Projekt \u201einoCube\u201c - inovex GmbH\",\"isPartOf\":{\"@id\":\"https:\/\/www.inovex.de\/de\/#website\"},\"primaryImageOfPage\":{\"@id\":\"https:\/\/www.inovex.de\/de\/leistungen\/internet-of-things\/projekt-inocube\/#primaryimage\"},\"image\":{\"@id\":\"https:\/\/www.inovex.de\/de\/leistungen\/internet-of-things\/projekt-inocube\/#primaryimage\"},\"thumbnailUrl\":\"https:\/\/www.inovex.de\/wp-content\/uploads\/inoCube-Prototype.jpg\",\"datePublished\":\"2022-06-30T13:02:48+00:00\",\"dateModified\":\"2024-07-12T05:36:32+00:00\",\"description\":\"Mit dem inoCube wollen wir die cross-funktionale Zusammenarbeit f\u00f6rdern und die Begeisterung f\u00fcr innovative Technologien mit anderen teilen.\",\"breadcrumb\":{\"@id\":\"https:\/\/www.inovex.de\/de\/leistungen\/internet-of-things\/projekt-inocube\/#breadcrumb\"},\"inLanguage\":\"de\",\"potentialAction\":[{\"@type\":\"ReadAction\",\"target\":[\"https:\/\/www.inovex.de\/de\/leistungen\/internet-of-things\/projekt-inocube\/\"]}]},{\"@type\":\"ImageObject\",\"inLanguage\":\"de\",\"@id\":\"https:\/\/www.inovex.de\/de\/leistungen\/internet-of-things\/projekt-inocube\/#primaryimage\",\"url\":\"https:\/\/www.inovex.de\/wp-content\/uploads\/inoCube-Prototype.jpg\",\"contentUrl\":\"https:\/\/www.inovex.de\/wp-content\/uploads\/inoCube-Prototype.jpg\",\"width\":678,\"height\":500,\"caption\":\"Prototyp vom inoCube\"},{\"@type\":\"BreadcrumbList\",\"@id\":\"https:\/\/www.inovex.de\/de\/leistungen\/internet-of-things\/projekt-inocube\/#breadcrumb\",\"itemListElement\":[{\"@type\":\"ListItem\",\"position\":1,\"name\":\"Home\",\"item\":\"https:\/\/www.inovex.de\/de\/\"},{\"@type\":\"ListItem\",\"position\":2,\"name\":\"Leistungen\",\"item\":\"https:\/\/www.inovex.de\/de\/leistungen\/\"},{\"@type\":\"ListItem\",\"position\":3,\"name\":\"Internet of Things (IoT)\",\"item\":\"https:\/\/www.inovex.de\/de\/leistungen\/internet-of-things\/\"},{\"@type\":\"ListItem\",\"position\":4,\"name\":\"Projekt \u201einoCube\u201c\"}]},{\"@type\":\"WebSite\",\"@id\":\"https:\/\/www.inovex.de\/de\/#website\",\"url\":\"https:\/\/www.inovex.de\/de\/\",\"name\":\"inovex GmbH\",\"description\":\"\",\"publisher\":{\"@id\":\"https:\/\/www.inovex.de\/de\/#organization\"},\"potentialAction\":[{\"@type\":\"SearchAction\",\"target\":{\"@type\":\"EntryPoint\",\"urlTemplate\":\"https:\/\/www.inovex.de\/de\/?s={search_term_string}\"},\"query-input\":{\"@type\":\"PropertyValueSpecification\",\"valueRequired\":true,\"valueName\":\"search_term_string\"}}],\"inLanguage\":\"de\"},{\"@type\":\"Organization\",\"@id\":\"https:\/\/www.inovex.de\/de\/#organization\",\"name\":\"inovex GmbH\",\"url\":\"https:\/\/www.inovex.de\/de\/\",\"logo\":{\"@type\":\"ImageObject\",\"inLanguage\":\"de\",\"@id\":\"https:\/\/www.inovex.de\/de\/#\/schema\/logo\/image\/\",\"url\":\"https:\/\/www.inovex.de\/wp-content\/uploads\/2021\/03\/inovex-logo-16-9-1.png\",\"contentUrl\":\"https:\/\/www.inovex.de\/wp-content\/uploads\/2021\/03\/inovex-logo-16-9-1.png\",\"width\":1921,\"height\":1081,\"caption\":\"inovex GmbH\"},\"image\":{\"@id\":\"https:\/\/www.inovex.de\/de\/#\/schema\/logo\/image\/\"},\"sameAs\":[\"https:\/\/www.facebook.com\/inovexde\",\"https:\/\/x.com\/inovexgmbh\",\"https:\/\/www.instagram.com\/inovexlife\/\",\"https:\/\/www.linkedin.com\/company\/inovex\",\"https:\/\/www.youtube.com\/channel\/UC7r66GT14hROB_RQsQBAQUQ\"]}]}<\/script>\n<!-- \/ Yoast SEO plugin. -->","yoast_head_json":{"title":"Projekt \u201einoCube\u201c - inovex GmbH","description":"Mit dem inoCube wollen wir die cross-funktionale Zusammenarbeit f\u00f6rdern und die Begeisterung f\u00fcr innovative Technologien mit anderen teilen.","robots":{"index":"noindex","follow":"nofollow"},"og_locale":"de_DE","og_type":"article","og_title":"Projekt \u201einoCube\u201c - inovex GmbH","og_description":"Mit dem inoCube wollen wir die cross-funktionale Zusammenarbeit f\u00f6rdern und die Begeisterung f\u00fcr innovative Technologien mit anderen teilen.","og_url":"https:\/\/www.inovex.de\/de\/leistungen\/internet-of-things\/projekt-inocube\/","og_site_name":"inovex GmbH","article_publisher":"https:\/\/www.facebook.com\/inovexde","article_modified_time":"2024-07-12T05:36:32+00:00","og_image":[{"width":678,"height":500,"url":"https:\/\/www.inovex.de\/wp-content\/uploads\/inoCube-Prototype.jpg","type":"image\/jpeg"}],"twitter_card":"summary_large_image","twitter_image":"https:\/\/www.inovex.de\/wp-content\/uploads\/inoCube-Prototype.jpg","twitter_site":"@inovexgmbh","schema":{"@context":"https:\/\/schema.org","@graph":[{"@type":"WebPage","@id":"https:\/\/www.inovex.de\/de\/leistungen\/internet-of-things\/projekt-inocube\/","url":"https:\/\/www.inovex.de\/de\/leistungen\/internet-of-things\/projekt-inocube\/","name":"Projekt \u201einoCube\u201c - inovex GmbH","isPartOf":{"@id":"https:\/\/www.inovex.de\/de\/#website"},"primaryImageOfPage":{"@id":"https:\/\/www.inovex.de\/de\/leistungen\/internet-of-things\/projekt-inocube\/#primaryimage"},"image":{"@id":"https:\/\/www.inovex.de\/de\/leistungen\/internet-of-things\/projekt-inocube\/#primaryimage"},"thumbnailUrl":"https:\/\/www.inovex.de\/wp-content\/uploads\/inoCube-Prototype.jpg","datePublished":"2022-06-30T13:02:48+00:00","dateModified":"2024-07-12T05:36:32+00:00","description":"Mit dem inoCube wollen wir die cross-funktionale Zusammenarbeit f\u00f6rdern und die Begeisterung f\u00fcr innovative Technologien mit anderen teilen.","breadcrumb":{"@id":"https:\/\/www.inovex.de\/de\/leistungen\/internet-of-things\/projekt-inocube\/#breadcrumb"},"inLanguage":"de","potentialAction":[{"@type":"ReadAction","target":["https:\/\/www.inovex.de\/de\/leistungen\/internet-of-things\/projekt-inocube\/"]}]},{"@type":"ImageObject","inLanguage":"de","@id":"https:\/\/www.inovex.de\/de\/leistungen\/internet-of-things\/projekt-inocube\/#primaryimage","url":"https:\/\/www.inovex.de\/wp-content\/uploads\/inoCube-Prototype.jpg","contentUrl":"https:\/\/www.inovex.de\/wp-content\/uploads\/inoCube-Prototype.jpg","width":678,"height":500,"caption":"Prototyp vom inoCube"},{"@type":"BreadcrumbList","@id":"https:\/\/www.inovex.de\/de\/leistungen\/internet-of-things\/projekt-inocube\/#breadcrumb","itemListElement":[{"@type":"ListItem","position":1,"name":"Home","item":"https:\/\/www.inovex.de\/de\/"},{"@type":"ListItem","position":2,"name":"Leistungen","item":"https:\/\/www.inovex.de\/de\/leistungen\/"},{"@type":"ListItem","position":3,"name":"Internet of Things (IoT)","item":"https:\/\/www.inovex.de\/de\/leistungen\/internet-of-things\/"},{"@type":"ListItem","position":4,"name":"Projekt \u201einoCube\u201c"}]},{"@type":"WebSite","@id":"https:\/\/www.inovex.de\/de\/#website","url":"https:\/\/www.inovex.de\/de\/","name":"inovex GmbH","description":"","publisher":{"@id":"https:\/\/www.inovex.de\/de\/#organization"},"potentialAction":[{"@type":"SearchAction","target":{"@type":"EntryPoint","urlTemplate":"https:\/\/www.inovex.de\/de\/?s={search_term_string}"},"query-input":{"@type":"PropertyValueSpecification","valueRequired":true,"valueName":"search_term_string"}}],"inLanguage":"de"},{"@type":"Organization","@id":"https:\/\/www.inovex.de\/de\/#organization","name":"inovex GmbH","url":"https:\/\/www.inovex.de\/de\/","logo":{"@type":"ImageObject","inLanguage":"de","@id":"https:\/\/www.inovex.de\/de\/#\/schema\/logo\/image\/","url":"https:\/\/www.inovex.de\/wp-content\/uploads\/2021\/03\/inovex-logo-16-9-1.png","contentUrl":"https:\/\/www.inovex.de\/wp-content\/uploads\/2021\/03\/inovex-logo-16-9-1.png","width":1921,"height":1081,"caption":"inovex GmbH"},"image":{"@id":"https:\/\/www.inovex.de\/de\/#\/schema\/logo\/image\/"},"sameAs":["https:\/\/www.facebook.com\/inovexde","https:\/\/x.com\/inovexgmbh","https:\/\/www.instagram.com\/inovexlife\/","https:\/\/www.linkedin.com\/company\/inovex","https:\/\/www.youtube.com\/channel\/UC7r66GT14hROB_RQsQBAQUQ"]}]}},"_links":{"self":[{"href":"https:\/\/www.inovex.de\/de\/wp-json\/wp\/v2\/pages\/36822","targetHints":{"allow":["GET"]}}],"collection":[{"href":"https:\/\/www.inovex.de\/de\/wp-json\/wp\/v2\/pages"}],"about":[{"href":"https:\/\/www.inovex.de\/de\/wp-json\/wp\/v2\/types\/page"}],"author":[{"embeddable":true,"href":"https:\/\/www.inovex.de\/de\/wp-json\/wp\/v2\/users\/4"}],"replies":[{"embeddable":true,"href":"https:\/\/www.inovex.de\/de\/wp-json\/wp\/v2\/comments?post=36822"}],"version-history":[{"count":5,"href":"https:\/\/www.inovex.de\/de\/wp-json\/wp\/v2\/pages\/36822\/revisions"}],"predecessor-version":[{"id":56008,"href":"https:\/\/www.inovex.de\/de\/wp-json\/wp\/v2\/pages\/36822\/revisions\/56008"}],"up":[{"embeddable":true,"href":"https:\/\/www.inovex.de\/de\/wp-json\/wp\/v2\/pages\/845"}],"wp:featuredmedia":[{"embeddable":true,"href":"https:\/\/www.inovex.de\/de\/wp-json\/wp\/v2\/media\/37625"}],"wp:attachment":[{"href":"https:\/\/www.inovex.de\/de\/wp-json\/wp\/v2\/media?parent=36822"}],"wp:term":[{"taxonomy":"author","embeddable":true,"href":"https:\/\/www.inovex.de\/de\/wp-json\/wp\/v2\/coauthors?post=36822"}],"curies":[{"name":"wp","href":"https:\/\/api.w.org\/{rel}","templated":true}]}}