{"id":40964,"date":"2023-02-16T13:16:24","date_gmt":"2023-02-16T12:16:24","guid":{"rendered":"https:\/\/www.inovex.de\/?page_id=40964"},"modified":"2026-01-20T13:49:20","modified_gmt":"2026-01-20T12:49:20","slug":"it-loesungen-fuer-die-lebensmittelindustrie","status":"publish","type":"page","link":"https:\/\/www.inovex.de\/de\/branchen\/it-loesungen-fuer-die-lebensmittelindustrie\/","title":{"rendered":"IT-L\u00f6sungen f\u00fcr die Lebensmittelindustrie"},"content":{"rendered":"","protected":false},"excerpt":{"rendered":"<p>Wir helfen der Lebensmittelindustrie mit digitalen L\u00f6sungen, um Prozesse zu optimieren, Kosten zu senken und die Produktqualit\u00e4t zu verbessern<\/p>\n","protected":false},"author":2,"featured_media":0,"parent":31679,"menu_order":0,"comment_status":"closed","ping_status":"closed","template":"","meta":{"_acf_changed":false,"inline_featured_image":false,"ep_exclude_from_search":false,"footnotes":""},"coauthors":[953],"class_list":["post-40964","page","type-page","status-publish","hentry"],"acf":[],"yoast_head":"<!-- This site is optimized with the Yoast SEO plugin v26.5 - https:\/\/yoast.com\/wordpress\/plugins\/seo\/ -->\n<title>IT-L\u00f6sungen f\u00fcr die Lebensmittelindustrie - inovex GmbH<\/title>\n<meta name=\"description\" content=\"Wir helfen der Lebensmittelindustrie mit digitalen L\u00f6sungen, um Prozesse zu optimieren, Kosten zu senken und die Produktqualit\u00e4t zu verbessern\" \/>\n<meta name=\"robots\" content=\"index, follow, max-snippet:-1, max-image-preview:large, max-video-preview:-1\" \/>\n<link rel=\"canonical\" href=\"https:\/\/www.inovex.de\/de\/branchen\/it-loesungen-fuer-die-lebensmittelindustrie\/\" \/>\n<meta property=\"og:locale\" content=\"de_DE\" \/>\n<meta property=\"og:type\" content=\"article\" \/>\n<meta property=\"og:title\" content=\"IT-L\u00f6sungen f\u00fcr die Lebensmittelindustrie - inovex GmbH\" \/>\n<meta property=\"og:description\" content=\"Wir helfen der Lebensmittelindustrie mit digitalen L\u00f6sungen, um Prozesse zu optimieren, Kosten zu senken und die Produktqualit\u00e4t zu verbessern\" \/>\n<meta property=\"og:url\" content=\"https:\/\/www.inovex.de\/de\/branchen\/it-loesungen-fuer-die-lebensmittelindustrie\/\" \/>\n<meta property=\"og:site_name\" content=\"inovex GmbH\" \/>\n<meta property=\"article:publisher\" content=\"https:\/\/www.facebook.com\/inovexde\" \/>\n<meta property=\"article:modified_time\" content=\"2026-01-20T12:49:20+00:00\" \/>\n<meta property=\"og:image\" content=\"https:\/\/www.inovex.de\/wp-content\/uploads\/thumbnail-inovex-1024x535.jpg\" \/>\n\t<meta property=\"og:image:width\" content=\"1280\" \/>\n\t<meta property=\"og:image:height\" content=\"669\" \/>\n\t<meta property=\"og:image:type\" content=\"image\/jpeg\" \/>\n<meta name=\"twitter:card\" content=\"summary_large_image\" \/>\n<meta name=\"twitter:image\" content=\"https:\/\/www.inovex.de\/wp-content\/uploads\/thumbnail-inovex-1024x535.jpg\" \/>\n<meta name=\"twitter:site\" content=\"@inovexgmbh\" \/>\n<meta name=\"twitter:label1\" content=\"Written by\" \/>\n\t<meta name=\"twitter:data1\" content=\"Lukas Funk\" \/>\n<script type=\"application\/ld+json\" class=\"yoast-schema-graph\">{\"@context\":\"https:\/\/schema.org\",\"@graph\":[{\"@type\":\"WebPage\",\"@id\":\"https:\/\/www.inovex.de\/de\/branchen\/it-loesungen-fuer-die-lebensmittelindustrie\/\",\"url\":\"https:\/\/www.inovex.de\/de\/branchen\/it-loesungen-fuer-die-lebensmittelindustrie\/\",\"name\":\"IT-L\u00f6sungen f\u00fcr die Lebensmittelindustrie - inovex GmbH\",\"isPartOf\":{\"@id\":\"https:\/\/www.inovex.de\/de\/#website\"},\"datePublished\":\"2023-02-16T12:16:24+00:00\",\"dateModified\":\"2026-01-20T12:49:20+00:00\",\"description\":\"Wir helfen der Lebensmittelindustrie mit digitalen L\u00f6sungen, um Prozesse zu optimieren, Kosten zu senken und die Produktqualit\u00e4t zu verbessern\",\"breadcrumb\":{\"@id\":\"https:\/\/www.inovex.de\/de\/branchen\/it-loesungen-fuer-die-lebensmittelindustrie\/#breadcrumb\"},\"inLanguage\":\"de\",\"potentialAction\":[{\"@type\":\"ReadAction\",\"target\":[\"https:\/\/www.inovex.de\/de\/branchen\/it-loesungen-fuer-die-lebensmittelindustrie\/\"]}]},{\"@type\":\"BreadcrumbList\",\"@id\":\"https:\/\/www.inovex.de\/de\/branchen\/it-loesungen-fuer-die-lebensmittelindustrie\/#breadcrumb\",\"itemListElement\":[{\"@type\":\"ListItem\",\"position\":1,\"name\":\"Home\",\"item\":\"https:\/\/www.inovex.de\/de\/\"},{\"@type\":\"ListItem\",\"position\":2,\"name\":\"Branchen\",\"item\":\"https:\/\/www.inovex.de\/de\/branchen\/\"},{\"@type\":\"ListItem\",\"position\":3,\"name\":\"IT-L\u00f6sungen f\u00fcr die Lebensmittelindustrie\"}]},{\"@type\":\"WebSite\",\"@id\":\"https:\/\/www.inovex.de\/de\/#website\",\"url\":\"https:\/\/www.inovex.de\/de\/\",\"name\":\"inovex GmbH\",\"description\":\"\",\"publisher\":{\"@id\":\"https:\/\/www.inovex.de\/de\/#organization\"},\"potentialAction\":[{\"@type\":\"SearchAction\",\"target\":{\"@type\":\"EntryPoint\",\"urlTemplate\":\"https:\/\/www.inovex.de\/de\/?s={search_term_string}\"},\"query-input\":{\"@type\":\"PropertyValueSpecification\",\"valueRequired\":true,\"valueName\":\"search_term_string\"}}],\"inLanguage\":\"de\"},{\"@type\":\"Organization\",\"@id\":\"https:\/\/www.inovex.de\/de\/#organization\",\"name\":\"inovex GmbH\",\"url\":\"https:\/\/www.inovex.de\/de\/\",\"logo\":{\"@type\":\"ImageObject\",\"inLanguage\":\"de\",\"@id\":\"https:\/\/www.inovex.de\/de\/#\/schema\/logo\/image\/\",\"url\":\"https:\/\/www.inovex.de\/wp-content\/uploads\/2021\/03\/inovex-logo-16-9-1.png\",\"contentUrl\":\"https:\/\/www.inovex.de\/wp-content\/uploads\/2021\/03\/inovex-logo-16-9-1.png\",\"width\":1921,\"height\":1081,\"caption\":\"inovex GmbH\"},\"image\":{\"@id\":\"https:\/\/www.inovex.de\/de\/#\/schema\/logo\/image\/\"},\"sameAs\":[\"https:\/\/www.facebook.com\/inovexde\",\"https:\/\/x.com\/inovexgmbh\",\"https:\/\/www.instagram.com\/inovexlife\/\",\"https:\/\/www.linkedin.com\/company\/inovex\",\"https:\/\/www.youtube.com\/channel\/UC7r66GT14hROB_RQsQBAQUQ\"]}]}<\/script>\n<!-- \/ Yoast SEO plugin. -->","yoast_head_json":{"title":"IT-L\u00f6sungen f\u00fcr die Lebensmittelindustrie - inovex GmbH","description":"Wir helfen der Lebensmittelindustrie mit digitalen L\u00f6sungen, um Prozesse zu optimieren, Kosten zu senken und die Produktqualit\u00e4t zu verbessern","robots":{"index":"index","follow":"follow","max-snippet":"max-snippet:-1","max-image-preview":"max-image-preview:large","max-video-preview":"max-video-preview:-1"},"canonical":"https:\/\/www.inovex.de\/de\/branchen\/it-loesungen-fuer-die-lebensmittelindustrie\/","og_locale":"de_DE","og_type":"article","og_title":"IT-L\u00f6sungen f\u00fcr die Lebensmittelindustrie - inovex GmbH","og_description":"Wir helfen der Lebensmittelindustrie mit digitalen L\u00f6sungen, um Prozesse zu optimieren, Kosten zu senken und die Produktqualit\u00e4t zu verbessern","og_url":"https:\/\/www.inovex.de\/de\/branchen\/it-loesungen-fuer-die-lebensmittelindustrie\/","og_site_name":"inovex GmbH","article_publisher":"https:\/\/www.facebook.com\/inovexde","article_modified_time":"2026-01-20T12:49:20+00:00","og_image":[{"width":1280,"height":669,"url":"https:\/\/www.inovex.de\/wp-content\/uploads\/thumbnail-inovex-1024x535.jpg","type":"image\/jpeg"}],"twitter_card":"summary_large_image","twitter_image":"https:\/\/www.inovex.de\/wp-content\/uploads\/thumbnail-inovex-1024x535.jpg","twitter_site":"@inovexgmbh","twitter_misc":{"Written by":"Lukas Funk"},"schema":{"@context":"https:\/\/schema.org","@graph":[{"@type":"WebPage","@id":"https:\/\/www.inovex.de\/de\/branchen\/it-loesungen-fuer-die-lebensmittelindustrie\/","url":"https:\/\/www.inovex.de\/de\/branchen\/it-loesungen-fuer-die-lebensmittelindustrie\/","name":"IT-L\u00f6sungen f\u00fcr die Lebensmittelindustrie - inovex GmbH","isPartOf":{"@id":"https:\/\/www.inovex.de\/de\/#website"},"datePublished":"2023-02-16T12:16:24+00:00","dateModified":"2026-01-20T12:49:20+00:00","description":"Wir helfen der Lebensmittelindustrie mit digitalen L\u00f6sungen, um Prozesse zu optimieren, Kosten zu senken und die Produktqualit\u00e4t zu verbessern","breadcrumb":{"@id":"https:\/\/www.inovex.de\/de\/branchen\/it-loesungen-fuer-die-lebensmittelindustrie\/#breadcrumb"},"inLanguage":"de","potentialAction":[{"@type":"ReadAction","target":["https:\/\/www.inovex.de\/de\/branchen\/it-loesungen-fuer-die-lebensmittelindustrie\/"]}]},{"@type":"BreadcrumbList","@id":"https:\/\/www.inovex.de\/de\/branchen\/it-loesungen-fuer-die-lebensmittelindustrie\/#breadcrumb","itemListElement":[{"@type":"ListItem","position":1,"name":"Home","item":"https:\/\/www.inovex.de\/de\/"},{"@type":"ListItem","position":2,"name":"Branchen","item":"https:\/\/www.inovex.de\/de\/branchen\/"},{"@type":"ListItem","position":3,"name":"IT-L\u00f6sungen f\u00fcr die Lebensmittelindustrie"}]},{"@type":"WebSite","@id":"https:\/\/www.inovex.de\/de\/#website","url":"https:\/\/www.inovex.de\/de\/","name":"inovex GmbH","description":"","publisher":{"@id":"https:\/\/www.inovex.de\/de\/#organization"},"potentialAction":[{"@type":"SearchAction","target":{"@type":"EntryPoint","urlTemplate":"https:\/\/www.inovex.de\/de\/?s={search_term_string}"},"query-input":{"@type":"PropertyValueSpecification","valueRequired":true,"valueName":"search_term_string"}}],"inLanguage":"de"},{"@type":"Organization","@id":"https:\/\/www.inovex.de\/de\/#organization","name":"inovex GmbH","url":"https:\/\/www.inovex.de\/de\/","logo":{"@type":"ImageObject","inLanguage":"de","@id":"https:\/\/www.inovex.de\/de\/#\/schema\/logo\/image\/","url":"https:\/\/www.inovex.de\/wp-content\/uploads\/2021\/03\/inovex-logo-16-9-1.png","contentUrl":"https:\/\/www.inovex.de\/wp-content\/uploads\/2021\/03\/inovex-logo-16-9-1.png","width":1921,"height":1081,"caption":"inovex GmbH"},"image":{"@id":"https:\/\/www.inovex.de\/de\/#\/schema\/logo\/image\/"},"sameAs":["https:\/\/www.facebook.com\/inovexde","https:\/\/x.com\/inovexgmbh","https:\/\/www.instagram.com\/inovexlife\/","https:\/\/www.linkedin.com\/company\/inovex","https:\/\/www.youtube.com\/channel\/UC7r66GT14hROB_RQsQBAQUQ"]}]}},"_links":{"self":[{"href":"https:\/\/www.inovex.de\/de\/wp-json\/wp\/v2\/pages\/40964","targetHints":{"allow":["GET"]}}],"collection":[{"href":"https:\/\/www.inovex.de\/de\/wp-json\/wp\/v2\/pages"}],"about":[{"href":"https:\/\/www.inovex.de\/de\/wp-json\/wp\/v2\/types\/page"}],"author":[{"embeddable":true,"href":"https:\/\/www.inovex.de\/de\/wp-json\/wp\/v2\/users\/2"}],"replies":[{"embeddable":true,"href":"https:\/\/www.inovex.de\/de\/wp-json\/wp\/v2\/comments?post=40964"}],"version-history":[{"count":5,"href":"https:\/\/www.inovex.de\/de\/wp-json\/wp\/v2\/pages\/40964\/revisions"}],"predecessor-version":[{"id":65774,"href":"https:\/\/www.inovex.de\/de\/wp-json\/wp\/v2\/pages\/40964\/revisions\/65774"}],"up":[{"embeddable":true,"href":"https:\/\/www.inovex.de\/de\/wp-json\/wp\/v2\/pages\/31679"}],"wp:attachment":[{"href":"https:\/\/www.inovex.de\/de\/wp-json\/wp\/v2\/media?parent=40964"}],"wp:term":[{"taxonomy":"author","embeddable":true,"href":"https:\/\/www.inovex.de\/de\/wp-json\/wp\/v2\/coauthors?post=40964"}],"curies":[{"name":"wp","href":"https:\/\/api.w.org\/{rel}","templated":true}]}}