{"id":49134,"date":"2024-01-29T13:51:58","date_gmt":"2024-01-29T12:51:58","guid":{"rendered":"https:\/\/www.inovex.de\/?page_id=49134"},"modified":"2026-03-04T13:39:27","modified_gmt":"2026-03-04T12:39:27","slug":"softwareprojekte","status":"publish","type":"page","link":"https:\/\/www.inovex.de\/de\/leistungen\/softwareprojekte\/","title":{"rendered":"Softwareprojekte"},"content":{"rendered":"","protected":false},"excerpt":{"rendered":"","protected":false},"author":4,"featured_media":51540,"parent":1681,"menu_order":0,"comment_status":"closed","ping_status":"closed","template":"","meta":{"_acf_changed":false,"inline_featured_image":false,"ep_exclude_from_search":false,"footnotes":""},"coauthors":[1107],"class_list":["post-49134","page","type-page","status-publish","has-post-thumbnail","hentry"],"acf":[],"yoast_head":"<!-- This site is optimized with the Yoast SEO plugin v26.5 - https:\/\/yoast.com\/wordpress\/plugins\/seo\/ -->\n<title>Individuelle Softwarel\u00f6sungen nach Ihren Anforderungen - inovex GmbH<\/title>\n<meta name=\"description\" content=\"Entdecken Sie ma\u00dfgeschneiderte Softwarel\u00f6sungen f\u00fcr Ihr Unternehmen. Wir verwirklichen Ihre Projekte \u2013 effizient und innovativ.\" \/>\n<meta name=\"robots\" content=\"index, follow, max-snippet:-1, max-image-preview:large, max-video-preview:-1\" \/>\n<link rel=\"canonical\" href=\"https:\/\/www.inovex.de\/de\/leistungen\/softwareprojekte\/\" \/>\n<meta property=\"og:locale\" content=\"de_DE\" \/>\n<meta property=\"og:type\" content=\"article\" \/>\n<meta property=\"og:title\" content=\"Individuelle Softwarel\u00f6sungen nach Ihren Anforderungen - inovex GmbH\" \/>\n<meta property=\"og:description\" content=\"Entdecken Sie ma\u00dfgeschneiderte Softwarel\u00f6sungen f\u00fcr Ihr Unternehmen. Wir verwirklichen Ihre Projekte \u2013 effizient und innovativ.\" \/>\n<meta property=\"og:url\" content=\"https:\/\/www.inovex.de\/de\/leistungen\/softwareprojekte\/\" \/>\n<meta property=\"og:site_name\" content=\"inovex GmbH\" \/>\n<meta property=\"article:publisher\" content=\"https:\/\/www.facebook.com\/inovexde\" \/>\n<meta property=\"article:modified_time\" content=\"2026-03-04T12:39:27+00:00\" \/>\n<meta property=\"og:image\" content=\"https:\/\/www.inovex.de\/wp-content\/uploads\/Header-Leistungsseiten_Software.png\" \/>\n\t<meta property=\"og:image:width\" content=\"975\" \/>\n\t<meta property=\"og:image:height\" content=\"625\" \/>\n\t<meta property=\"og:image:type\" content=\"image\/png\" \/>\n<meta name=\"twitter:card\" content=\"summary_large_image\" \/>\n<meta name=\"twitter:image\" content=\"https:\/\/www.inovex.de\/wp-content\/uploads\/Header-Leistungsseiten_Software.png\" \/>\n<meta name=\"twitter:site\" content=\"@inovexgmbh\" \/>\n<script type=\"application\/ld+json\" class=\"yoast-schema-graph\">{\"@context\":\"https:\/\/schema.org\",\"@graph\":[{\"@type\":\"WebPage\",\"@id\":\"https:\/\/www.inovex.de\/de\/leistungen\/softwareprojekte\/\",\"url\":\"https:\/\/www.inovex.de\/de\/leistungen\/softwareprojekte\/\",\"name\":\"Individuelle Softwarel\u00f6sungen nach Ihren Anforderungen - inovex GmbH\",\"isPartOf\":{\"@id\":\"https:\/\/www.inovex.de\/de\/#website\"},\"primaryImageOfPage\":{\"@id\":\"https:\/\/www.inovex.de\/de\/leistungen\/softwareprojekte\/#primaryimage\"},\"image\":{\"@id\":\"https:\/\/www.inovex.de\/de\/leistungen\/softwareprojekte\/#primaryimage\"},\"thumbnailUrl\":\"https:\/\/www.inovex.de\/wp-content\/uploads\/Header-Leistungsseiten_Software.png\",\"datePublished\":\"2024-01-29T12:51:58+00:00\",\"dateModified\":\"2026-03-04T12:39:27+00:00\",\"description\":\"Entdecken Sie ma\u00dfgeschneiderte Softwarel\u00f6sungen f\u00fcr Ihr Unternehmen. Wir verwirklichen Ihre Projekte \u2013 effizient und innovativ.\",\"breadcrumb\":{\"@id\":\"https:\/\/www.inovex.de\/de\/leistungen\/softwareprojekte\/#breadcrumb\"},\"inLanguage\":\"de\",\"potentialAction\":[{\"@type\":\"ReadAction\",\"target\":[\"https:\/\/www.inovex.de\/de\/leistungen\/softwareprojekte\/\"]}]},{\"@type\":\"ImageObject\",\"inLanguage\":\"de\",\"@id\":\"https:\/\/www.inovex.de\/de\/leistungen\/softwareprojekte\/#primaryimage\",\"url\":\"https:\/\/www.inovex.de\/wp-content\/uploads\/Header-Leistungsseiten_Software.png\",\"contentUrl\":\"https:\/\/www.inovex.de\/wp-content\/uploads\/Header-Leistungsseiten_Software.png\",\"width\":975,\"height\":625,\"caption\":\"Grafische Darstellung von Softwareentwicklung, die einen offenen Laptop, ein Smartphone und mehrere Entwickler zeigt, die an verschiedenen Projekten arbeiten. Elemente wie Code und Benutzeroberfl\u00e4chen sind ebenfalls abgebildet, alles auf einem blauen Hintergrund.\"},{\"@type\":\"BreadcrumbList\",\"@id\":\"https:\/\/www.inovex.de\/de\/leistungen\/softwareprojekte\/#breadcrumb\",\"itemListElement\":[{\"@type\":\"ListItem\",\"position\":1,\"name\":\"Home\",\"item\":\"https:\/\/www.inovex.de\/de\/\"},{\"@type\":\"ListItem\",\"position\":2,\"name\":\"Leistungen\",\"item\":\"https:\/\/www.inovex.de\/de\/leistungen\/\"},{\"@type\":\"ListItem\",\"position\":3,\"name\":\"Softwareprojekte\"}]},{\"@type\":\"WebSite\",\"@id\":\"https:\/\/www.inovex.de\/de\/#website\",\"url\":\"https:\/\/www.inovex.de\/de\/\",\"name\":\"inovex GmbH\",\"description\":\"\",\"publisher\":{\"@id\":\"https:\/\/www.inovex.de\/de\/#organization\"},\"potentialAction\":[{\"@type\":\"SearchAction\",\"target\":{\"@type\":\"EntryPoint\",\"urlTemplate\":\"https:\/\/www.inovex.de\/de\/?s={search_term_string}\"},\"query-input\":{\"@type\":\"PropertyValueSpecification\",\"valueRequired\":true,\"valueName\":\"search_term_string\"}}],\"inLanguage\":\"de\"},{\"@type\":\"Organization\",\"@id\":\"https:\/\/www.inovex.de\/de\/#organization\",\"name\":\"inovex GmbH\",\"url\":\"https:\/\/www.inovex.de\/de\/\",\"logo\":{\"@type\":\"ImageObject\",\"inLanguage\":\"de\",\"@id\":\"https:\/\/www.inovex.de\/de\/#\/schema\/logo\/image\/\",\"url\":\"https:\/\/www.inovex.de\/wp-content\/uploads\/2021\/03\/inovex-logo-16-9-1.png\",\"contentUrl\":\"https:\/\/www.inovex.de\/wp-content\/uploads\/2021\/03\/inovex-logo-16-9-1.png\",\"width\":1921,\"height\":1081,\"caption\":\"inovex GmbH\"},\"image\":{\"@id\":\"https:\/\/www.inovex.de\/de\/#\/schema\/logo\/image\/\"},\"sameAs\":[\"https:\/\/www.facebook.com\/inovexde\",\"https:\/\/x.com\/inovexgmbh\",\"https:\/\/www.instagram.com\/inovexlife\/\",\"https:\/\/www.linkedin.com\/company\/inovex\",\"https:\/\/www.youtube.com\/channel\/UC7r66GT14hROB_RQsQBAQUQ\"]}]}<\/script>\n<!-- \/ Yoast SEO plugin. -->","yoast_head_json":{"title":"Individuelle Softwarel\u00f6sungen nach Ihren Anforderungen - inovex GmbH","description":"Entdecken Sie ma\u00dfgeschneiderte Softwarel\u00f6sungen f\u00fcr Ihr Unternehmen. Wir verwirklichen Ihre Projekte \u2013 effizient und innovativ.","robots":{"index":"index","follow":"follow","max-snippet":"max-snippet:-1","max-image-preview":"max-image-preview:large","max-video-preview":"max-video-preview:-1"},"canonical":"https:\/\/www.inovex.de\/de\/leistungen\/softwareprojekte\/","og_locale":"de_DE","og_type":"article","og_title":"Individuelle Softwarel\u00f6sungen nach Ihren Anforderungen - inovex GmbH","og_description":"Entdecken Sie ma\u00dfgeschneiderte Softwarel\u00f6sungen f\u00fcr Ihr Unternehmen. Wir verwirklichen Ihre Projekte \u2013 effizient und innovativ.","og_url":"https:\/\/www.inovex.de\/de\/leistungen\/softwareprojekte\/","og_site_name":"inovex GmbH","article_publisher":"https:\/\/www.facebook.com\/inovexde","article_modified_time":"2026-03-04T12:39:27+00:00","og_image":[{"width":975,"height":625,"url":"https:\/\/www.inovex.de\/wp-content\/uploads\/Header-Leistungsseiten_Software.png","type":"image\/png"}],"twitter_card":"summary_large_image","twitter_image":"https:\/\/www.inovex.de\/wp-content\/uploads\/Header-Leistungsseiten_Software.png","twitter_site":"@inovexgmbh","schema":{"@context":"https:\/\/schema.org","@graph":[{"@type":"WebPage","@id":"https:\/\/www.inovex.de\/de\/leistungen\/softwareprojekte\/","url":"https:\/\/www.inovex.de\/de\/leistungen\/softwareprojekte\/","name":"Individuelle Softwarel\u00f6sungen nach Ihren Anforderungen - inovex GmbH","isPartOf":{"@id":"https:\/\/www.inovex.de\/de\/#website"},"primaryImageOfPage":{"@id":"https:\/\/www.inovex.de\/de\/leistungen\/softwareprojekte\/#primaryimage"},"image":{"@id":"https:\/\/www.inovex.de\/de\/leistungen\/softwareprojekte\/#primaryimage"},"thumbnailUrl":"https:\/\/www.inovex.de\/wp-content\/uploads\/Header-Leistungsseiten_Software.png","datePublished":"2024-01-29T12:51:58+00:00","dateModified":"2026-03-04T12:39:27+00:00","description":"Entdecken Sie ma\u00dfgeschneiderte Softwarel\u00f6sungen f\u00fcr Ihr Unternehmen. Wir verwirklichen Ihre Projekte \u2013 effizient und innovativ.","breadcrumb":{"@id":"https:\/\/www.inovex.de\/de\/leistungen\/softwareprojekte\/#breadcrumb"},"inLanguage":"de","potentialAction":[{"@type":"ReadAction","target":["https:\/\/www.inovex.de\/de\/leistungen\/softwareprojekte\/"]}]},{"@type":"ImageObject","inLanguage":"de","@id":"https:\/\/www.inovex.de\/de\/leistungen\/softwareprojekte\/#primaryimage","url":"https:\/\/www.inovex.de\/wp-content\/uploads\/Header-Leistungsseiten_Software.png","contentUrl":"https:\/\/www.inovex.de\/wp-content\/uploads\/Header-Leistungsseiten_Software.png","width":975,"height":625,"caption":"Grafische Darstellung von Softwareentwicklung, die einen offenen Laptop, ein Smartphone und mehrere Entwickler zeigt, die an verschiedenen Projekten arbeiten. Elemente wie Code und Benutzeroberfl\u00e4chen sind ebenfalls abgebildet, alles auf einem blauen Hintergrund."},{"@type":"BreadcrumbList","@id":"https:\/\/www.inovex.de\/de\/leistungen\/softwareprojekte\/#breadcrumb","itemListElement":[{"@type":"ListItem","position":1,"name":"Home","item":"https:\/\/www.inovex.de\/de\/"},{"@type":"ListItem","position":2,"name":"Leistungen","item":"https:\/\/www.inovex.de\/de\/leistungen\/"},{"@type":"ListItem","position":3,"name":"Softwareprojekte"}]},{"@type":"WebSite","@id":"https:\/\/www.inovex.de\/de\/#website","url":"https:\/\/www.inovex.de\/de\/","name":"inovex GmbH","description":"","publisher":{"@id":"https:\/\/www.inovex.de\/de\/#organization"},"potentialAction":[{"@type":"SearchAction","target":{"@type":"EntryPoint","urlTemplate":"https:\/\/www.inovex.de\/de\/?s={search_term_string}"},"query-input":{"@type":"PropertyValueSpecification","valueRequired":true,"valueName":"search_term_string"}}],"inLanguage":"de"},{"@type":"Organization","@id":"https:\/\/www.inovex.de\/de\/#organization","name":"inovex GmbH","url":"https:\/\/www.inovex.de\/de\/","logo":{"@type":"ImageObject","inLanguage":"de","@id":"https:\/\/www.inovex.de\/de\/#\/schema\/logo\/image\/","url":"https:\/\/www.inovex.de\/wp-content\/uploads\/2021\/03\/inovex-logo-16-9-1.png","contentUrl":"https:\/\/www.inovex.de\/wp-content\/uploads\/2021\/03\/inovex-logo-16-9-1.png","width":1921,"height":1081,"caption":"inovex GmbH"},"image":{"@id":"https:\/\/www.inovex.de\/de\/#\/schema\/logo\/image\/"},"sameAs":["https:\/\/www.facebook.com\/inovexde","https:\/\/x.com\/inovexgmbh","https:\/\/www.instagram.com\/inovexlife\/","https:\/\/www.linkedin.com\/company\/inovex","https:\/\/www.youtube.com\/channel\/UC7r66GT14hROB_RQsQBAQUQ"]}]}},"_links":{"self":[{"href":"https:\/\/www.inovex.de\/de\/wp-json\/wp\/v2\/pages\/49134","targetHints":{"allow":["GET"]}}],"collection":[{"href":"https:\/\/www.inovex.de\/de\/wp-json\/wp\/v2\/pages"}],"about":[{"href":"https:\/\/www.inovex.de\/de\/wp-json\/wp\/v2\/types\/page"}],"author":[{"embeddable":true,"href":"https:\/\/www.inovex.de\/de\/wp-json\/wp\/v2\/users\/4"}],"replies":[{"embeddable":true,"href":"https:\/\/www.inovex.de\/de\/wp-json\/wp\/v2\/comments?post=49134"}],"version-history":[{"count":6,"href":"https:\/\/www.inovex.de\/de\/wp-json\/wp\/v2\/pages\/49134\/revisions"}],"predecessor-version":[{"id":66436,"href":"https:\/\/www.inovex.de\/de\/wp-json\/wp\/v2\/pages\/49134\/revisions\/66436"}],"up":[{"embeddable":true,"href":"https:\/\/www.inovex.de\/de\/wp-json\/wp\/v2\/pages\/1681"}],"wp:featuredmedia":[{"embeddable":true,"href":"https:\/\/www.inovex.de\/de\/wp-json\/wp\/v2\/media\/51540"}],"wp:attachment":[{"href":"https:\/\/www.inovex.de\/de\/wp-json\/wp\/v2\/media?parent=49134"}],"wp:term":[{"taxonomy":"author","embeddable":true,"href":"https:\/\/www.inovex.de\/de\/wp-json\/wp\/v2\/coauthors?post=49134"}],"curies":[{"name":"wp","href":"https:\/\/api.w.org\/{rel}","templated":true}]}}