{"id":49469,"date":"2023-10-24T13:58:10","date_gmt":"2023-10-24T11:58:10","guid":{"rendered":"https:\/\/www.inovex.de\/?page_id=49469"},"modified":"2024-08-26T13:31:09","modified_gmt":"2024-08-26T11:31:09","slug":"projekt-dekiops","status":"publish","type":"page","link":"https:\/\/www.inovex.de\/de\/leistungen\/artificial-intelligence\/projekt-dekiops\/","title":{"rendered":"Projekt \u201eDeKIOps\u201d"},"content":{"rendered":"","protected":false},"excerpt":{"rendered":"","protected":false},"author":4,"featured_media":57524,"parent":1301,"menu_order":0,"comment_status":"closed","ping_status":"closed","template":"","meta":{"_acf_changed":false,"inline_featured_image":false,"ep_exclude_from_search":false,"footnotes":""},"coauthors":[1113],"class_list":["post-49469","page","type-page","status-publish","has-post-thumbnail","hentry"],"acf":[],"yoast_head":"<!-- This site is optimized with the Yoast SEO plugin v26.5 - https:\/\/yoast.com\/wordpress\/plugins\/seo\/ -->\n<title>Projekt \u201eDeKIOps\u201d - inovex GmbH<\/title>\n<meta name=\"description\" content=\"Das Projekt \u201eDeKIOps\u201c f\u00f6rdert die Demokratisierung von KI mit verst\u00e4ndlichem und einfach zug\u00e4nglichem Machine Learning Operations (MLOps) f\u00fcr alle Unternehmen.\" \/>\n<meta name=\"robots\" content=\"index, follow, max-snippet:-1, max-image-preview:large, max-video-preview:-1\" \/>\n<link rel=\"canonical\" href=\"https:\/\/www.inovex.de\/de\/leistungen\/artificial-intelligence\/projekt-dekiops\/\" \/>\n<meta property=\"og:locale\" content=\"de_DE\" \/>\n<meta property=\"og:type\" content=\"article\" \/>\n<meta property=\"og:title\" content=\"Projekt \u201eDeKIOps\u201d - inovex GmbH\" \/>\n<meta property=\"og:description\" content=\"Das Projekt \u201eDeKIOps\u201c f\u00f6rdert die Demokratisierung von KI mit verst\u00e4ndlichem und einfach zug\u00e4nglichem Machine Learning Operations (MLOps) f\u00fcr alle Unternehmen.\" \/>\n<meta property=\"og:url\" content=\"https:\/\/www.inovex.de\/de\/leistungen\/artificial-intelligence\/projekt-dekiops\/\" \/>\n<meta property=\"og:site_name\" content=\"inovex GmbH\" \/>\n<meta property=\"article:publisher\" content=\"https:\/\/www.facebook.com\/inovexde\" \/>\n<meta property=\"article:modified_time\" content=\"2024-08-26T11:31:09+00:00\" \/>\n<meta property=\"og:image\" content=\"https:\/\/www.inovex.de\/wp-content\/uploads\/Linkedin-Thumbnails_Artificial-Intelligence.png\" \/>\n\t<meta property=\"og:image:width\" content=\"1200\" \/>\n\t<meta property=\"og:image:height\" content=\"627\" \/>\n\t<meta property=\"og:image:type\" content=\"image\/png\" \/>\n<meta name=\"twitter:card\" content=\"summary_large_image\" \/>\n<meta name=\"twitter:image\" content=\"https:\/\/www.inovex.de\/wp-content\/uploads\/Linkedin-Thumbnails_Artificial-Intelligence-1024x535.png\" \/>\n<meta name=\"twitter:site\" content=\"@inovexgmbh\" \/>\n<script type=\"application\/ld+json\" class=\"yoast-schema-graph\">{\"@context\":\"https:\/\/schema.org\",\"@graph\":[{\"@type\":\"WebPage\",\"@id\":\"https:\/\/www.inovex.de\/de\/leistungen\/artificial-intelligence\/projekt-dekiops\/\",\"url\":\"https:\/\/www.inovex.de\/de\/leistungen\/artificial-intelligence\/projekt-dekiops\/\",\"name\":\"Projekt \u201eDeKIOps\u201d - inovex GmbH\",\"isPartOf\":{\"@id\":\"https:\/\/www.inovex.de\/de\/#website\"},\"primaryImageOfPage\":{\"@id\":\"https:\/\/www.inovex.de\/de\/leistungen\/artificial-intelligence\/projekt-dekiops\/#primaryimage\"},\"image\":{\"@id\":\"https:\/\/www.inovex.de\/de\/leistungen\/artificial-intelligence\/projekt-dekiops\/#primaryimage\"},\"thumbnailUrl\":\"https:\/\/www.inovex.de\/wp-content\/uploads\/Linkedin-Thumbnails_Artificial-Intelligence.png\",\"datePublished\":\"2023-10-24T11:58:10+00:00\",\"dateModified\":\"2024-08-26T11:31:09+00:00\",\"description\":\"Das Projekt \u201eDeKIOps\u201c f\u00f6rdert die Demokratisierung von KI mit verst\u00e4ndlichem und einfach zug\u00e4nglichem Machine Learning Operations (MLOps) f\u00fcr alle Unternehmen.\",\"breadcrumb\":{\"@id\":\"https:\/\/www.inovex.de\/de\/leistungen\/artificial-intelligence\/projekt-dekiops\/#breadcrumb\"},\"inLanguage\":\"de\",\"potentialAction\":[{\"@type\":\"ReadAction\",\"target\":[\"https:\/\/www.inovex.de\/de\/leistungen\/artificial-intelligence\/projekt-dekiops\/\"]}]},{\"@type\":\"ImageObject\",\"inLanguage\":\"de\",\"@id\":\"https:\/\/www.inovex.de\/de\/leistungen\/artificial-intelligence\/projekt-dekiops\/#primaryimage\",\"url\":\"https:\/\/www.inovex.de\/wp-content\/uploads\/Linkedin-Thumbnails_Artificial-Intelligence.png\",\"contentUrl\":\"https:\/\/www.inovex.de\/wp-content\/uploads\/Linkedin-Thumbnails_Artificial-Intelligence.png\",\"width\":1200,\"height\":627,\"caption\":\"inovex Thumbnail zum Thema Artificial Intelligence\"},{\"@type\":\"BreadcrumbList\",\"@id\":\"https:\/\/www.inovex.de\/de\/leistungen\/artificial-intelligence\/projekt-dekiops\/#breadcrumb\",\"itemListElement\":[{\"@type\":\"ListItem\",\"position\":1,\"name\":\"Home\",\"item\":\"https:\/\/www.inovex.de\/de\/\"},{\"@type\":\"ListItem\",\"position\":2,\"name\":\"Leistungen\",\"item\":\"https:\/\/www.inovex.de\/de\/leistungen\/\"},{\"@type\":\"ListItem\",\"position\":3,\"name\":\"Artificial Intelligence\",\"item\":\"https:\/\/www.inovex.de\/de\/leistungen\/artificial-intelligence\/\"},{\"@type\":\"ListItem\",\"position\":4,\"name\":\"Projekt \u201eDeKIOps\u201d\"}]},{\"@type\":\"WebSite\",\"@id\":\"https:\/\/www.inovex.de\/de\/#website\",\"url\":\"https:\/\/www.inovex.de\/de\/\",\"name\":\"inovex GmbH\",\"description\":\"\",\"publisher\":{\"@id\":\"https:\/\/www.inovex.de\/de\/#organization\"},\"potentialAction\":[{\"@type\":\"SearchAction\",\"target\":{\"@type\":\"EntryPoint\",\"urlTemplate\":\"https:\/\/www.inovex.de\/de\/?s={search_term_string}\"},\"query-input\":{\"@type\":\"PropertyValueSpecification\",\"valueRequired\":true,\"valueName\":\"search_term_string\"}}],\"inLanguage\":\"de\"},{\"@type\":\"Organization\",\"@id\":\"https:\/\/www.inovex.de\/de\/#organization\",\"name\":\"inovex GmbH\",\"url\":\"https:\/\/www.inovex.de\/de\/\",\"logo\":{\"@type\":\"ImageObject\",\"inLanguage\":\"de\",\"@id\":\"https:\/\/www.inovex.de\/de\/#\/schema\/logo\/image\/\",\"url\":\"https:\/\/www.inovex.de\/wp-content\/uploads\/2021\/03\/inovex-logo-16-9-1.png\",\"contentUrl\":\"https:\/\/www.inovex.de\/wp-content\/uploads\/2021\/03\/inovex-logo-16-9-1.png\",\"width\":1921,\"height\":1081,\"caption\":\"inovex GmbH\"},\"image\":{\"@id\":\"https:\/\/www.inovex.de\/de\/#\/schema\/logo\/image\/\"},\"sameAs\":[\"https:\/\/www.facebook.com\/inovexde\",\"https:\/\/x.com\/inovexgmbh\",\"https:\/\/www.instagram.com\/inovexlife\/\",\"https:\/\/www.linkedin.com\/company\/inovex\",\"https:\/\/www.youtube.com\/channel\/UC7r66GT14hROB_RQsQBAQUQ\"]}]}<\/script>\n<!-- \/ Yoast SEO plugin. -->","yoast_head_json":{"title":"Projekt \u201eDeKIOps\u201d - inovex GmbH","description":"Das Projekt \u201eDeKIOps\u201c f\u00f6rdert die Demokratisierung von KI mit verst\u00e4ndlichem und einfach zug\u00e4nglichem Machine Learning Operations (MLOps) f\u00fcr alle Unternehmen.","robots":{"index":"index","follow":"follow","max-snippet":"max-snippet:-1","max-image-preview":"max-image-preview:large","max-video-preview":"max-video-preview:-1"},"canonical":"https:\/\/www.inovex.de\/de\/leistungen\/artificial-intelligence\/projekt-dekiops\/","og_locale":"de_DE","og_type":"article","og_title":"Projekt \u201eDeKIOps\u201d - inovex GmbH","og_description":"Das Projekt \u201eDeKIOps\u201c f\u00f6rdert die Demokratisierung von KI mit verst\u00e4ndlichem und einfach zug\u00e4nglichem Machine Learning Operations (MLOps) f\u00fcr alle Unternehmen.","og_url":"https:\/\/www.inovex.de\/de\/leistungen\/artificial-intelligence\/projekt-dekiops\/","og_site_name":"inovex GmbH","article_publisher":"https:\/\/www.facebook.com\/inovexde","article_modified_time":"2024-08-26T11:31:09+00:00","og_image":[{"width":1200,"height":627,"url":"https:\/\/www.inovex.de\/wp-content\/uploads\/Linkedin-Thumbnails_Artificial-Intelligence.png","type":"image\/png"}],"twitter_card":"summary_large_image","twitter_image":"https:\/\/www.inovex.de\/wp-content\/uploads\/Linkedin-Thumbnails_Artificial-Intelligence-1024x535.png","twitter_site":"@inovexgmbh","schema":{"@context":"https:\/\/schema.org","@graph":[{"@type":"WebPage","@id":"https:\/\/www.inovex.de\/de\/leistungen\/artificial-intelligence\/projekt-dekiops\/","url":"https:\/\/www.inovex.de\/de\/leistungen\/artificial-intelligence\/projekt-dekiops\/","name":"Projekt \u201eDeKIOps\u201d - inovex GmbH","isPartOf":{"@id":"https:\/\/www.inovex.de\/de\/#website"},"primaryImageOfPage":{"@id":"https:\/\/www.inovex.de\/de\/leistungen\/artificial-intelligence\/projekt-dekiops\/#primaryimage"},"image":{"@id":"https:\/\/www.inovex.de\/de\/leistungen\/artificial-intelligence\/projekt-dekiops\/#primaryimage"},"thumbnailUrl":"https:\/\/www.inovex.de\/wp-content\/uploads\/Linkedin-Thumbnails_Artificial-Intelligence.png","datePublished":"2023-10-24T11:58:10+00:00","dateModified":"2024-08-26T11:31:09+00:00","description":"Das Projekt \u201eDeKIOps\u201c f\u00f6rdert die Demokratisierung von KI mit verst\u00e4ndlichem und einfach zug\u00e4nglichem Machine Learning Operations (MLOps) f\u00fcr alle Unternehmen.","breadcrumb":{"@id":"https:\/\/www.inovex.de\/de\/leistungen\/artificial-intelligence\/projekt-dekiops\/#breadcrumb"},"inLanguage":"de","potentialAction":[{"@type":"ReadAction","target":["https:\/\/www.inovex.de\/de\/leistungen\/artificial-intelligence\/projekt-dekiops\/"]}]},{"@type":"ImageObject","inLanguage":"de","@id":"https:\/\/www.inovex.de\/de\/leistungen\/artificial-intelligence\/projekt-dekiops\/#primaryimage","url":"https:\/\/www.inovex.de\/wp-content\/uploads\/Linkedin-Thumbnails_Artificial-Intelligence.png","contentUrl":"https:\/\/www.inovex.de\/wp-content\/uploads\/Linkedin-Thumbnails_Artificial-Intelligence.png","width":1200,"height":627,"caption":"inovex Thumbnail zum Thema Artificial Intelligence"},{"@type":"BreadcrumbList","@id":"https:\/\/www.inovex.de\/de\/leistungen\/artificial-intelligence\/projekt-dekiops\/#breadcrumb","itemListElement":[{"@type":"ListItem","position":1,"name":"Home","item":"https:\/\/www.inovex.de\/de\/"},{"@type":"ListItem","position":2,"name":"Leistungen","item":"https:\/\/www.inovex.de\/de\/leistungen\/"},{"@type":"ListItem","position":3,"name":"Artificial Intelligence","item":"https:\/\/www.inovex.de\/de\/leistungen\/artificial-intelligence\/"},{"@type":"ListItem","position":4,"name":"Projekt \u201eDeKIOps\u201d"}]},{"@type":"WebSite","@id":"https:\/\/www.inovex.de\/de\/#website","url":"https:\/\/www.inovex.de\/de\/","name":"inovex GmbH","description":"","publisher":{"@id":"https:\/\/www.inovex.de\/de\/#organization"},"potentialAction":[{"@type":"SearchAction","target":{"@type":"EntryPoint","urlTemplate":"https:\/\/www.inovex.de\/de\/?s={search_term_string}"},"query-input":{"@type":"PropertyValueSpecification","valueRequired":true,"valueName":"search_term_string"}}],"inLanguage":"de"},{"@type":"Organization","@id":"https:\/\/www.inovex.de\/de\/#organization","name":"inovex GmbH","url":"https:\/\/www.inovex.de\/de\/","logo":{"@type":"ImageObject","inLanguage":"de","@id":"https:\/\/www.inovex.de\/de\/#\/schema\/logo\/image\/","url":"https:\/\/www.inovex.de\/wp-content\/uploads\/2021\/03\/inovex-logo-16-9-1.png","contentUrl":"https:\/\/www.inovex.de\/wp-content\/uploads\/2021\/03\/inovex-logo-16-9-1.png","width":1921,"height":1081,"caption":"inovex GmbH"},"image":{"@id":"https:\/\/www.inovex.de\/de\/#\/schema\/logo\/image\/"},"sameAs":["https:\/\/www.facebook.com\/inovexde","https:\/\/x.com\/inovexgmbh","https:\/\/www.instagram.com\/inovexlife\/","https:\/\/www.linkedin.com\/company\/inovex","https:\/\/www.youtube.com\/channel\/UC7r66GT14hROB_RQsQBAQUQ"]}]}},"_links":{"self":[{"href":"https:\/\/www.inovex.de\/de\/wp-json\/wp\/v2\/pages\/49469","targetHints":{"allow":["GET"]}}],"collection":[{"href":"https:\/\/www.inovex.de\/de\/wp-json\/wp\/v2\/pages"}],"about":[{"href":"https:\/\/www.inovex.de\/de\/wp-json\/wp\/v2\/types\/page"}],"author":[{"embeddable":true,"href":"https:\/\/www.inovex.de\/de\/wp-json\/wp\/v2\/users\/4"}],"replies":[{"embeddable":true,"href":"https:\/\/www.inovex.de\/de\/wp-json\/wp\/v2\/comments?post=49469"}],"version-history":[{"count":5,"href":"https:\/\/www.inovex.de\/de\/wp-json\/wp\/v2\/pages\/49469\/revisions"}],"predecessor-version":[{"id":50004,"href":"https:\/\/www.inovex.de\/de\/wp-json\/wp\/v2\/pages\/49469\/revisions\/50004"}],"up":[{"embeddable":true,"href":"https:\/\/www.inovex.de\/de\/wp-json\/wp\/v2\/pages\/1301"}],"wp:featuredmedia":[{"embeddable":true,"href":"https:\/\/www.inovex.de\/de\/wp-json\/wp\/v2\/media\/57524"}],"wp:attachment":[{"href":"https:\/\/www.inovex.de\/de\/wp-json\/wp\/v2\/media?parent=49469"}],"wp:term":[{"taxonomy":"author","embeddable":true,"href":"https:\/\/www.inovex.de\/de\/wp-json\/wp\/v2\/coauthors?post=49469"}],"curies":[{"name":"wp","href":"https:\/\/api.w.org\/{rel}","templated":true}]}}