{"id":50581,"date":"2023-12-21T14:56:58","date_gmt":"2023-12-21T13:56:58","guid":{"rendered":"https:\/\/www.inovex.de\/?page_id=50581"},"modified":"2024-03-06T17:11:32","modified_gmt":"2024-03-06T16:11:32","slug":"ki-im-handel","status":"publish","type":"page","link":"https:\/\/www.inovex.de\/de\/wissen-events\/whitepaper\/ki-im-handel\/","title":{"rendered":"KI im Handel Whitepaper"},"content":{"rendered":"","protected":false},"excerpt":{"rendered":"","protected":false},"author":2,"featured_media":50582,"parent":47911,"menu_order":0,"comment_status":"closed","ping_status":"closed","template":"","meta":{"_acf_changed":false,"inline_featured_image":false,"ep_exclude_from_search":true,"footnotes":""},"coauthors":[953],"class_list":["post-50581","page","type-page","status-publish","has-post-thumbnail","hentry"],"acf":[],"yoast_head":"<!-- This site is optimized with the Yoast SEO plugin v27.4 - https:\/\/yoast.com\/product\/yoast-seo-wordpress\/ -->\n<title>Whitepaper: KI im Handel - \u2714\ufe0f Revolution\u00e4re Technologien<\/title>\n<meta name=\"description\" content=\"Entdecken Sie in unserem Whitepaper die bahnbrechenden Einsatzm\u00f6glichkeiten k\u00fcnstlicher Intelligenz im Handel. Erfahren Sie, wie KI-Technologien die Branche transformieren und Unternehmen zu einem vorausschauenden Erfolg f\u00fchren.\" \/>\n<meta name=\"robots\" content=\"index, follow, max-snippet:-1, max-image-preview:large, max-video-preview:-1\" \/>\n<link rel=\"canonical\" href=\"https:\/\/www.inovex.de\/de\/wissen-events\/whitepaper\/ki-im-handel\/\" \/>\n<meta property=\"og:locale\" content=\"de_DE\" \/>\n<meta property=\"og:type\" content=\"article\" \/>\n<meta property=\"og:title\" content=\"Whitepaper: KI im Handel - \u2714\ufe0f Revolution\u00e4re Technologien\" \/>\n<meta property=\"og:description\" content=\"Entdecken Sie in unserem Whitepaper die bahnbrechenden Einsatzm\u00f6glichkeiten k\u00fcnstlicher Intelligenz im Handel. Erfahren Sie, wie KI-Technologien die Branche transformieren und Unternehmen zu einem vorausschauenden Erfolg f\u00fchren.\" \/>\n<meta property=\"og:url\" content=\"https:\/\/www.inovex.de\/de\/wissen-events\/whitepaper\/ki-im-handel\/\" \/>\n<meta property=\"og:site_name\" content=\"inovex GmbH\" \/>\n<meta property=\"article:publisher\" content=\"https:\/\/www.facebook.com\/inovexde\" \/>\n<meta property=\"article:modified_time\" content=\"2024-03-06T16:11:32+00:00\" \/>\n<meta property=\"og:image\" content=\"https:\/\/www.inovex.de\/wp-content\/uploads\/header-ki-im-handel-mirror.jpg\" \/>\n\t<meta property=\"og:image:width\" content=\"540\" \/>\n\t<meta property=\"og:image:height\" content=\"540\" \/>\n\t<meta property=\"og:image:type\" content=\"image\/jpeg\" \/>\n<meta name=\"twitter:card\" content=\"summary_large_image\" \/>\n<meta name=\"twitter:image\" content=\"https:\/\/www.inovex.de\/wp-content\/uploads\/header-ki-im-handel-mirror.jpg\" \/>\n<meta name=\"twitter:site\" content=\"@inovexgmbh\" \/>\n<meta name=\"twitter:label1\" content=\"Written by\" \/>\n\t<meta name=\"twitter:data1\" content=\"Lukas Funk\" \/>\n<script type=\"application\/ld+json\" class=\"yoast-schema-graph\">{\"@context\":\"https:\\\/\\\/schema.org\",\"@graph\":[{\"@type\":\"WebPage\",\"@id\":\"https:\\\/\\\/www.inovex.de\\\/de\\\/wissen-events\\\/whitepaper\\\/ki-im-handel\\\/\",\"url\":\"https:\\\/\\\/www.inovex.de\\\/de\\\/wissen-events\\\/whitepaper\\\/ki-im-handel\\\/\",\"name\":\"Whitepaper: KI im Handel - \u2714\ufe0f Revolution\u00e4re Technologien\",\"isPartOf\":{\"@id\":\"https:\\\/\\\/www.inovex.de\\\/de\\\/#website\"},\"primaryImageOfPage\":{\"@id\":\"https:\\\/\\\/www.inovex.de\\\/de\\\/wissen-events\\\/whitepaper\\\/ki-im-handel\\\/#primaryimage\"},\"image\":{\"@id\":\"https:\\\/\\\/www.inovex.de\\\/de\\\/wissen-events\\\/whitepaper\\\/ki-im-handel\\\/#primaryimage\"},\"thumbnailUrl\":\"https:\\\/\\\/www.inovex.de\\\/wp-content\\\/uploads\\\/header-ki-im-handel-mirror.jpg\",\"datePublished\":\"2023-12-21T13:56:58+00:00\",\"dateModified\":\"2024-03-06T16:11:32+00:00\",\"description\":\"Entdecken Sie in unserem Whitepaper die bahnbrechenden Einsatzm\u00f6glichkeiten k\u00fcnstlicher Intelligenz im Handel. Erfahren Sie, wie KI-Technologien die Branche transformieren und Unternehmen zu einem vorausschauenden Erfolg f\u00fchren.\",\"breadcrumb\":{\"@id\":\"https:\\\/\\\/www.inovex.de\\\/de\\\/wissen-events\\\/whitepaper\\\/ki-im-handel\\\/#breadcrumb\"},\"inLanguage\":\"de\",\"potentialAction\":[{\"@type\":\"ReadAction\",\"target\":[\"https:\\\/\\\/www.inovex.de\\\/de\\\/wissen-events\\\/whitepaper\\\/ki-im-handel\\\/\"]}]},{\"@type\":\"ImageObject\",\"inLanguage\":\"de\",\"@id\":\"https:\\\/\\\/www.inovex.de\\\/de\\\/wissen-events\\\/whitepaper\\\/ki-im-handel\\\/#primaryimage\",\"url\":\"https:\\\/\\\/www.inovex.de\\\/wp-content\\\/uploads\\\/header-ki-im-handel-mirror.jpg\",\"contentUrl\":\"https:\\\/\\\/www.inovex.de\\\/wp-content\\\/uploads\\\/header-ki-im-handel-mirror.jpg\",\"width\":540,\"height\":540,\"caption\":\"Grafik: \u00dcbergro\u00dfer Roboter h\u00e4lt Pakete in den H\u00e4nden und steht vor einem Shop\"},{\"@type\":\"BreadcrumbList\",\"@id\":\"https:\\\/\\\/www.inovex.de\\\/de\\\/wissen-events\\\/whitepaper\\\/ki-im-handel\\\/#breadcrumb\",\"itemListElement\":[{\"@type\":\"ListItem\",\"position\":1,\"name\":\"Home\",\"item\":\"https:\\\/\\\/www.inovex.de\\\/de\\\/\"},{\"@type\":\"ListItem\",\"position\":2,\"name\":\"Wissen &#038; Events\",\"item\":\"https:\\\/\\\/www.inovex.de\\\/de\\\/wissen-events\\\/\"},{\"@type\":\"ListItem\",\"position\":3,\"name\":\"Whitepaper\",\"item\":\"https:\\\/\\\/www.inovex.de\\\/de\\\/wissen-events\\\/whitepaper\\\/\"},{\"@type\":\"ListItem\",\"position\":4,\"name\":\"KI im Handel Whitepaper\"}]},{\"@type\":\"WebSite\",\"@id\":\"https:\\\/\\\/www.inovex.de\\\/de\\\/#website\",\"url\":\"https:\\\/\\\/www.inovex.de\\\/de\\\/\",\"name\":\"inovex GmbH\",\"description\":\"\",\"publisher\":{\"@id\":\"https:\\\/\\\/www.inovex.de\\\/de\\\/#organization\"},\"potentialAction\":[{\"@type\":\"SearchAction\",\"target\":{\"@type\":\"EntryPoint\",\"urlTemplate\":\"https:\\\/\\\/www.inovex.de\\\/de\\\/?s={search_term_string}\"},\"query-input\":{\"@type\":\"PropertyValueSpecification\",\"valueRequired\":true,\"valueName\":\"search_term_string\"}}],\"inLanguage\":\"de\"},{\"@type\":\"Organization\",\"@id\":\"https:\\\/\\\/www.inovex.de\\\/de\\\/#organization\",\"name\":\"inovex GmbH\",\"url\":\"https:\\\/\\\/www.inovex.de\\\/de\\\/\",\"logo\":{\"@type\":\"ImageObject\",\"inLanguage\":\"de\",\"@id\":\"https:\\\/\\\/www.inovex.de\\\/de\\\/#\\\/schema\\\/logo\\\/image\\\/\",\"url\":\"https:\\\/\\\/www.inovex.de\\\/wp-content\\\/uploads\\\/2021\\\/03\\\/inovex-logo-16-9-1.png\",\"contentUrl\":\"https:\\\/\\\/www.inovex.de\\\/wp-content\\\/uploads\\\/2021\\\/03\\\/inovex-logo-16-9-1.png\",\"width\":1921,\"height\":1081,\"caption\":\"inovex GmbH\"},\"image\":{\"@id\":\"https:\\\/\\\/www.inovex.de\\\/de\\\/#\\\/schema\\\/logo\\\/image\\\/\"},\"sameAs\":[\"https:\\\/\\\/www.facebook.com\\\/inovexde\",\"https:\\\/\\\/x.com\\\/inovexgmbh\",\"https:\\\/\\\/www.instagram.com\\\/inovexlife\\\/\",\"https:\\\/\\\/www.linkedin.com\\\/company\\\/inovex\",\"https:\\\/\\\/www.youtube.com\\\/channel\\\/UC7r66GT14hROB_RQsQBAQUQ\"]}]}<\/script>\n<!-- \/ Yoast SEO plugin. -->","yoast_head_json":{"title":"Whitepaper: KI im Handel - \u2714\ufe0f Revolution\u00e4re Technologien","description":"Entdecken Sie in unserem Whitepaper die bahnbrechenden Einsatzm\u00f6glichkeiten k\u00fcnstlicher Intelligenz im Handel. Erfahren Sie, wie KI-Technologien die Branche transformieren und Unternehmen zu einem vorausschauenden Erfolg f\u00fchren.","robots":{"index":"index","follow":"follow","max-snippet":"max-snippet:-1","max-image-preview":"max-image-preview:large","max-video-preview":"max-video-preview:-1"},"canonical":"https:\/\/www.inovex.de\/de\/wissen-events\/whitepaper\/ki-im-handel\/","og_locale":"de_DE","og_type":"article","og_title":"Whitepaper: KI im Handel - \u2714\ufe0f Revolution\u00e4re Technologien","og_description":"Entdecken Sie in unserem Whitepaper die bahnbrechenden Einsatzm\u00f6glichkeiten k\u00fcnstlicher Intelligenz im Handel. Erfahren Sie, wie KI-Technologien die Branche transformieren und Unternehmen zu einem vorausschauenden Erfolg f\u00fchren.","og_url":"https:\/\/www.inovex.de\/de\/wissen-events\/whitepaper\/ki-im-handel\/","og_site_name":"inovex GmbH","article_publisher":"https:\/\/www.facebook.com\/inovexde","article_modified_time":"2024-03-06T16:11:32+00:00","og_image":[{"width":540,"height":540,"url":"https:\/\/www.inovex.de\/wp-content\/uploads\/header-ki-im-handel-mirror.jpg","type":"image\/jpeg"}],"twitter_card":"summary_large_image","twitter_image":"https:\/\/www.inovex.de\/wp-content\/uploads\/header-ki-im-handel-mirror.jpg","twitter_site":"@inovexgmbh","twitter_misc":{"Written by":"Lukas Funk"},"schema":{"@context":"https:\/\/schema.org","@graph":[{"@type":"WebPage","@id":"https:\/\/www.inovex.de\/de\/wissen-events\/whitepaper\/ki-im-handel\/","url":"https:\/\/www.inovex.de\/de\/wissen-events\/whitepaper\/ki-im-handel\/","name":"Whitepaper: KI im Handel - \u2714\ufe0f Revolution\u00e4re Technologien","isPartOf":{"@id":"https:\/\/www.inovex.de\/de\/#website"},"primaryImageOfPage":{"@id":"https:\/\/www.inovex.de\/de\/wissen-events\/whitepaper\/ki-im-handel\/#primaryimage"},"image":{"@id":"https:\/\/www.inovex.de\/de\/wissen-events\/whitepaper\/ki-im-handel\/#primaryimage"},"thumbnailUrl":"https:\/\/www.inovex.de\/wp-content\/uploads\/header-ki-im-handel-mirror.jpg","datePublished":"2023-12-21T13:56:58+00:00","dateModified":"2024-03-06T16:11:32+00:00","description":"Entdecken Sie in unserem Whitepaper die bahnbrechenden Einsatzm\u00f6glichkeiten k\u00fcnstlicher Intelligenz im Handel. Erfahren Sie, wie KI-Technologien die Branche transformieren und Unternehmen zu einem vorausschauenden Erfolg f\u00fchren.","breadcrumb":{"@id":"https:\/\/www.inovex.de\/de\/wissen-events\/whitepaper\/ki-im-handel\/#breadcrumb"},"inLanguage":"de","potentialAction":[{"@type":"ReadAction","target":["https:\/\/www.inovex.de\/de\/wissen-events\/whitepaper\/ki-im-handel\/"]}]},{"@type":"ImageObject","inLanguage":"de","@id":"https:\/\/www.inovex.de\/de\/wissen-events\/whitepaper\/ki-im-handel\/#primaryimage","url":"https:\/\/www.inovex.de\/wp-content\/uploads\/header-ki-im-handel-mirror.jpg","contentUrl":"https:\/\/www.inovex.de\/wp-content\/uploads\/header-ki-im-handel-mirror.jpg","width":540,"height":540,"caption":"Grafik: \u00dcbergro\u00dfer Roboter h\u00e4lt Pakete in den H\u00e4nden und steht vor einem Shop"},{"@type":"BreadcrumbList","@id":"https:\/\/www.inovex.de\/de\/wissen-events\/whitepaper\/ki-im-handel\/#breadcrumb","itemListElement":[{"@type":"ListItem","position":1,"name":"Home","item":"https:\/\/www.inovex.de\/de\/"},{"@type":"ListItem","position":2,"name":"Wissen &#038; Events","item":"https:\/\/www.inovex.de\/de\/wissen-events\/"},{"@type":"ListItem","position":3,"name":"Whitepaper","item":"https:\/\/www.inovex.de\/de\/wissen-events\/whitepaper\/"},{"@type":"ListItem","position":4,"name":"KI im Handel Whitepaper"}]},{"@type":"WebSite","@id":"https:\/\/www.inovex.de\/de\/#website","url":"https:\/\/www.inovex.de\/de\/","name":"inovex GmbH","description":"","publisher":{"@id":"https:\/\/www.inovex.de\/de\/#organization"},"potentialAction":[{"@type":"SearchAction","target":{"@type":"EntryPoint","urlTemplate":"https:\/\/www.inovex.de\/de\/?s={search_term_string}"},"query-input":{"@type":"PropertyValueSpecification","valueRequired":true,"valueName":"search_term_string"}}],"inLanguage":"de"},{"@type":"Organization","@id":"https:\/\/www.inovex.de\/de\/#organization","name":"inovex GmbH","url":"https:\/\/www.inovex.de\/de\/","logo":{"@type":"ImageObject","inLanguage":"de","@id":"https:\/\/www.inovex.de\/de\/#\/schema\/logo\/image\/","url":"https:\/\/www.inovex.de\/wp-content\/uploads\/2021\/03\/inovex-logo-16-9-1.png","contentUrl":"https:\/\/www.inovex.de\/wp-content\/uploads\/2021\/03\/inovex-logo-16-9-1.png","width":1921,"height":1081,"caption":"inovex GmbH"},"image":{"@id":"https:\/\/www.inovex.de\/de\/#\/schema\/logo\/image\/"},"sameAs":["https:\/\/www.facebook.com\/inovexde","https:\/\/x.com\/inovexgmbh","https:\/\/www.instagram.com\/inovexlife\/","https:\/\/www.linkedin.com\/company\/inovex","https:\/\/www.youtube.com\/channel\/UC7r66GT14hROB_RQsQBAQUQ"]}]}},"_links":{"self":[{"href":"https:\/\/www.inovex.de\/de\/wp-json\/wp\/v2\/pages\/50581","targetHints":{"allow":["GET"]}}],"collection":[{"href":"https:\/\/www.inovex.de\/de\/wp-json\/wp\/v2\/pages"}],"about":[{"href":"https:\/\/www.inovex.de\/de\/wp-json\/wp\/v2\/types\/page"}],"author":[{"embeddable":true,"href":"https:\/\/www.inovex.de\/de\/wp-json\/wp\/v2\/users\/2"}],"replies":[{"embeddable":true,"href":"https:\/\/www.inovex.de\/de\/wp-json\/wp\/v2\/comments?post=50581"}],"version-history":[{"count":5,"href":"https:\/\/www.inovex.de\/de\/wp-json\/wp\/v2\/pages\/50581\/revisions"}],"predecessor-version":[{"id":52220,"href":"https:\/\/www.inovex.de\/de\/wp-json\/wp\/v2\/pages\/50581\/revisions\/52220"}],"up":[{"embeddable":true,"href":"https:\/\/www.inovex.de\/de\/wp-json\/wp\/v2\/pages\/47911"}],"wp:featuredmedia":[{"embeddable":true,"href":"https:\/\/www.inovex.de\/de\/wp-json\/wp\/v2\/media\/50582"}],"wp:attachment":[{"href":"https:\/\/www.inovex.de\/de\/wp-json\/wp\/v2\/media?parent=50581"}],"wp:term":[{"taxonomy":"author","embeddable":true,"href":"https:\/\/www.inovex.de\/de\/wp-json\/wp\/v2\/coauthors?post=50581"}],"curies":[{"name":"wp","href":"https:\/\/api.w.org\/{rel}","templated":true}]}}