{"id":53631,"date":"2024-05-14T16:12:15","date_gmt":"2024-05-14T14:12:15","guid":{"rendered":"https:\/\/www.inovex.de\/?page_id=53631"},"modified":"2025-10-10T13:44:34","modified_gmt":"2025-10-10T11:44:34","slug":"yocto-starter","status":"publish","type":"page","link":"https:\/\/www.inovex.de\/de\/leistungen\/embedded-systems\/yocto-starter\/","title":{"rendered":"Yocto: Linux im Eigenbau"},"content":{"rendered":"","protected":false},"excerpt":{"rendered":"<p>Embedded Systems und Edge Computing vernetzen die Ger\u00e4te, mit denen wir uns umgeben. Dies bereichert nicht nur den Alltag, sondern verbessert signifikant auch industrielle Prozesse. Durch unsere interdisziplin\u00e4re Expertise k\u00f6nnen wir die hohen Anforderungen an Sicherheit, Wartbarkeit und Zuverl\u00e4ssigkeit der Systeme kosteneffizient erf\u00fcllen.<\/p>\n","protected":false},"author":278,"featured_media":0,"parent":21150,"menu_order":0,"comment_status":"closed","ping_status":"closed","template":"","meta":{"_acf_changed":false,"inline_featured_image":false,"ep_exclude_from_search":false,"footnotes":""},"coauthors":[48],"class_list":["post-53631","page","type-page","status-publish","hentry"],"acf":[],"yoast_head":"<!-- This site is optimized with the Yoast SEO plugin v27.4 - https:\/\/yoast.com\/product\/yoast-seo-wordpress\/ -->\n<title>Yocto: Linux im Eigenbau | Embedded Software Engineering- inovex GmbH<\/title>\n<meta name=\"description\" content=\"Die vorgefertigte Software-Basis f\u00fcr Ihre individuelle Entwicklung \u2013 wir liefern den Start f\u00fcr Ihre Embedded-L\u00f6sung zum Festpreis.\" \/>\n<meta name=\"robots\" content=\"index, follow, max-snippet:-1, max-image-preview:large, max-video-preview:-1\" \/>\n<link rel=\"canonical\" href=\"https:\/\/www.inovex.de\/de\/leistungen\/embedded-systems\/yocto-starter\/\" \/>\n<meta property=\"og:locale\" content=\"de_DE\" \/>\n<meta property=\"og:type\" content=\"article\" \/>\n<meta property=\"og:title\" content=\"Yocto: Linux im Eigenbau | Embedded Software Engineering- inovex GmbH\" \/>\n<meta property=\"og:description\" content=\"Die vorgefertigte Software-Basis f\u00fcr Ihre individuelle Entwicklung \u2013 wir liefern den Start f\u00fcr Ihre Embedded-L\u00f6sung zum Festpreis.\" \/>\n<meta property=\"og:url\" content=\"https:\/\/www.inovex.de\/de\/leistungen\/embedded-systems\/yocto-starter\/\" \/>\n<meta property=\"og:site_name\" content=\"inovex GmbH\" \/>\n<meta property=\"article:publisher\" content=\"https:\/\/www.facebook.com\/inovexde\" \/>\n<meta property=\"article:modified_time\" content=\"2025-10-10T11:44:34+00:00\" \/>\n<meta property=\"og:image\" content=\"https:\/\/www.inovex.de\/wp-content\/uploads\/thumbnail-inovex-1024x535.jpg\" \/>\n\t<meta property=\"og:image:width\" content=\"1280\" \/>\n\t<meta property=\"og:image:height\" content=\"669\" \/>\n\t<meta property=\"og:image:type\" content=\"image\/jpeg\" \/>\n<meta name=\"twitter:card\" content=\"summary_large_image\" \/>\n<meta name=\"twitter:image\" content=\"https:\/\/www.inovex.de\/wp-content\/uploads\/thumbnail-inovex-1024x535.jpg\" \/>\n<meta name=\"twitter:site\" content=\"@inovexgmbh\" \/>\n<script type=\"application\/ld+json\" class=\"yoast-schema-graph\">{\"@context\":\"https:\\\/\\\/schema.org\",\"@graph\":[{\"@type\":\"WebPage\",\"@id\":\"https:\\\/\\\/www.inovex.de\\\/de\\\/leistungen\\\/embedded-systems\\\/yocto-starter\\\/\",\"url\":\"https:\\\/\\\/www.inovex.de\\\/de\\\/leistungen\\\/embedded-systems\\\/yocto-starter\\\/\",\"name\":\"Yocto: Linux im Eigenbau | Embedded Software Engineering- inovex GmbH\",\"isPartOf\":{\"@id\":\"https:\\\/\\\/www.inovex.de\\\/de\\\/#website\"},\"datePublished\":\"2024-05-14T14:12:15+00:00\",\"dateModified\":\"2025-10-10T11:44:34+00:00\",\"description\":\"Die vorgefertigte Software-Basis f\u00fcr Ihre individuelle Entwicklung \u2013 wir liefern den Start f\u00fcr Ihre Embedded-L\u00f6sung zum Festpreis.\",\"breadcrumb\":{\"@id\":\"https:\\\/\\\/www.inovex.de\\\/de\\\/leistungen\\\/embedded-systems\\\/yocto-starter\\\/#breadcrumb\"},\"inLanguage\":\"de\",\"potentialAction\":[{\"@type\":\"ReadAction\",\"target\":[\"https:\\\/\\\/www.inovex.de\\\/de\\\/leistungen\\\/embedded-systems\\\/yocto-starter\\\/\"]}]},{\"@type\":\"BreadcrumbList\",\"@id\":\"https:\\\/\\\/www.inovex.de\\\/de\\\/leistungen\\\/embedded-systems\\\/yocto-starter\\\/#breadcrumb\",\"itemListElement\":[{\"@type\":\"ListItem\",\"position\":1,\"name\":\"Home\",\"item\":\"https:\\\/\\\/www.inovex.de\\\/de\\\/\"},{\"@type\":\"ListItem\",\"position\":2,\"name\":\"Leistungen\",\"item\":\"https:\\\/\\\/www.inovex.de\\\/de\\\/leistungen\\\/\"},{\"@type\":\"ListItem\",\"position\":3,\"name\":\"Embedded Systems\",\"item\":\"https:\\\/\\\/www.inovex.de\\\/de\\\/leistungen\\\/embedded-systems\\\/\"},{\"@type\":\"ListItem\",\"position\":4,\"name\":\"Yocto: Linux im Eigenbau\"}]},{\"@type\":\"WebSite\",\"@id\":\"https:\\\/\\\/www.inovex.de\\\/de\\\/#website\",\"url\":\"https:\\\/\\\/www.inovex.de\\\/de\\\/\",\"name\":\"inovex GmbH\",\"description\":\"\",\"publisher\":{\"@id\":\"https:\\\/\\\/www.inovex.de\\\/de\\\/#organization\"},\"potentialAction\":[{\"@type\":\"SearchAction\",\"target\":{\"@type\":\"EntryPoint\",\"urlTemplate\":\"https:\\\/\\\/www.inovex.de\\\/de\\\/?s={search_term_string}\"},\"query-input\":{\"@type\":\"PropertyValueSpecification\",\"valueRequired\":true,\"valueName\":\"search_term_string\"}}],\"inLanguage\":\"de\"},{\"@type\":\"Organization\",\"@id\":\"https:\\\/\\\/www.inovex.de\\\/de\\\/#organization\",\"name\":\"inovex GmbH\",\"url\":\"https:\\\/\\\/www.inovex.de\\\/de\\\/\",\"logo\":{\"@type\":\"ImageObject\",\"inLanguage\":\"de\",\"@id\":\"https:\\\/\\\/www.inovex.de\\\/de\\\/#\\\/schema\\\/logo\\\/image\\\/\",\"url\":\"https:\\\/\\\/www.inovex.de\\\/wp-content\\\/uploads\\\/2021\\\/03\\\/inovex-logo-16-9-1.png\",\"contentUrl\":\"https:\\\/\\\/www.inovex.de\\\/wp-content\\\/uploads\\\/2021\\\/03\\\/inovex-logo-16-9-1.png\",\"width\":1921,\"height\":1081,\"caption\":\"inovex GmbH\"},\"image\":{\"@id\":\"https:\\\/\\\/www.inovex.de\\\/de\\\/#\\\/schema\\\/logo\\\/image\\\/\"},\"sameAs\":[\"https:\\\/\\\/www.facebook.com\\\/inovexde\",\"https:\\\/\\\/x.com\\\/inovexgmbh\",\"https:\\\/\\\/www.instagram.com\\\/inovexlife\\\/\",\"https:\\\/\\\/www.linkedin.com\\\/company\\\/inovex\",\"https:\\\/\\\/www.youtube.com\\\/channel\\\/UC7r66GT14hROB_RQsQBAQUQ\"]}]}<\/script>\n<!-- \/ Yoast SEO plugin. -->","yoast_head_json":{"title":"Yocto: Linux im Eigenbau | Embedded Software Engineering- inovex GmbH","description":"Die vorgefertigte Software-Basis f\u00fcr Ihre individuelle Entwicklung \u2013 wir liefern den Start f\u00fcr Ihre Embedded-L\u00f6sung zum Festpreis.","robots":{"index":"index","follow":"follow","max-snippet":"max-snippet:-1","max-image-preview":"max-image-preview:large","max-video-preview":"max-video-preview:-1"},"canonical":"https:\/\/www.inovex.de\/de\/leistungen\/embedded-systems\/yocto-starter\/","og_locale":"de_DE","og_type":"article","og_title":"Yocto: Linux im Eigenbau | Embedded Software Engineering- inovex GmbH","og_description":"Die vorgefertigte Software-Basis f\u00fcr Ihre individuelle Entwicklung \u2013 wir liefern den Start f\u00fcr Ihre Embedded-L\u00f6sung zum Festpreis.","og_url":"https:\/\/www.inovex.de\/de\/leistungen\/embedded-systems\/yocto-starter\/","og_site_name":"inovex GmbH","article_publisher":"https:\/\/www.facebook.com\/inovexde","article_modified_time":"2025-10-10T11:44:34+00:00","og_image":[{"width":1280,"height":669,"url":"https:\/\/www.inovex.de\/wp-content\/uploads\/thumbnail-inovex-1024x535.jpg","type":"image\/jpeg"}],"twitter_card":"summary_large_image","twitter_image":"https:\/\/www.inovex.de\/wp-content\/uploads\/thumbnail-inovex-1024x535.jpg","twitter_site":"@inovexgmbh","schema":{"@context":"https:\/\/schema.org","@graph":[{"@type":"WebPage","@id":"https:\/\/www.inovex.de\/de\/leistungen\/embedded-systems\/yocto-starter\/","url":"https:\/\/www.inovex.de\/de\/leistungen\/embedded-systems\/yocto-starter\/","name":"Yocto: Linux im Eigenbau | Embedded Software Engineering- inovex GmbH","isPartOf":{"@id":"https:\/\/www.inovex.de\/de\/#website"},"datePublished":"2024-05-14T14:12:15+00:00","dateModified":"2025-10-10T11:44:34+00:00","description":"Die vorgefertigte Software-Basis f\u00fcr Ihre individuelle Entwicklung \u2013 wir liefern den Start f\u00fcr Ihre Embedded-L\u00f6sung zum Festpreis.","breadcrumb":{"@id":"https:\/\/www.inovex.de\/de\/leistungen\/embedded-systems\/yocto-starter\/#breadcrumb"},"inLanguage":"de","potentialAction":[{"@type":"ReadAction","target":["https:\/\/www.inovex.de\/de\/leistungen\/embedded-systems\/yocto-starter\/"]}]},{"@type":"BreadcrumbList","@id":"https:\/\/www.inovex.de\/de\/leistungen\/embedded-systems\/yocto-starter\/#breadcrumb","itemListElement":[{"@type":"ListItem","position":1,"name":"Home","item":"https:\/\/www.inovex.de\/de\/"},{"@type":"ListItem","position":2,"name":"Leistungen","item":"https:\/\/www.inovex.de\/de\/leistungen\/"},{"@type":"ListItem","position":3,"name":"Embedded Systems","item":"https:\/\/www.inovex.de\/de\/leistungen\/embedded-systems\/"},{"@type":"ListItem","position":4,"name":"Yocto: Linux im Eigenbau"}]},{"@type":"WebSite","@id":"https:\/\/www.inovex.de\/de\/#website","url":"https:\/\/www.inovex.de\/de\/","name":"inovex GmbH","description":"","publisher":{"@id":"https:\/\/www.inovex.de\/de\/#organization"},"potentialAction":[{"@type":"SearchAction","target":{"@type":"EntryPoint","urlTemplate":"https:\/\/www.inovex.de\/de\/?s={search_term_string}"},"query-input":{"@type":"PropertyValueSpecification","valueRequired":true,"valueName":"search_term_string"}}],"inLanguage":"de"},{"@type":"Organization","@id":"https:\/\/www.inovex.de\/de\/#organization","name":"inovex GmbH","url":"https:\/\/www.inovex.de\/de\/","logo":{"@type":"ImageObject","inLanguage":"de","@id":"https:\/\/www.inovex.de\/de\/#\/schema\/logo\/image\/","url":"https:\/\/www.inovex.de\/wp-content\/uploads\/2021\/03\/inovex-logo-16-9-1.png","contentUrl":"https:\/\/www.inovex.de\/wp-content\/uploads\/2021\/03\/inovex-logo-16-9-1.png","width":1921,"height":1081,"caption":"inovex GmbH"},"image":{"@id":"https:\/\/www.inovex.de\/de\/#\/schema\/logo\/image\/"},"sameAs":["https:\/\/www.facebook.com\/inovexde","https:\/\/x.com\/inovexgmbh","https:\/\/www.instagram.com\/inovexlife\/","https:\/\/www.linkedin.com\/company\/inovex","https:\/\/www.youtube.com\/channel\/UC7r66GT14hROB_RQsQBAQUQ"]}]}},"_links":{"self":[{"href":"https:\/\/www.inovex.de\/de\/wp-json\/wp\/v2\/pages\/53631","targetHints":{"allow":["GET"]}}],"collection":[{"href":"https:\/\/www.inovex.de\/de\/wp-json\/wp\/v2\/pages"}],"about":[{"href":"https:\/\/www.inovex.de\/de\/wp-json\/wp\/v2\/types\/page"}],"author":[{"embeddable":true,"href":"https:\/\/www.inovex.de\/de\/wp-json\/wp\/v2\/users\/278"}],"replies":[{"embeddable":true,"href":"https:\/\/www.inovex.de\/de\/wp-json\/wp\/v2\/comments?post=53631"}],"version-history":[{"count":5,"href":"https:\/\/www.inovex.de\/de\/wp-json\/wp\/v2\/pages\/53631\/revisions"}],"predecessor-version":[{"id":64423,"href":"https:\/\/www.inovex.de\/de\/wp-json\/wp\/v2\/pages\/53631\/revisions\/64423"}],"up":[{"embeddable":true,"href":"https:\/\/www.inovex.de\/de\/wp-json\/wp\/v2\/pages\/21150"}],"wp:attachment":[{"href":"https:\/\/www.inovex.de\/de\/wp-json\/wp\/v2\/media?parent=53631"}],"wp:term":[{"taxonomy":"author","embeddable":true,"href":"https:\/\/www.inovex.de\/de\/wp-json\/wp\/v2\/coauthors?post=53631"}],"curies":[{"name":"wp","href":"https:\/\/api.w.org\/{rel}","templated":true}]}}