{"id":57001,"date":"2024-09-25T14:03:12","date_gmt":"2024-09-25T12:03:12","guid":{"rendered":"https:\/\/www.inovex.de\/?page_id=57001"},"modified":"2025-11-14T15:07:59","modified_gmt":"2025-11-14T14:07:59","slug":"ki-loesungen","status":"publish","type":"page","link":"https:\/\/www.inovex.de\/de\/branchen\/it-loesungen-fuer-die-energiewirtschaft\/ki-loesungen\/","title":{"rendered":"KI-gest\u00fctzte Assistenzl\u00f6sungen"},"content":{"rendered":"","protected":false},"excerpt":{"rendered":"","protected":false},"author":4,"featured_media":59380,"parent":45961,"menu_order":0,"comment_status":"closed","ping_status":"closed","template":"","meta":{"_acf_changed":false,"inline_featured_image":false,"ep_exclude_from_search":true,"footnotes":""},"coauthors":[1126],"class_list":["post-57001","page","type-page","status-publish","has-post-thumbnail","hentry"],"acf":[],"yoast_head":"<!-- This site is optimized with the Yoast SEO plugin v26.5 - https:\/\/yoast.com\/wordpress\/plugins\/seo\/ -->\n<title>KI-gest\u00fctzte Assistenzl\u00f6sungen - inovex GmbH<\/title>\n<meta name=\"description\" content=\"Optimieren Sie Ihre Gesch\u00e4ftsprozesse mithilfe unseren individuell entwickelten, KI-gest\u00fctzten Assistenzl\u00f6sungen.\" \/>\n<meta name=\"robots\" content=\"index, follow, max-snippet:-1, max-image-preview:large, max-video-preview:-1\" \/>\n<link rel=\"canonical\" href=\"https:\/\/www.inovex.de\/de\/branchen\/it-loesungen-fuer-die-energiewirtschaft\/ki-loesungen\/\" \/>\n<meta property=\"og:locale\" content=\"de_DE\" \/>\n<meta property=\"og:type\" content=\"article\" \/>\n<meta property=\"og:title\" content=\"KI-gest\u00fctzte Assistenzl\u00f6sungen - inovex GmbH\" \/>\n<meta property=\"og:description\" content=\"Optimieren Sie Ihre Gesch\u00e4ftsprozesse mithilfe unseren individuell entwickelten, KI-gest\u00fctzten Assistenzl\u00f6sungen.\" \/>\n<meta property=\"og:url\" content=\"https:\/\/www.inovex.de\/de\/branchen\/it-loesungen-fuer-die-energiewirtschaft\/ki-loesungen\/\" \/>\n<meta property=\"og:site_name\" content=\"inovex GmbH\" \/>\n<meta property=\"article:publisher\" content=\"https:\/\/www.facebook.com\/inovexde\" \/>\n<meta property=\"article:modified_time\" content=\"2025-11-14T14:07:59+00:00\" \/>\n<meta property=\"og:image\" content=\"https:\/\/www.inovex.de\/wp-content\/uploads\/Header_Leistungsdetailseite_Energiewirtschaft_Generative-AI-fuer-die-Energiebranche.png\" \/>\n\t<meta property=\"og:image:width\" content=\"600\" \/>\n\t<meta property=\"og:image:height\" content=\"400\" \/>\n\t<meta property=\"og:image:type\" content=\"image\/png\" \/>\n<meta name=\"twitter:card\" content=\"summary_large_image\" \/>\n<meta name=\"twitter:image\" content=\"https:\/\/www.inovex.de\/wp-content\/uploads\/Header_Leistungsdetailseite_Energiewirtschaft_Generative-AI-fuer-die-Energiebranche.png\" \/>\n<meta name=\"twitter:site\" content=\"@inovexgmbh\" \/>\n<script type=\"application\/ld+json\" class=\"yoast-schema-graph\">{\"@context\":\"https:\/\/schema.org\",\"@graph\":[{\"@type\":\"WebPage\",\"@id\":\"https:\/\/www.inovex.de\/de\/branchen\/it-loesungen-fuer-die-energiewirtschaft\/ki-loesungen\/\",\"url\":\"https:\/\/www.inovex.de\/de\/branchen\/it-loesungen-fuer-die-energiewirtschaft\/ki-loesungen\/\",\"name\":\"KI-gest\u00fctzte Assistenzl\u00f6sungen - inovex GmbH\",\"isPartOf\":{\"@id\":\"https:\/\/www.inovex.de\/de\/#website\"},\"primaryImageOfPage\":{\"@id\":\"https:\/\/www.inovex.de\/de\/branchen\/it-loesungen-fuer-die-energiewirtschaft\/ki-loesungen\/#primaryimage\"},\"image\":{\"@id\":\"https:\/\/www.inovex.de\/de\/branchen\/it-loesungen-fuer-die-energiewirtschaft\/ki-loesungen\/#primaryimage\"},\"thumbnailUrl\":\"https:\/\/www.inovex.de\/wp-content\/uploads\/Header_Leistungsdetailseite_Energiewirtschaft_Generative-AI-fuer-die-Energiebranche.png\",\"datePublished\":\"2024-09-25T12:03:12+00:00\",\"dateModified\":\"2025-11-14T14:07:59+00:00\",\"description\":\"Optimieren Sie Ihre Gesch\u00e4ftsprozesse mithilfe unseren individuell entwickelten, KI-gest\u00fctzten Assistenzl\u00f6sungen.\",\"breadcrumb\":{\"@id\":\"https:\/\/www.inovex.de\/de\/branchen\/it-loesungen-fuer-die-energiewirtschaft\/ki-loesungen\/#breadcrumb\"},\"inLanguage\":\"de\",\"potentialAction\":[{\"@type\":\"ReadAction\",\"target\":[\"https:\/\/www.inovex.de\/de\/branchen\/it-loesungen-fuer-die-energiewirtschaft\/ki-loesungen\/\"]}]},{\"@type\":\"ImageObject\",\"inLanguage\":\"de\",\"@id\":\"https:\/\/www.inovex.de\/de\/branchen\/it-loesungen-fuer-die-energiewirtschaft\/ki-loesungen\/#primaryimage\",\"url\":\"https:\/\/www.inovex.de\/wp-content\/uploads\/Header_Leistungsdetailseite_Energiewirtschaft_Generative-AI-fuer-die-Energiebranche.png\",\"contentUrl\":\"https:\/\/www.inovex.de\/wp-content\/uploads\/Header_Leistungsdetailseite_Energiewirtschaft_Generative-AI-fuer-die-Energiebranche.png\",\"width\":600,\"height\":400,\"caption\":\"Grafik: Eine leuchtende Gl\u00fchbirne.\"},{\"@type\":\"BreadcrumbList\",\"@id\":\"https:\/\/www.inovex.de\/de\/branchen\/it-loesungen-fuer-die-energiewirtschaft\/ki-loesungen\/#breadcrumb\",\"itemListElement\":[{\"@type\":\"ListItem\",\"position\":1,\"name\":\"Home\",\"item\":\"https:\/\/www.inovex.de\/de\/\"},{\"@type\":\"ListItem\",\"position\":2,\"name\":\"Branchen\",\"item\":\"https:\/\/www.inovex.de\/de\/branchen\/\"},{\"@type\":\"ListItem\",\"position\":3,\"name\":\"IT-L\u00f6sungen f\u00fcr die Energiewirtschaft\",\"item\":\"https:\/\/www.inovex.de\/de\/branchen\/it-loesungen-fuer-die-energiewirtschaft\/\"},{\"@type\":\"ListItem\",\"position\":4,\"name\":\"KI-gest\u00fctzte Assistenzl\u00f6sungen\"}]},{\"@type\":\"WebSite\",\"@id\":\"https:\/\/www.inovex.de\/de\/#website\",\"url\":\"https:\/\/www.inovex.de\/de\/\",\"name\":\"inovex GmbH\",\"description\":\"\",\"publisher\":{\"@id\":\"https:\/\/www.inovex.de\/de\/#organization\"},\"potentialAction\":[{\"@type\":\"SearchAction\",\"target\":{\"@type\":\"EntryPoint\",\"urlTemplate\":\"https:\/\/www.inovex.de\/de\/?s={search_term_string}\"},\"query-input\":{\"@type\":\"PropertyValueSpecification\",\"valueRequired\":true,\"valueName\":\"search_term_string\"}}],\"inLanguage\":\"de\"},{\"@type\":\"Organization\",\"@id\":\"https:\/\/www.inovex.de\/de\/#organization\",\"name\":\"inovex GmbH\",\"url\":\"https:\/\/www.inovex.de\/de\/\",\"logo\":{\"@type\":\"ImageObject\",\"inLanguage\":\"de\",\"@id\":\"https:\/\/www.inovex.de\/de\/#\/schema\/logo\/image\/\",\"url\":\"https:\/\/www.inovex.de\/wp-content\/uploads\/2021\/03\/inovex-logo-16-9-1.png\",\"contentUrl\":\"https:\/\/www.inovex.de\/wp-content\/uploads\/2021\/03\/inovex-logo-16-9-1.png\",\"width\":1921,\"height\":1081,\"caption\":\"inovex GmbH\"},\"image\":{\"@id\":\"https:\/\/www.inovex.de\/de\/#\/schema\/logo\/image\/\"},\"sameAs\":[\"https:\/\/www.facebook.com\/inovexde\",\"https:\/\/x.com\/inovexgmbh\",\"https:\/\/www.instagram.com\/inovexlife\/\",\"https:\/\/www.linkedin.com\/company\/inovex\",\"https:\/\/www.youtube.com\/channel\/UC7r66GT14hROB_RQsQBAQUQ\"]}]}<\/script>\n<!-- \/ Yoast SEO plugin. -->","yoast_head_json":{"title":"KI-gest\u00fctzte Assistenzl\u00f6sungen - inovex GmbH","description":"Optimieren Sie Ihre Gesch\u00e4ftsprozesse mithilfe unseren individuell entwickelten, KI-gest\u00fctzten Assistenzl\u00f6sungen.","robots":{"index":"index","follow":"follow","max-snippet":"max-snippet:-1","max-image-preview":"max-image-preview:large","max-video-preview":"max-video-preview:-1"},"canonical":"https:\/\/www.inovex.de\/de\/branchen\/it-loesungen-fuer-die-energiewirtschaft\/ki-loesungen\/","og_locale":"de_DE","og_type":"article","og_title":"KI-gest\u00fctzte Assistenzl\u00f6sungen - inovex GmbH","og_description":"Optimieren Sie Ihre Gesch\u00e4ftsprozesse mithilfe unseren individuell entwickelten, KI-gest\u00fctzten Assistenzl\u00f6sungen.","og_url":"https:\/\/www.inovex.de\/de\/branchen\/it-loesungen-fuer-die-energiewirtschaft\/ki-loesungen\/","og_site_name":"inovex GmbH","article_publisher":"https:\/\/www.facebook.com\/inovexde","article_modified_time":"2025-11-14T14:07:59+00:00","og_image":[{"width":600,"height":400,"url":"https:\/\/www.inovex.de\/wp-content\/uploads\/Header_Leistungsdetailseite_Energiewirtschaft_Generative-AI-fuer-die-Energiebranche.png","type":"image\/png"}],"twitter_card":"summary_large_image","twitter_image":"https:\/\/www.inovex.de\/wp-content\/uploads\/Header_Leistungsdetailseite_Energiewirtschaft_Generative-AI-fuer-die-Energiebranche.png","twitter_site":"@inovexgmbh","schema":{"@context":"https:\/\/schema.org","@graph":[{"@type":"WebPage","@id":"https:\/\/www.inovex.de\/de\/branchen\/it-loesungen-fuer-die-energiewirtschaft\/ki-loesungen\/","url":"https:\/\/www.inovex.de\/de\/branchen\/it-loesungen-fuer-die-energiewirtschaft\/ki-loesungen\/","name":"KI-gest\u00fctzte Assistenzl\u00f6sungen - inovex GmbH","isPartOf":{"@id":"https:\/\/www.inovex.de\/de\/#website"},"primaryImageOfPage":{"@id":"https:\/\/www.inovex.de\/de\/branchen\/it-loesungen-fuer-die-energiewirtschaft\/ki-loesungen\/#primaryimage"},"image":{"@id":"https:\/\/www.inovex.de\/de\/branchen\/it-loesungen-fuer-die-energiewirtschaft\/ki-loesungen\/#primaryimage"},"thumbnailUrl":"https:\/\/www.inovex.de\/wp-content\/uploads\/Header_Leistungsdetailseite_Energiewirtschaft_Generative-AI-fuer-die-Energiebranche.png","datePublished":"2024-09-25T12:03:12+00:00","dateModified":"2025-11-14T14:07:59+00:00","description":"Optimieren Sie Ihre Gesch\u00e4ftsprozesse mithilfe unseren individuell entwickelten, KI-gest\u00fctzten Assistenzl\u00f6sungen.","breadcrumb":{"@id":"https:\/\/www.inovex.de\/de\/branchen\/it-loesungen-fuer-die-energiewirtschaft\/ki-loesungen\/#breadcrumb"},"inLanguage":"de","potentialAction":[{"@type":"ReadAction","target":["https:\/\/www.inovex.de\/de\/branchen\/it-loesungen-fuer-die-energiewirtschaft\/ki-loesungen\/"]}]},{"@type":"ImageObject","inLanguage":"de","@id":"https:\/\/www.inovex.de\/de\/branchen\/it-loesungen-fuer-die-energiewirtschaft\/ki-loesungen\/#primaryimage","url":"https:\/\/www.inovex.de\/wp-content\/uploads\/Header_Leistungsdetailseite_Energiewirtschaft_Generative-AI-fuer-die-Energiebranche.png","contentUrl":"https:\/\/www.inovex.de\/wp-content\/uploads\/Header_Leistungsdetailseite_Energiewirtschaft_Generative-AI-fuer-die-Energiebranche.png","width":600,"height":400,"caption":"Grafik: Eine leuchtende Gl\u00fchbirne."},{"@type":"BreadcrumbList","@id":"https:\/\/www.inovex.de\/de\/branchen\/it-loesungen-fuer-die-energiewirtschaft\/ki-loesungen\/#breadcrumb","itemListElement":[{"@type":"ListItem","position":1,"name":"Home","item":"https:\/\/www.inovex.de\/de\/"},{"@type":"ListItem","position":2,"name":"Branchen","item":"https:\/\/www.inovex.de\/de\/branchen\/"},{"@type":"ListItem","position":3,"name":"IT-L\u00f6sungen f\u00fcr die Energiewirtschaft","item":"https:\/\/www.inovex.de\/de\/branchen\/it-loesungen-fuer-die-energiewirtschaft\/"},{"@type":"ListItem","position":4,"name":"KI-gest\u00fctzte Assistenzl\u00f6sungen"}]},{"@type":"WebSite","@id":"https:\/\/www.inovex.de\/de\/#website","url":"https:\/\/www.inovex.de\/de\/","name":"inovex GmbH","description":"","publisher":{"@id":"https:\/\/www.inovex.de\/de\/#organization"},"potentialAction":[{"@type":"SearchAction","target":{"@type":"EntryPoint","urlTemplate":"https:\/\/www.inovex.de\/de\/?s={search_term_string}"},"query-input":{"@type":"PropertyValueSpecification","valueRequired":true,"valueName":"search_term_string"}}],"inLanguage":"de"},{"@type":"Organization","@id":"https:\/\/www.inovex.de\/de\/#organization","name":"inovex GmbH","url":"https:\/\/www.inovex.de\/de\/","logo":{"@type":"ImageObject","inLanguage":"de","@id":"https:\/\/www.inovex.de\/de\/#\/schema\/logo\/image\/","url":"https:\/\/www.inovex.de\/wp-content\/uploads\/2021\/03\/inovex-logo-16-9-1.png","contentUrl":"https:\/\/www.inovex.de\/wp-content\/uploads\/2021\/03\/inovex-logo-16-9-1.png","width":1921,"height":1081,"caption":"inovex GmbH"},"image":{"@id":"https:\/\/www.inovex.de\/de\/#\/schema\/logo\/image\/"},"sameAs":["https:\/\/www.facebook.com\/inovexde","https:\/\/x.com\/inovexgmbh","https:\/\/www.instagram.com\/inovexlife\/","https:\/\/www.linkedin.com\/company\/inovex","https:\/\/www.youtube.com\/channel\/UC7r66GT14hROB_RQsQBAQUQ"]}]}},"_links":{"self":[{"href":"https:\/\/www.inovex.de\/de\/wp-json\/wp\/v2\/pages\/57001","targetHints":{"allow":["GET"]}}],"collection":[{"href":"https:\/\/www.inovex.de\/de\/wp-json\/wp\/v2\/pages"}],"about":[{"href":"https:\/\/www.inovex.de\/de\/wp-json\/wp\/v2\/types\/page"}],"author":[{"embeddable":true,"href":"https:\/\/www.inovex.de\/de\/wp-json\/wp\/v2\/users\/4"}],"replies":[{"embeddable":true,"href":"https:\/\/www.inovex.de\/de\/wp-json\/wp\/v2\/comments?post=57001"}],"version-history":[{"count":5,"href":"https:\/\/www.inovex.de\/de\/wp-json\/wp\/v2\/pages\/57001\/revisions"}],"predecessor-version":[{"id":65001,"href":"https:\/\/www.inovex.de\/de\/wp-json\/wp\/v2\/pages\/57001\/revisions\/65001"}],"up":[{"embeddable":true,"href":"https:\/\/www.inovex.de\/de\/wp-json\/wp\/v2\/pages\/45961"}],"wp:featuredmedia":[{"embeddable":true,"href":"https:\/\/www.inovex.de\/de\/wp-json\/wp\/v2\/media\/59380"}],"wp:attachment":[{"href":"https:\/\/www.inovex.de\/de\/wp-json\/wp\/v2\/media?parent=57001"}],"wp:term":[{"taxonomy":"author","embeddable":true,"href":"https:\/\/www.inovex.de\/de\/wp-json\/wp\/v2\/coauthors?post=57001"}],"curies":[{"name":"wp","href":"https:\/\/api.w.org\/{rel}","templated":true}]}}