{"id":58390,"date":"2024-09-25T08:41:52","date_gmt":"2024-09-25T06:41:52","guid":{"rendered":"https:\/\/www.inovex.de\/?page_id=58390"},"modified":"2026-01-20T14:43:26","modified_gmt":"2026-01-20T13:43:26","slug":"zertifizierungen","status":"publish","type":"page","link":"https:\/\/www.inovex.de\/de\/ueber-uns\/zertifizierungen\/","title":{"rendered":"Unsere Zertifizierungen"},"content":{"rendered":"","protected":false},"excerpt":{"rendered":"<p>Unser Anspruch ist, exzellente L\u00f6sungen f\u00fcr die Digitale Transformation zu realisieren, also Systeme mit sehr hoher Qualit\u00e4t. Digitale Qualit\u00e4t ist f\u00fcr uns dann gegeben, wenn alle, die mit einer solchen L\u00f6sung zu tun haben, keine schlechten \u00dcberraschungen erleben und nachhaltig gl\u00fccklich sind \u2013 also die Auftraggeber, die Anwender und wir als L\u00f6sungsentwickler.<\/p>\n","protected":false},"author":8,"featured_media":0,"parent":1382,"menu_order":0,"comment_status":"closed","ping_status":"closed","template":"","meta":{"_acf_changed":false,"inline_featured_image":false,"ep_exclude_from_search":false,"footnotes":""},"coauthors":[939],"class_list":["post-58390","page","type-page","status-publish","hentry"],"acf":[],"yoast_head":"<!-- This site is optimized with the Yoast SEO plugin v26.5 - https:\/\/yoast.com\/wordpress\/plugins\/seo\/ -->\n<title>Unsere Zertifizierungen - inovex GmbH<\/title>\n<meta name=\"description\" content=\"Unser Anspruch ist, exzellente L\u00f6sungen f\u00fcr die Digitale Transformation zu realisieren \u2013 in zertifizierter Qualit\u00e4t.\" \/>\n<meta name=\"robots\" content=\"index, follow, max-snippet:-1, max-image-preview:large, max-video-preview:-1\" \/>\n<link rel=\"canonical\" href=\"https:\/\/www.inovex.de\/de\/ueber-uns\/zertifizierungen\/\" \/>\n<meta property=\"og:locale\" content=\"de_DE\" \/>\n<meta property=\"og:type\" content=\"article\" \/>\n<meta property=\"og:title\" content=\"Unsere Zertifizierungen - inovex GmbH\" \/>\n<meta property=\"og:description\" content=\"Unser Anspruch ist, exzellente L\u00f6sungen f\u00fcr die Digitale Transformation zu realisieren \u2013 in zertifizierter Qualit\u00e4t.\" \/>\n<meta property=\"og:url\" content=\"https:\/\/www.inovex.de\/de\/ueber-uns\/zertifizierungen\/\" \/>\n<meta property=\"og:site_name\" content=\"inovex GmbH\" \/>\n<meta property=\"article:publisher\" content=\"https:\/\/www.facebook.com\/inovexde\" \/>\n<meta property=\"article:modified_time\" content=\"2026-01-20T13:43:26+00:00\" \/>\n<meta property=\"og:image\" content=\"https:\/\/www.inovex.de\/wp-content\/uploads\/thumbnail-inovex-1024x535.jpg\" \/>\n\t<meta property=\"og:image:width\" content=\"1280\" \/>\n\t<meta property=\"og:image:height\" content=\"669\" \/>\n\t<meta property=\"og:image:type\" content=\"image\/jpeg\" \/>\n<meta name=\"twitter:card\" content=\"summary_large_image\" \/>\n<meta name=\"twitter:image\" content=\"https:\/\/www.inovex.de\/wp-content\/uploads\/thumbnail-inovex-1024x535.jpg\" \/>\n<meta name=\"twitter:site\" content=\"@inovexgmbh\" \/>\n<meta name=\"twitter:label1\" content=\"Written by\" \/>\n\t<meta name=\"twitter:data1\" content=\"Kathi Kersting\" \/>\n<script type=\"application\/ld+json\" class=\"yoast-schema-graph\">{\"@context\":\"https:\/\/schema.org\",\"@graph\":[{\"@type\":\"WebPage\",\"@id\":\"https:\/\/www.inovex.de\/de\/ueber-uns\/zertifizierungen\/\",\"url\":\"https:\/\/www.inovex.de\/de\/ueber-uns\/zertifizierungen\/\",\"name\":\"Unsere Zertifizierungen - inovex GmbH\",\"isPartOf\":{\"@id\":\"https:\/\/www.inovex.de\/de\/#website\"},\"datePublished\":\"2024-09-25T06:41:52+00:00\",\"dateModified\":\"2026-01-20T13:43:26+00:00\",\"description\":\"Unser Anspruch ist, exzellente L\u00f6sungen f\u00fcr die Digitale Transformation zu realisieren \u2013 in zertifizierter Qualit\u00e4t.\",\"breadcrumb\":{\"@id\":\"https:\/\/www.inovex.de\/de\/ueber-uns\/zertifizierungen\/#breadcrumb\"},\"inLanguage\":\"de\",\"potentialAction\":[{\"@type\":\"ReadAction\",\"target\":[\"https:\/\/www.inovex.de\/de\/ueber-uns\/zertifizierungen\/\"]}]},{\"@type\":\"BreadcrumbList\",\"@id\":\"https:\/\/www.inovex.de\/de\/ueber-uns\/zertifizierungen\/#breadcrumb\",\"itemListElement\":[{\"@type\":\"ListItem\",\"position\":1,\"name\":\"Home\",\"item\":\"https:\/\/www.inovex.de\/de\/\"},{\"@type\":\"ListItem\",\"position\":2,\"name\":\"\u00dcber uns\",\"item\":\"https:\/\/www.inovex.de\/de\/ueber-uns\/\"},{\"@type\":\"ListItem\",\"position\":3,\"name\":\"Unsere Zertifizierungen\"}]},{\"@type\":\"WebSite\",\"@id\":\"https:\/\/www.inovex.de\/de\/#website\",\"url\":\"https:\/\/www.inovex.de\/de\/\",\"name\":\"inovex GmbH\",\"description\":\"\",\"publisher\":{\"@id\":\"https:\/\/www.inovex.de\/de\/#organization\"},\"potentialAction\":[{\"@type\":\"SearchAction\",\"target\":{\"@type\":\"EntryPoint\",\"urlTemplate\":\"https:\/\/www.inovex.de\/de\/?s={search_term_string}\"},\"query-input\":{\"@type\":\"PropertyValueSpecification\",\"valueRequired\":true,\"valueName\":\"search_term_string\"}}],\"inLanguage\":\"de\"},{\"@type\":\"Organization\",\"@id\":\"https:\/\/www.inovex.de\/de\/#organization\",\"name\":\"inovex GmbH\",\"url\":\"https:\/\/www.inovex.de\/de\/\",\"logo\":{\"@type\":\"ImageObject\",\"inLanguage\":\"de\",\"@id\":\"https:\/\/www.inovex.de\/de\/#\/schema\/logo\/image\/\",\"url\":\"https:\/\/www.inovex.de\/wp-content\/uploads\/2021\/03\/inovex-logo-16-9-1.png\",\"contentUrl\":\"https:\/\/www.inovex.de\/wp-content\/uploads\/2021\/03\/inovex-logo-16-9-1.png\",\"width\":1921,\"height\":1081,\"caption\":\"inovex GmbH\"},\"image\":{\"@id\":\"https:\/\/www.inovex.de\/de\/#\/schema\/logo\/image\/\"},\"sameAs\":[\"https:\/\/www.facebook.com\/inovexde\",\"https:\/\/x.com\/inovexgmbh\",\"https:\/\/www.instagram.com\/inovexlife\/\",\"https:\/\/www.linkedin.com\/company\/inovex\",\"https:\/\/www.youtube.com\/channel\/UC7r66GT14hROB_RQsQBAQUQ\"]}]}<\/script>\n<!-- \/ Yoast SEO plugin. -->","yoast_head_json":{"title":"Unsere Zertifizierungen - inovex GmbH","description":"Unser Anspruch ist, exzellente L\u00f6sungen f\u00fcr die Digitale Transformation zu realisieren \u2013 in zertifizierter Qualit\u00e4t.","robots":{"index":"index","follow":"follow","max-snippet":"max-snippet:-1","max-image-preview":"max-image-preview:large","max-video-preview":"max-video-preview:-1"},"canonical":"https:\/\/www.inovex.de\/de\/ueber-uns\/zertifizierungen\/","og_locale":"de_DE","og_type":"article","og_title":"Unsere Zertifizierungen - inovex GmbH","og_description":"Unser Anspruch ist, exzellente L\u00f6sungen f\u00fcr die Digitale Transformation zu realisieren \u2013 in zertifizierter Qualit\u00e4t.","og_url":"https:\/\/www.inovex.de\/de\/ueber-uns\/zertifizierungen\/","og_site_name":"inovex GmbH","article_publisher":"https:\/\/www.facebook.com\/inovexde","article_modified_time":"2026-01-20T13:43:26+00:00","og_image":[{"width":1280,"height":669,"url":"https:\/\/www.inovex.de\/wp-content\/uploads\/thumbnail-inovex-1024x535.jpg","type":"image\/jpeg"}],"twitter_card":"summary_large_image","twitter_image":"https:\/\/www.inovex.de\/wp-content\/uploads\/thumbnail-inovex-1024x535.jpg","twitter_site":"@inovexgmbh","twitter_misc":{"Written by":"Kathi Kersting"},"schema":{"@context":"https:\/\/schema.org","@graph":[{"@type":"WebPage","@id":"https:\/\/www.inovex.de\/de\/ueber-uns\/zertifizierungen\/","url":"https:\/\/www.inovex.de\/de\/ueber-uns\/zertifizierungen\/","name":"Unsere Zertifizierungen - inovex GmbH","isPartOf":{"@id":"https:\/\/www.inovex.de\/de\/#website"},"datePublished":"2024-09-25T06:41:52+00:00","dateModified":"2026-01-20T13:43:26+00:00","description":"Unser Anspruch ist, exzellente L\u00f6sungen f\u00fcr die Digitale Transformation zu realisieren \u2013 in zertifizierter Qualit\u00e4t.","breadcrumb":{"@id":"https:\/\/www.inovex.de\/de\/ueber-uns\/zertifizierungen\/#breadcrumb"},"inLanguage":"de","potentialAction":[{"@type":"ReadAction","target":["https:\/\/www.inovex.de\/de\/ueber-uns\/zertifizierungen\/"]}]},{"@type":"BreadcrumbList","@id":"https:\/\/www.inovex.de\/de\/ueber-uns\/zertifizierungen\/#breadcrumb","itemListElement":[{"@type":"ListItem","position":1,"name":"Home","item":"https:\/\/www.inovex.de\/de\/"},{"@type":"ListItem","position":2,"name":"\u00dcber uns","item":"https:\/\/www.inovex.de\/de\/ueber-uns\/"},{"@type":"ListItem","position":3,"name":"Unsere Zertifizierungen"}]},{"@type":"WebSite","@id":"https:\/\/www.inovex.de\/de\/#website","url":"https:\/\/www.inovex.de\/de\/","name":"inovex GmbH","description":"","publisher":{"@id":"https:\/\/www.inovex.de\/de\/#organization"},"potentialAction":[{"@type":"SearchAction","target":{"@type":"EntryPoint","urlTemplate":"https:\/\/www.inovex.de\/de\/?s={search_term_string}"},"query-input":{"@type":"PropertyValueSpecification","valueRequired":true,"valueName":"search_term_string"}}],"inLanguage":"de"},{"@type":"Organization","@id":"https:\/\/www.inovex.de\/de\/#organization","name":"inovex GmbH","url":"https:\/\/www.inovex.de\/de\/","logo":{"@type":"ImageObject","inLanguage":"de","@id":"https:\/\/www.inovex.de\/de\/#\/schema\/logo\/image\/","url":"https:\/\/www.inovex.de\/wp-content\/uploads\/2021\/03\/inovex-logo-16-9-1.png","contentUrl":"https:\/\/www.inovex.de\/wp-content\/uploads\/2021\/03\/inovex-logo-16-9-1.png","width":1921,"height":1081,"caption":"inovex GmbH"},"image":{"@id":"https:\/\/www.inovex.de\/de\/#\/schema\/logo\/image\/"},"sameAs":["https:\/\/www.facebook.com\/inovexde","https:\/\/x.com\/inovexgmbh","https:\/\/www.instagram.com\/inovexlife\/","https:\/\/www.linkedin.com\/company\/inovex","https:\/\/www.youtube.com\/channel\/UC7r66GT14hROB_RQsQBAQUQ"]}]}},"_links":{"self":[{"href":"https:\/\/www.inovex.de\/de\/wp-json\/wp\/v2\/pages\/58390","targetHints":{"allow":["GET"]}}],"collection":[{"href":"https:\/\/www.inovex.de\/de\/wp-json\/wp\/v2\/pages"}],"about":[{"href":"https:\/\/www.inovex.de\/de\/wp-json\/wp\/v2\/types\/page"}],"author":[{"embeddable":true,"href":"https:\/\/www.inovex.de\/de\/wp-json\/wp\/v2\/users\/8"}],"replies":[{"embeddable":true,"href":"https:\/\/www.inovex.de\/de\/wp-json\/wp\/v2\/comments?post=58390"}],"version-history":[{"count":5,"href":"https:\/\/www.inovex.de\/de\/wp-json\/wp\/v2\/pages\/58390\/revisions"}],"predecessor-version":[{"id":65786,"href":"https:\/\/www.inovex.de\/de\/wp-json\/wp\/v2\/pages\/58390\/revisions\/65786"}],"up":[{"embeddable":true,"href":"https:\/\/www.inovex.de\/de\/wp-json\/wp\/v2\/pages\/1382"}],"wp:attachment":[{"href":"https:\/\/www.inovex.de\/de\/wp-json\/wp\/v2\/media?parent=58390"}],"wp:term":[{"taxonomy":"author","embeddable":true,"href":"https:\/\/www.inovex.de\/de\/wp-json\/wp\/v2\/coauthors?post=58390"}],"curies":[{"name":"wp","href":"https:\/\/api.w.org\/{rel}","templated":true}]}}