{"id":59864,"date":"2024-12-19T10:35:53","date_gmt":"2024-12-19T09:35:53","guid":{"rendered":"https:\/\/www.inovex.de\/?page_id=59864"},"modified":"2025-11-14T15:19:55","modified_gmt":"2025-11-14T14:19:55","slug":"individuelle-produktentwicklung","status":"publish","type":"page","link":"https:\/\/www.inovex.de\/de\/branchen\/it-loesungen-fuer-die-energiewirtschaft\/individuelle-produktentwicklung\/","title":{"rendered":"Individuelle Produktentwicklung f\u00fcr die Energiewirtschaft"},"content":{"rendered":"","protected":false},"excerpt":{"rendered":"","protected":false},"author":440,"featured_media":60179,"parent":45961,"menu_order":0,"comment_status":"closed","ping_status":"closed","template":"","meta":{"_acf_changed":false,"inline_featured_image":false,"ep_exclude_from_search":true,"footnotes":""},"coauthors":[1232],"class_list":["post-59864","page","type-page","status-publish","has-post-thumbnail","hentry"],"acf":[],"yoast_head":"<!-- This site is optimized with the Yoast SEO plugin v26.5 - https:\/\/yoast.com\/wordpress\/plugins\/seo\/ -->\n<title>Individuelle Produktentwicklung f\u00fcr die Energiewirtschaft<\/title>\n<meta name=\"description\" content=\"Entwickeln Sie mit uns ma\u00dfgeschneiderte, kundenzentrierte Softwarel\u00f6sungen f\u00fcr die Energiewirtschaft. Profitieren Sie von innovativen Ans\u00e4tzen und agilen Methoden, um Ihre Time-to-Market zu verk\u00fcrzen und nachhaltigen Erfolg zu sichern.\" \/>\n<meta name=\"robots\" content=\"index, follow, max-snippet:-1, max-image-preview:large, max-video-preview:-1\" \/>\n<link rel=\"canonical\" href=\"https:\/\/www.inovex.de\/de\/branchen\/it-loesungen-fuer-die-energiewirtschaft\/individuelle-produktentwicklung\/\" \/>\n<meta property=\"og:locale\" content=\"de_DE\" \/>\n<meta property=\"og:type\" content=\"article\" \/>\n<meta property=\"og:title\" content=\"Individuelle Produktentwicklung f\u00fcr die Energiewirtschaft\" \/>\n<meta property=\"og:description\" content=\"Entwickeln Sie mit uns ma\u00dfgeschneiderte, kundenzentrierte Softwarel\u00f6sungen f\u00fcr die Energiewirtschaft. Profitieren Sie von innovativen Ans\u00e4tzen und agilen Methoden, um Ihre Time-to-Market zu verk\u00fcrzen und nachhaltigen Erfolg zu sichern.\" \/>\n<meta property=\"og:url\" content=\"https:\/\/www.inovex.de\/de\/branchen\/it-loesungen-fuer-die-energiewirtschaft\/individuelle-produktentwicklung\/\" \/>\n<meta property=\"og:site_name\" content=\"inovex GmbH\" \/>\n<meta property=\"article:publisher\" content=\"https:\/\/www.facebook.com\/inovexde\" \/>\n<meta property=\"article:modified_time\" content=\"2025-11-14T14:19:55+00:00\" \/>\n<meta property=\"og:image\" content=\"https:\/\/www.inovex.de\/wp-content\/uploads\/admin-ajax-2.png\" \/>\n\t<meta property=\"og:image:width\" content=\"600\" \/>\n\t<meta property=\"og:image:height\" content=\"385\" \/>\n\t<meta property=\"og:image:type\" content=\"image\/png\" \/>\n<meta name=\"twitter:card\" content=\"summary_large_image\" \/>\n<meta name=\"twitter:image\" content=\"https:\/\/www.inovex.de\/wp-content\/uploads\/admin-ajax-2.png\" \/>\n<meta name=\"twitter:site\" content=\"@inovexgmbh\" \/>\n<meta name=\"twitter:label1\" content=\"Written by\" \/>\n\t<meta name=\"twitter:data1\" content=\"Nathalie Keller\" \/>\n<script type=\"application\/ld+json\" class=\"yoast-schema-graph\">{\"@context\":\"https:\/\/schema.org\",\"@graph\":[{\"@type\":\"WebPage\",\"@id\":\"https:\/\/www.inovex.de\/de\/branchen\/it-loesungen-fuer-die-energiewirtschaft\/individuelle-produktentwicklung\/\",\"url\":\"https:\/\/www.inovex.de\/de\/branchen\/it-loesungen-fuer-die-energiewirtschaft\/individuelle-produktentwicklung\/\",\"name\":\"Individuelle Produktentwicklung f\u00fcr die Energiewirtschaft\",\"isPartOf\":{\"@id\":\"https:\/\/www.inovex.de\/de\/#website\"},\"primaryImageOfPage\":{\"@id\":\"https:\/\/www.inovex.de\/de\/branchen\/it-loesungen-fuer-die-energiewirtschaft\/individuelle-produktentwicklung\/#primaryimage\"},\"image\":{\"@id\":\"https:\/\/www.inovex.de\/de\/branchen\/it-loesungen-fuer-die-energiewirtschaft\/individuelle-produktentwicklung\/#primaryimage\"},\"thumbnailUrl\":\"https:\/\/www.inovex.de\/wp-content\/uploads\/admin-ajax-2.png\",\"datePublished\":\"2024-12-19T09:35:53+00:00\",\"dateModified\":\"2025-11-14T14:19:55+00:00\",\"description\":\"Entwickeln Sie mit uns ma\u00dfgeschneiderte, kundenzentrierte Softwarel\u00f6sungen f\u00fcr die Energiewirtschaft. Profitieren Sie von innovativen Ans\u00e4tzen und agilen Methoden, um Ihre Time-to-Market zu verk\u00fcrzen und nachhaltigen Erfolg zu sichern.\",\"breadcrumb\":{\"@id\":\"https:\/\/www.inovex.de\/de\/branchen\/it-loesungen-fuer-die-energiewirtschaft\/individuelle-produktentwicklung\/#breadcrumb\"},\"inLanguage\":\"de\",\"potentialAction\":[{\"@type\":\"ReadAction\",\"target\":[\"https:\/\/www.inovex.de\/de\/branchen\/it-loesungen-fuer-die-energiewirtschaft\/individuelle-produktentwicklung\/\"]}]},{\"@type\":\"ImageObject\",\"inLanguage\":\"de\",\"@id\":\"https:\/\/www.inovex.de\/de\/branchen\/it-loesungen-fuer-die-energiewirtschaft\/individuelle-produktentwicklung\/#primaryimage\",\"url\":\"https:\/\/www.inovex.de\/wp-content\/uploads\/admin-ajax-2.png\",\"contentUrl\":\"https:\/\/www.inovex.de\/wp-content\/uploads\/admin-ajax-2.png\",\"width\":600,\"height\":385,\"caption\":\"Illustration, die verschiedene Aspekte der digitalen Produktentwicklung zeigt. Personen arbeiten an einem Whiteboard, einem Laptop und einem Bildschirm mit Bewertungen, w\u00e4hrend eine Rakete im Hintergrund symbolisch f\u00fcr Fortschritt und Innovation steht, alles vor einem blauen Hintergrund.\"},{\"@type\":\"BreadcrumbList\",\"@id\":\"https:\/\/www.inovex.de\/de\/branchen\/it-loesungen-fuer-die-energiewirtschaft\/individuelle-produktentwicklung\/#breadcrumb\",\"itemListElement\":[{\"@type\":\"ListItem\",\"position\":1,\"name\":\"Home\",\"item\":\"https:\/\/www.inovex.de\/de\/\"},{\"@type\":\"ListItem\",\"position\":2,\"name\":\"Branchen\",\"item\":\"https:\/\/www.inovex.de\/de\/branchen\/\"},{\"@type\":\"ListItem\",\"position\":3,\"name\":\"IT-L\u00f6sungen f\u00fcr die Energiewirtschaft\",\"item\":\"https:\/\/www.inovex.de\/de\/branchen\/it-loesungen-fuer-die-energiewirtschaft\/\"},{\"@type\":\"ListItem\",\"position\":4,\"name\":\"Individuelle Produktentwicklung f\u00fcr die Energiewirtschaft\"}]},{\"@type\":\"WebSite\",\"@id\":\"https:\/\/www.inovex.de\/de\/#website\",\"url\":\"https:\/\/www.inovex.de\/de\/\",\"name\":\"inovex GmbH\",\"description\":\"\",\"publisher\":{\"@id\":\"https:\/\/www.inovex.de\/de\/#organization\"},\"potentialAction\":[{\"@type\":\"SearchAction\",\"target\":{\"@type\":\"EntryPoint\",\"urlTemplate\":\"https:\/\/www.inovex.de\/de\/?s={search_term_string}\"},\"query-input\":{\"@type\":\"PropertyValueSpecification\",\"valueRequired\":true,\"valueName\":\"search_term_string\"}}],\"inLanguage\":\"de\"},{\"@type\":\"Organization\",\"@id\":\"https:\/\/www.inovex.de\/de\/#organization\",\"name\":\"inovex GmbH\",\"url\":\"https:\/\/www.inovex.de\/de\/\",\"logo\":{\"@type\":\"ImageObject\",\"inLanguage\":\"de\",\"@id\":\"https:\/\/www.inovex.de\/de\/#\/schema\/logo\/image\/\",\"url\":\"https:\/\/www.inovex.de\/wp-content\/uploads\/2021\/03\/inovex-logo-16-9-1.png\",\"contentUrl\":\"https:\/\/www.inovex.de\/wp-content\/uploads\/2021\/03\/inovex-logo-16-9-1.png\",\"width\":1921,\"height\":1081,\"caption\":\"inovex GmbH\"},\"image\":{\"@id\":\"https:\/\/www.inovex.de\/de\/#\/schema\/logo\/image\/\"},\"sameAs\":[\"https:\/\/www.facebook.com\/inovexde\",\"https:\/\/x.com\/inovexgmbh\",\"https:\/\/www.instagram.com\/inovexlife\/\",\"https:\/\/www.linkedin.com\/company\/inovex\",\"https:\/\/www.youtube.com\/channel\/UC7r66GT14hROB_RQsQBAQUQ\"]}]}<\/script>\n<!-- \/ Yoast SEO plugin. -->","yoast_head_json":{"title":"Individuelle Produktentwicklung f\u00fcr die Energiewirtschaft","description":"Entwickeln Sie mit uns ma\u00dfgeschneiderte, kundenzentrierte Softwarel\u00f6sungen f\u00fcr die Energiewirtschaft. Profitieren Sie von innovativen Ans\u00e4tzen und agilen Methoden, um Ihre Time-to-Market zu verk\u00fcrzen und nachhaltigen Erfolg zu sichern.","robots":{"index":"index","follow":"follow","max-snippet":"max-snippet:-1","max-image-preview":"max-image-preview:large","max-video-preview":"max-video-preview:-1"},"canonical":"https:\/\/www.inovex.de\/de\/branchen\/it-loesungen-fuer-die-energiewirtschaft\/individuelle-produktentwicklung\/","og_locale":"de_DE","og_type":"article","og_title":"Individuelle Produktentwicklung f\u00fcr die Energiewirtschaft","og_description":"Entwickeln Sie mit uns ma\u00dfgeschneiderte, kundenzentrierte Softwarel\u00f6sungen f\u00fcr die Energiewirtschaft. Profitieren Sie von innovativen Ans\u00e4tzen und agilen Methoden, um Ihre Time-to-Market zu verk\u00fcrzen und nachhaltigen Erfolg zu sichern.","og_url":"https:\/\/www.inovex.de\/de\/branchen\/it-loesungen-fuer-die-energiewirtschaft\/individuelle-produktentwicklung\/","og_site_name":"inovex GmbH","article_publisher":"https:\/\/www.facebook.com\/inovexde","article_modified_time":"2025-11-14T14:19:55+00:00","og_image":[{"width":600,"height":385,"url":"https:\/\/www.inovex.de\/wp-content\/uploads\/admin-ajax-2.png","type":"image\/png"}],"twitter_card":"summary_large_image","twitter_image":"https:\/\/www.inovex.de\/wp-content\/uploads\/admin-ajax-2.png","twitter_site":"@inovexgmbh","twitter_misc":{"Written by":"Nathalie Keller"},"schema":{"@context":"https:\/\/schema.org","@graph":[{"@type":"WebPage","@id":"https:\/\/www.inovex.de\/de\/branchen\/it-loesungen-fuer-die-energiewirtschaft\/individuelle-produktentwicklung\/","url":"https:\/\/www.inovex.de\/de\/branchen\/it-loesungen-fuer-die-energiewirtschaft\/individuelle-produktentwicklung\/","name":"Individuelle Produktentwicklung f\u00fcr die Energiewirtschaft","isPartOf":{"@id":"https:\/\/www.inovex.de\/de\/#website"},"primaryImageOfPage":{"@id":"https:\/\/www.inovex.de\/de\/branchen\/it-loesungen-fuer-die-energiewirtschaft\/individuelle-produktentwicklung\/#primaryimage"},"image":{"@id":"https:\/\/www.inovex.de\/de\/branchen\/it-loesungen-fuer-die-energiewirtschaft\/individuelle-produktentwicklung\/#primaryimage"},"thumbnailUrl":"https:\/\/www.inovex.de\/wp-content\/uploads\/admin-ajax-2.png","datePublished":"2024-12-19T09:35:53+00:00","dateModified":"2025-11-14T14:19:55+00:00","description":"Entwickeln Sie mit uns ma\u00dfgeschneiderte, kundenzentrierte Softwarel\u00f6sungen f\u00fcr die Energiewirtschaft. Profitieren Sie von innovativen Ans\u00e4tzen und agilen Methoden, um Ihre Time-to-Market zu verk\u00fcrzen und nachhaltigen Erfolg zu sichern.","breadcrumb":{"@id":"https:\/\/www.inovex.de\/de\/branchen\/it-loesungen-fuer-die-energiewirtschaft\/individuelle-produktentwicklung\/#breadcrumb"},"inLanguage":"de","potentialAction":[{"@type":"ReadAction","target":["https:\/\/www.inovex.de\/de\/branchen\/it-loesungen-fuer-die-energiewirtschaft\/individuelle-produktentwicklung\/"]}]},{"@type":"ImageObject","inLanguage":"de","@id":"https:\/\/www.inovex.de\/de\/branchen\/it-loesungen-fuer-die-energiewirtschaft\/individuelle-produktentwicklung\/#primaryimage","url":"https:\/\/www.inovex.de\/wp-content\/uploads\/admin-ajax-2.png","contentUrl":"https:\/\/www.inovex.de\/wp-content\/uploads\/admin-ajax-2.png","width":600,"height":385,"caption":"Illustration, die verschiedene Aspekte der digitalen Produktentwicklung zeigt. Personen arbeiten an einem Whiteboard, einem Laptop und einem Bildschirm mit Bewertungen, w\u00e4hrend eine Rakete im Hintergrund symbolisch f\u00fcr Fortschritt und Innovation steht, alles vor einem blauen Hintergrund."},{"@type":"BreadcrumbList","@id":"https:\/\/www.inovex.de\/de\/branchen\/it-loesungen-fuer-die-energiewirtschaft\/individuelle-produktentwicklung\/#breadcrumb","itemListElement":[{"@type":"ListItem","position":1,"name":"Home","item":"https:\/\/www.inovex.de\/de\/"},{"@type":"ListItem","position":2,"name":"Branchen","item":"https:\/\/www.inovex.de\/de\/branchen\/"},{"@type":"ListItem","position":3,"name":"IT-L\u00f6sungen f\u00fcr die Energiewirtschaft","item":"https:\/\/www.inovex.de\/de\/branchen\/it-loesungen-fuer-die-energiewirtschaft\/"},{"@type":"ListItem","position":4,"name":"Individuelle Produktentwicklung f\u00fcr die Energiewirtschaft"}]},{"@type":"WebSite","@id":"https:\/\/www.inovex.de\/de\/#website","url":"https:\/\/www.inovex.de\/de\/","name":"inovex GmbH","description":"","publisher":{"@id":"https:\/\/www.inovex.de\/de\/#organization"},"potentialAction":[{"@type":"SearchAction","target":{"@type":"EntryPoint","urlTemplate":"https:\/\/www.inovex.de\/de\/?s={search_term_string}"},"query-input":{"@type":"PropertyValueSpecification","valueRequired":true,"valueName":"search_term_string"}}],"inLanguage":"de"},{"@type":"Organization","@id":"https:\/\/www.inovex.de\/de\/#organization","name":"inovex GmbH","url":"https:\/\/www.inovex.de\/de\/","logo":{"@type":"ImageObject","inLanguage":"de","@id":"https:\/\/www.inovex.de\/de\/#\/schema\/logo\/image\/","url":"https:\/\/www.inovex.de\/wp-content\/uploads\/2021\/03\/inovex-logo-16-9-1.png","contentUrl":"https:\/\/www.inovex.de\/wp-content\/uploads\/2021\/03\/inovex-logo-16-9-1.png","width":1921,"height":1081,"caption":"inovex GmbH"},"image":{"@id":"https:\/\/www.inovex.de\/de\/#\/schema\/logo\/image\/"},"sameAs":["https:\/\/www.facebook.com\/inovexde","https:\/\/x.com\/inovexgmbh","https:\/\/www.instagram.com\/inovexlife\/","https:\/\/www.linkedin.com\/company\/inovex","https:\/\/www.youtube.com\/channel\/UC7r66GT14hROB_RQsQBAQUQ"]}]}},"_links":{"self":[{"href":"https:\/\/www.inovex.de\/de\/wp-json\/wp\/v2\/pages\/59864","targetHints":{"allow":["GET"]}}],"collection":[{"href":"https:\/\/www.inovex.de\/de\/wp-json\/wp\/v2\/pages"}],"about":[{"href":"https:\/\/www.inovex.de\/de\/wp-json\/wp\/v2\/types\/page"}],"author":[{"embeddable":true,"href":"https:\/\/www.inovex.de\/de\/wp-json\/wp\/v2\/users\/440"}],"replies":[{"embeddable":true,"href":"https:\/\/www.inovex.de\/de\/wp-json\/wp\/v2\/comments?post=59864"}],"version-history":[{"count":6,"href":"https:\/\/www.inovex.de\/de\/wp-json\/wp\/v2\/pages\/59864\/revisions"}],"predecessor-version":[{"id":65005,"href":"https:\/\/www.inovex.de\/de\/wp-json\/wp\/v2\/pages\/59864\/revisions\/65005"}],"up":[{"embeddable":true,"href":"https:\/\/www.inovex.de\/de\/wp-json\/wp\/v2\/pages\/45961"}],"wp:featuredmedia":[{"embeddable":true,"href":"https:\/\/www.inovex.de\/de\/wp-json\/wp\/v2\/media\/60179"}],"wp:attachment":[{"href":"https:\/\/www.inovex.de\/de\/wp-json\/wp\/v2\/media?parent=59864"}],"wp:term":[{"taxonomy":"author","embeddable":true,"href":"https:\/\/www.inovex.de\/de\/wp-json\/wp\/v2\/coauthors?post=59864"}],"curies":[{"name":"wp","href":"https:\/\/api.w.org\/{rel}","templated":true}]}}