{"id":64820,"date":"2025-11-10T17:03:56","date_gmt":"2025-11-10T16:03:56","guid":{"rendered":"https:\/\/www.inovex.de\/?page_id=64820"},"modified":"2025-11-11T13:30:53","modified_gmt":"2025-11-11T12:30:53","slug":"festpreisangebot-yocto-linux","status":"publish","type":"page","link":"https:\/\/www.inovex.de\/de\/leistungen\/embedded-systems\/festpreisangebot-yocto-linux\/","title":{"rendered":"Yocto Linux zum Festpreis"},"content":{"rendered":"","protected":false},"excerpt":{"rendered":"<p>Embedded Systems und Edge Computing vernetzen die Ger\u00e4te, mit denen wir uns umgeben. Dies bereichert nicht nur den Alltag, sondern verbessert signifikant auch industrielle Prozesse. Durch unsere interdisziplin\u00e4re Expertise k\u00f6nnen wir die hohen Anforderungen an Sicherheit, Wartbarkeit und Zuverl\u00e4ssigkeit der Systeme kosteneffizient erf\u00fcllen.<\/p>\n","protected":false},"author":441,"featured_media":64915,"parent":21150,"menu_order":0,"comment_status":"closed","ping_status":"closed","template":"","meta":{"_acf_changed":false,"inline_featured_image":false,"ep_exclude_from_search":true,"footnotes":""},"coauthors":[1242],"class_list":["post-64820","page","type-page","status-publish","has-post-thumbnail","hentry"],"acf":[],"yoast_head":"<!-- This site is optimized with the Yoast SEO plugin v27.5 - https:\/\/yoast.com\/product\/yoast-seo-wordpress\/ -->\n<title>Yocto Quick Start: Yocto Linux zum Festpreis - inovex GmbH<\/title>\n<meta name=\"description\" content=\"Die ma\u00dfgeschneiderte Yocto Linux-Basis f\u00fcr Ihre individuellen Hardwaresysteme \u2013 wir liefern den Start f\u00fcr Ihre Embedded-L\u00f6sung zum Festpreis.\" \/>\n<meta name=\"robots\" content=\"noindex, nofollow\" \/>\n<meta property=\"og:locale\" content=\"de_DE\" \/>\n<meta property=\"og:type\" content=\"article\" \/>\n<meta property=\"og:title\" content=\"Yocto Quick Start: Yocto Linux zum Festpreis - inovex GmbH\" \/>\n<meta property=\"og:description\" content=\"Die ma\u00dfgeschneiderte Yocto Linux-Basis f\u00fcr Ihre individuellen Hardwaresysteme \u2013 wir liefern den Start f\u00fcr Ihre Embedded-L\u00f6sung zum Festpreis.\" \/>\n<meta property=\"og:url\" content=\"https:\/\/www.inovex.de\/de\/leistungen\/embedded-systems\/festpreisangebot-yocto-linux\/\" \/>\n<meta property=\"og:site_name\" content=\"inovex GmbH\" \/>\n<meta property=\"article:publisher\" content=\"https:\/\/www.facebook.com\/inovexde\" \/>\n<meta property=\"article:modified_time\" content=\"2025-11-11T12:30:53+00:00\" \/>\n<meta property=\"og:image\" content=\"https:\/\/www.inovex.de\/wp-content\/uploads\/yocto-quick-start.png\" \/>\n\t<meta property=\"og:image:width\" content=\"975\" \/>\n\t<meta property=\"og:image:height\" content=\"625\" \/>\n\t<meta property=\"og:image:type\" content=\"image\/png\" \/>\n<meta name=\"twitter:card\" content=\"summary_large_image\" \/>\n<meta name=\"twitter:image\" content=\"https:\/\/www.inovex.de\/wp-content\/uploads\/yocto-quick-start.png\" \/>\n<meta name=\"twitter:site\" content=\"@inovexgmbh\" \/>\n<meta name=\"twitter:label1\" content=\"Written by\" \/>\n\t<meta name=\"twitter:data1\" content=\"Birgit Hettler\" \/>\n<script type=\"application\/ld+json\" class=\"yoast-schema-graph\">{\"@context\":\"https:\\\/\\\/schema.org\",\"@graph\":[{\"@type\":\"WebPage\",\"@id\":\"https:\\\/\\\/www.inovex.de\\\/de\\\/leistungen\\\/embedded-systems\\\/festpreisangebot-yocto-linux\\\/\",\"url\":\"https:\\\/\\\/www.inovex.de\\\/de\\\/leistungen\\\/embedded-systems\\\/festpreisangebot-yocto-linux\\\/\",\"name\":\"Yocto Quick Start: Yocto Linux zum Festpreis - inovex GmbH\",\"isPartOf\":{\"@id\":\"https:\\\/\\\/www.inovex.de\\\/de\\\/#website\"},\"primaryImageOfPage\":{\"@id\":\"https:\\\/\\\/www.inovex.de\\\/de\\\/leistungen\\\/embedded-systems\\\/festpreisangebot-yocto-linux\\\/#primaryimage\"},\"image\":{\"@id\":\"https:\\\/\\\/www.inovex.de\\\/de\\\/leistungen\\\/embedded-systems\\\/festpreisangebot-yocto-linux\\\/#primaryimage\"},\"thumbnailUrl\":\"https:\\\/\\\/www.inovex.de\\\/wp-content\\\/uploads\\\/yocto-quick-start.png\",\"datePublished\":\"2025-11-10T16:03:56+00:00\",\"dateModified\":\"2025-11-11T12:30:53+00:00\",\"description\":\"Die ma\u00dfgeschneiderte Yocto Linux-Basis f\u00fcr Ihre individuellen Hardwaresysteme \u2013 wir liefern den Start f\u00fcr Ihre Embedded-L\u00f6sung zum Festpreis.\",\"breadcrumb\":{\"@id\":\"https:\\\/\\\/www.inovex.de\\\/de\\\/leistungen\\\/embedded-systems\\\/festpreisangebot-yocto-linux\\\/#breadcrumb\"},\"inLanguage\":\"de\",\"potentialAction\":[{\"@type\":\"ReadAction\",\"target\":[\"https:\\\/\\\/www.inovex.de\\\/de\\\/leistungen\\\/embedded-systems\\\/festpreisangebot-yocto-linux\\\/\"]}]},{\"@type\":\"ImageObject\",\"inLanguage\":\"de\",\"@id\":\"https:\\\/\\\/www.inovex.de\\\/de\\\/leistungen\\\/embedded-systems\\\/festpreisangebot-yocto-linux\\\/#primaryimage\",\"url\":\"https:\\\/\\\/www.inovex.de\\\/wp-content\\\/uploads\\\/yocto-quick-start.png\",\"contentUrl\":\"https:\\\/\\\/www.inovex.de\\\/wp-content\\\/uploads\\\/yocto-quick-start.png\",\"width\":975,\"height\":625,\"caption\":\"Illustration von verschiedenen Hardware-Systemen und Anwendungsf\u00e4llen f\u00fcr The Yocto Project\"},{\"@type\":\"BreadcrumbList\",\"@id\":\"https:\\\/\\\/www.inovex.de\\\/de\\\/leistungen\\\/embedded-systems\\\/festpreisangebot-yocto-linux\\\/#breadcrumb\",\"itemListElement\":[{\"@type\":\"ListItem\",\"position\":1,\"name\":\"Home\",\"item\":\"https:\\\/\\\/www.inovex.de\\\/de\\\/\"},{\"@type\":\"ListItem\",\"position\":2,\"name\":\"Leistungen\",\"item\":\"https:\\\/\\\/www.inovex.de\\\/de\\\/leistungen\\\/\"},{\"@type\":\"ListItem\",\"position\":3,\"name\":\"Embedded Systems\",\"item\":\"https:\\\/\\\/www.inovex.de\\\/de\\\/leistungen\\\/embedded-systems\\\/\"},{\"@type\":\"ListItem\",\"position\":4,\"name\":\"Yocto Linux zum Festpreis\"}]},{\"@type\":\"WebSite\",\"@id\":\"https:\\\/\\\/www.inovex.de\\\/de\\\/#website\",\"url\":\"https:\\\/\\\/www.inovex.de\\\/de\\\/\",\"name\":\"inovex GmbH\",\"description\":\"\",\"publisher\":{\"@id\":\"https:\\\/\\\/www.inovex.de\\\/de\\\/#organization\"},\"potentialAction\":[{\"@type\":\"SearchAction\",\"target\":{\"@type\":\"EntryPoint\",\"urlTemplate\":\"https:\\\/\\\/www.inovex.de\\\/de\\\/?s={search_term_string}\"},\"query-input\":{\"@type\":\"PropertyValueSpecification\",\"valueRequired\":true,\"valueName\":\"search_term_string\"}}],\"inLanguage\":\"de\"},{\"@type\":\"Organization\",\"@id\":\"https:\\\/\\\/www.inovex.de\\\/de\\\/#organization\",\"name\":\"inovex GmbH\",\"url\":\"https:\\\/\\\/www.inovex.de\\\/de\\\/\",\"logo\":{\"@type\":\"ImageObject\",\"inLanguage\":\"de\",\"@id\":\"https:\\\/\\\/www.inovex.de\\\/de\\\/#\\\/schema\\\/logo\\\/image\\\/\",\"url\":\"https:\\\/\\\/www.inovex.de\\\/wp-content\\\/uploads\\\/2021\\\/03\\\/inovex-logo-16-9-1.png\",\"contentUrl\":\"https:\\\/\\\/www.inovex.de\\\/wp-content\\\/uploads\\\/2021\\\/03\\\/inovex-logo-16-9-1.png\",\"width\":1921,\"height\":1081,\"caption\":\"inovex GmbH\"},\"image\":{\"@id\":\"https:\\\/\\\/www.inovex.de\\\/de\\\/#\\\/schema\\\/logo\\\/image\\\/\"},\"sameAs\":[\"https:\\\/\\\/www.facebook.com\\\/inovexde\",\"https:\\\/\\\/x.com\\\/inovexgmbh\",\"https:\\\/\\\/www.instagram.com\\\/inovexlife\\\/\",\"https:\\\/\\\/www.linkedin.com\\\/company\\\/inovex\",\"https:\\\/\\\/www.youtube.com\\\/channel\\\/UC7r66GT14hROB_RQsQBAQUQ\"]}]}<\/script>\n<!-- \/ Yoast SEO plugin. -->","yoast_head_json":{"title":"Yocto Quick Start: Yocto Linux zum Festpreis - inovex GmbH","description":"Die ma\u00dfgeschneiderte Yocto Linux-Basis f\u00fcr Ihre individuellen Hardwaresysteme \u2013 wir liefern den Start f\u00fcr Ihre Embedded-L\u00f6sung zum Festpreis.","robots":{"index":"noindex","follow":"nofollow"},"og_locale":"de_DE","og_type":"article","og_title":"Yocto Quick Start: Yocto Linux zum Festpreis - inovex GmbH","og_description":"Die ma\u00dfgeschneiderte Yocto Linux-Basis f\u00fcr Ihre individuellen Hardwaresysteme \u2013 wir liefern den Start f\u00fcr Ihre Embedded-L\u00f6sung zum Festpreis.","og_url":"https:\/\/www.inovex.de\/de\/leistungen\/embedded-systems\/festpreisangebot-yocto-linux\/","og_site_name":"inovex GmbH","article_publisher":"https:\/\/www.facebook.com\/inovexde","article_modified_time":"2025-11-11T12:30:53+00:00","og_image":[{"width":975,"height":625,"url":"https:\/\/www.inovex.de\/wp-content\/uploads\/yocto-quick-start.png","type":"image\/png"}],"twitter_card":"summary_large_image","twitter_image":"https:\/\/www.inovex.de\/wp-content\/uploads\/yocto-quick-start.png","twitter_site":"@inovexgmbh","twitter_misc":{"Written by":"Birgit Hettler"},"schema":{"@context":"https:\/\/schema.org","@graph":[{"@type":"WebPage","@id":"https:\/\/www.inovex.de\/de\/leistungen\/embedded-systems\/festpreisangebot-yocto-linux\/","url":"https:\/\/www.inovex.de\/de\/leistungen\/embedded-systems\/festpreisangebot-yocto-linux\/","name":"Yocto Quick Start: Yocto Linux zum Festpreis - inovex GmbH","isPartOf":{"@id":"https:\/\/www.inovex.de\/de\/#website"},"primaryImageOfPage":{"@id":"https:\/\/www.inovex.de\/de\/leistungen\/embedded-systems\/festpreisangebot-yocto-linux\/#primaryimage"},"image":{"@id":"https:\/\/www.inovex.de\/de\/leistungen\/embedded-systems\/festpreisangebot-yocto-linux\/#primaryimage"},"thumbnailUrl":"https:\/\/www.inovex.de\/wp-content\/uploads\/yocto-quick-start.png","datePublished":"2025-11-10T16:03:56+00:00","dateModified":"2025-11-11T12:30:53+00:00","description":"Die ma\u00dfgeschneiderte Yocto Linux-Basis f\u00fcr Ihre individuellen Hardwaresysteme \u2013 wir liefern den Start f\u00fcr Ihre Embedded-L\u00f6sung zum Festpreis.","breadcrumb":{"@id":"https:\/\/www.inovex.de\/de\/leistungen\/embedded-systems\/festpreisangebot-yocto-linux\/#breadcrumb"},"inLanguage":"de","potentialAction":[{"@type":"ReadAction","target":["https:\/\/www.inovex.de\/de\/leistungen\/embedded-systems\/festpreisangebot-yocto-linux\/"]}]},{"@type":"ImageObject","inLanguage":"de","@id":"https:\/\/www.inovex.de\/de\/leistungen\/embedded-systems\/festpreisangebot-yocto-linux\/#primaryimage","url":"https:\/\/www.inovex.de\/wp-content\/uploads\/yocto-quick-start.png","contentUrl":"https:\/\/www.inovex.de\/wp-content\/uploads\/yocto-quick-start.png","width":975,"height":625,"caption":"Illustration von verschiedenen Hardware-Systemen und Anwendungsf\u00e4llen f\u00fcr The Yocto Project"},{"@type":"BreadcrumbList","@id":"https:\/\/www.inovex.de\/de\/leistungen\/embedded-systems\/festpreisangebot-yocto-linux\/#breadcrumb","itemListElement":[{"@type":"ListItem","position":1,"name":"Home","item":"https:\/\/www.inovex.de\/de\/"},{"@type":"ListItem","position":2,"name":"Leistungen","item":"https:\/\/www.inovex.de\/de\/leistungen\/"},{"@type":"ListItem","position":3,"name":"Embedded Systems","item":"https:\/\/www.inovex.de\/de\/leistungen\/embedded-systems\/"},{"@type":"ListItem","position":4,"name":"Yocto Linux zum Festpreis"}]},{"@type":"WebSite","@id":"https:\/\/www.inovex.de\/de\/#website","url":"https:\/\/www.inovex.de\/de\/","name":"inovex GmbH","description":"","publisher":{"@id":"https:\/\/www.inovex.de\/de\/#organization"},"potentialAction":[{"@type":"SearchAction","target":{"@type":"EntryPoint","urlTemplate":"https:\/\/www.inovex.de\/de\/?s={search_term_string}"},"query-input":{"@type":"PropertyValueSpecification","valueRequired":true,"valueName":"search_term_string"}}],"inLanguage":"de"},{"@type":"Organization","@id":"https:\/\/www.inovex.de\/de\/#organization","name":"inovex GmbH","url":"https:\/\/www.inovex.de\/de\/","logo":{"@type":"ImageObject","inLanguage":"de","@id":"https:\/\/www.inovex.de\/de\/#\/schema\/logo\/image\/","url":"https:\/\/www.inovex.de\/wp-content\/uploads\/2021\/03\/inovex-logo-16-9-1.png","contentUrl":"https:\/\/www.inovex.de\/wp-content\/uploads\/2021\/03\/inovex-logo-16-9-1.png","width":1921,"height":1081,"caption":"inovex GmbH"},"image":{"@id":"https:\/\/www.inovex.de\/de\/#\/schema\/logo\/image\/"},"sameAs":["https:\/\/www.facebook.com\/inovexde","https:\/\/x.com\/inovexgmbh","https:\/\/www.instagram.com\/inovexlife\/","https:\/\/www.linkedin.com\/company\/inovex","https:\/\/www.youtube.com\/channel\/UC7r66GT14hROB_RQsQBAQUQ"]}]}},"_links":{"self":[{"href":"https:\/\/www.inovex.de\/de\/wp-json\/wp\/v2\/pages\/64820","targetHints":{"allow":["GET"]}}],"collection":[{"href":"https:\/\/www.inovex.de\/de\/wp-json\/wp\/v2\/pages"}],"about":[{"href":"https:\/\/www.inovex.de\/de\/wp-json\/wp\/v2\/types\/page"}],"author":[{"embeddable":true,"href":"https:\/\/www.inovex.de\/de\/wp-json\/wp\/v2\/users\/441"}],"replies":[{"embeddable":true,"href":"https:\/\/www.inovex.de\/de\/wp-json\/wp\/v2\/comments?post=64820"}],"version-history":[{"count":7,"href":"https:\/\/www.inovex.de\/de\/wp-json\/wp\/v2\/pages\/64820\/revisions"}],"predecessor-version":[{"id":64931,"href":"https:\/\/www.inovex.de\/de\/wp-json\/wp\/v2\/pages\/64820\/revisions\/64931"}],"up":[{"embeddable":true,"href":"https:\/\/www.inovex.de\/de\/wp-json\/wp\/v2\/pages\/21150"}],"wp:featuredmedia":[{"embeddable":true,"href":"https:\/\/www.inovex.de\/de\/wp-json\/wp\/v2\/media\/64915"}],"wp:attachment":[{"href":"https:\/\/www.inovex.de\/de\/wp-json\/wp\/v2\/media?parent=64820"}],"wp:term":[{"taxonomy":"author","embeddable":true,"href":"https:\/\/www.inovex.de\/de\/wp-json\/wp\/v2\/coauthors?post=64820"}],"curies":[{"name":"wp","href":"https:\/\/api.w.org\/{rel}","templated":true}]}}