{"id":65588,"date":"2026-01-09T08:28:51","date_gmt":"2026-01-09T07:28:51","guid":{"rendered":"https:\/\/www.inovex.de\/?page_id=65588"},"modified":"2026-01-09T11:23:45","modified_gmt":"2026-01-09T10:23:45","slug":"projekt-factory-x","status":"publish","type":"page","link":"https:\/\/www.inovex.de\/de\/leistungen\/artificial-intelligence\/projekt-factory-x\/","title":{"rendered":"Projekt \u201eFactory-X\u201c"},"content":{"rendered":"","protected":false},"excerpt":{"rendered":"<p>Das Ziel von COSMIC-X ist es, im Rahmen von Gaia-X Advanced Smart Services (ASS) bereitzustellen, die zwischen Maschinenbetreiber, Komponentenlieferant und Maschinenhersteller einen transparenten und vertrauensvollen Datenaustausch sicherstellen.<\/p>\n","protected":false},"author":4,"featured_media":57524,"parent":1301,"menu_order":0,"comment_status":"closed","ping_status":"closed","template":"","meta":{"_acf_changed":false,"inline_featured_image":false,"ep_exclude_from_search":false,"footnotes":""},"coauthors":[49],"class_list":["post-65588","page","type-page","status-publish","has-post-thumbnail","hentry"],"acf":[],"yoast_head":"<!-- This site is optimized with the Yoast SEO plugin v26.5 - https:\/\/yoast.com\/wordpress\/plugins\/seo\/ -->\n<title>Projekt \u201eFactory-X\u201c - Das digitale \u00d6kosystem - inovex GmbH<\/title>\n<meta name=\"description\" content=\"Wir schaffen ein offenes und kollaboratives digitales \u00d6kosystem f\u00fcr Fabrikausr\u00fcster und -betreiber, das auf den Grundlagen von Catena-X und den Prinzipien der Plattform Industrie 4.0 aufbaut.\" \/>\n<meta name=\"robots\" content=\"noindex, nofollow\" \/>\n<meta property=\"og:locale\" content=\"de_DE\" \/>\n<meta property=\"og:type\" content=\"article\" \/>\n<meta property=\"og:title\" content=\"Projekt \u201eFactory-X\u201c - Das digitale \u00d6kosystem - inovex GmbH\" \/>\n<meta property=\"og:description\" content=\"Wir schaffen ein offenes und kollaboratives digitales \u00d6kosystem f\u00fcr Fabrikausr\u00fcster und -betreiber, das auf den Grundlagen von Catena-X und den Prinzipien der Plattform Industrie 4.0 aufbaut.\" \/>\n<meta property=\"og:url\" content=\"https:\/\/www.inovex.de\/de\/leistungen\/artificial-intelligence\/projekt-factory-x\/\" \/>\n<meta property=\"og:site_name\" content=\"inovex GmbH\" \/>\n<meta property=\"article:publisher\" content=\"https:\/\/www.facebook.com\/inovexde\" \/>\n<meta property=\"article:modified_time\" content=\"2026-01-09T10:23:45+00:00\" \/>\n<meta property=\"og:image\" content=\"https:\/\/www.inovex.de\/wp-content\/uploads\/Linkedin-Thumbnails_Artificial-Intelligence.png\" \/>\n\t<meta property=\"og:image:width\" content=\"1200\" \/>\n\t<meta property=\"og:image:height\" content=\"627\" \/>\n\t<meta property=\"og:image:type\" content=\"image\/png\" \/>\n<meta name=\"twitter:card\" content=\"summary_large_image\" \/>\n<meta name=\"twitter:image\" content=\"https:\/\/www.inovex.de\/wp-content\/uploads\/Linkedin-Thumbnails_Artificial-Intelligence-1024x535.png\" \/>\n<meta name=\"twitter:site\" content=\"@inovexgmbh\" \/>\n<script type=\"application\/ld+json\" class=\"yoast-schema-graph\">{\"@context\":\"https:\/\/schema.org\",\"@graph\":[{\"@type\":\"WebPage\",\"@id\":\"https:\/\/www.inovex.de\/de\/leistungen\/artificial-intelligence\/projekt-factory-x\/\",\"url\":\"https:\/\/www.inovex.de\/de\/leistungen\/artificial-intelligence\/projekt-factory-x\/\",\"name\":\"Projekt \u201eFactory-X\u201c - Das digitale \u00d6kosystem - inovex GmbH\",\"isPartOf\":{\"@id\":\"https:\/\/www.inovex.de\/de\/#website\"},\"primaryImageOfPage\":{\"@id\":\"https:\/\/www.inovex.de\/de\/leistungen\/artificial-intelligence\/projekt-factory-x\/#primaryimage\"},\"image\":{\"@id\":\"https:\/\/www.inovex.de\/de\/leistungen\/artificial-intelligence\/projekt-factory-x\/#primaryimage\"},\"thumbnailUrl\":\"https:\/\/www.inovex.de\/wp-content\/uploads\/Linkedin-Thumbnails_Artificial-Intelligence.png\",\"datePublished\":\"2026-01-09T07:28:51+00:00\",\"dateModified\":\"2026-01-09T10:23:45+00:00\",\"description\":\"Wir schaffen ein offenes und kollaboratives digitales \u00d6kosystem f\u00fcr Fabrikausr\u00fcster und -betreiber, das auf den Grundlagen von Catena-X und den Prinzipien der Plattform Industrie 4.0 aufbaut.\",\"breadcrumb\":{\"@id\":\"https:\/\/www.inovex.de\/de\/leistungen\/artificial-intelligence\/projekt-factory-x\/#breadcrumb\"},\"inLanguage\":\"de\",\"potentialAction\":[{\"@type\":\"ReadAction\",\"target\":[\"https:\/\/www.inovex.de\/de\/leistungen\/artificial-intelligence\/projekt-factory-x\/\"]}]},{\"@type\":\"ImageObject\",\"inLanguage\":\"de\",\"@id\":\"https:\/\/www.inovex.de\/de\/leistungen\/artificial-intelligence\/projekt-factory-x\/#primaryimage\",\"url\":\"https:\/\/www.inovex.de\/wp-content\/uploads\/Linkedin-Thumbnails_Artificial-Intelligence.png\",\"contentUrl\":\"https:\/\/www.inovex.de\/wp-content\/uploads\/Linkedin-Thumbnails_Artificial-Intelligence.png\",\"width\":1200,\"height\":627,\"caption\":\"inovex Thumbnail zum Thema Artificial Intelligence\"},{\"@type\":\"BreadcrumbList\",\"@id\":\"https:\/\/www.inovex.de\/de\/leistungen\/artificial-intelligence\/projekt-factory-x\/#breadcrumb\",\"itemListElement\":[{\"@type\":\"ListItem\",\"position\":1,\"name\":\"Home\",\"item\":\"https:\/\/www.inovex.de\/de\/\"},{\"@type\":\"ListItem\",\"position\":2,\"name\":\"Leistungen\",\"item\":\"https:\/\/www.inovex.de\/de\/leistungen\/\"},{\"@type\":\"ListItem\",\"position\":3,\"name\":\"Artificial Intelligence\",\"item\":\"https:\/\/www.inovex.de\/de\/leistungen\/artificial-intelligence\/\"},{\"@type\":\"ListItem\",\"position\":4,\"name\":\"Projekt \u201eFactory-X\u201c\"}]},{\"@type\":\"WebSite\",\"@id\":\"https:\/\/www.inovex.de\/de\/#website\",\"url\":\"https:\/\/www.inovex.de\/de\/\",\"name\":\"inovex GmbH\",\"description\":\"\",\"publisher\":{\"@id\":\"https:\/\/www.inovex.de\/de\/#organization\"},\"potentialAction\":[{\"@type\":\"SearchAction\",\"target\":{\"@type\":\"EntryPoint\",\"urlTemplate\":\"https:\/\/www.inovex.de\/de\/?s={search_term_string}\"},\"query-input\":{\"@type\":\"PropertyValueSpecification\",\"valueRequired\":true,\"valueName\":\"search_term_string\"}}],\"inLanguage\":\"de\"},{\"@type\":\"Organization\",\"@id\":\"https:\/\/www.inovex.de\/de\/#organization\",\"name\":\"inovex GmbH\",\"url\":\"https:\/\/www.inovex.de\/de\/\",\"logo\":{\"@type\":\"ImageObject\",\"inLanguage\":\"de\",\"@id\":\"https:\/\/www.inovex.de\/de\/#\/schema\/logo\/image\/\",\"url\":\"https:\/\/www.inovex.de\/wp-content\/uploads\/2021\/03\/inovex-logo-16-9-1.png\",\"contentUrl\":\"https:\/\/www.inovex.de\/wp-content\/uploads\/2021\/03\/inovex-logo-16-9-1.png\",\"width\":1921,\"height\":1081,\"caption\":\"inovex GmbH\"},\"image\":{\"@id\":\"https:\/\/www.inovex.de\/de\/#\/schema\/logo\/image\/\"},\"sameAs\":[\"https:\/\/www.facebook.com\/inovexde\",\"https:\/\/x.com\/inovexgmbh\",\"https:\/\/www.instagram.com\/inovexlife\/\",\"https:\/\/www.linkedin.com\/company\/inovex\",\"https:\/\/www.youtube.com\/channel\/UC7r66GT14hROB_RQsQBAQUQ\"]}]}<\/script>\n<!-- \/ Yoast SEO plugin. -->","yoast_head_json":{"title":"Projekt \u201eFactory-X\u201c - Das digitale \u00d6kosystem - inovex GmbH","description":"Wir schaffen ein offenes und kollaboratives digitales \u00d6kosystem f\u00fcr Fabrikausr\u00fcster und -betreiber, das auf den Grundlagen von Catena-X und den Prinzipien der Plattform Industrie 4.0 aufbaut.","robots":{"index":"noindex","follow":"nofollow"},"og_locale":"de_DE","og_type":"article","og_title":"Projekt \u201eFactory-X\u201c - Das digitale \u00d6kosystem - inovex GmbH","og_description":"Wir schaffen ein offenes und kollaboratives digitales \u00d6kosystem f\u00fcr Fabrikausr\u00fcster und -betreiber, das auf den Grundlagen von Catena-X und den Prinzipien der Plattform Industrie 4.0 aufbaut.","og_url":"https:\/\/www.inovex.de\/de\/leistungen\/artificial-intelligence\/projekt-factory-x\/","og_site_name":"inovex GmbH","article_publisher":"https:\/\/www.facebook.com\/inovexde","article_modified_time":"2026-01-09T10:23:45+00:00","og_image":[{"width":1200,"height":627,"url":"https:\/\/www.inovex.de\/wp-content\/uploads\/Linkedin-Thumbnails_Artificial-Intelligence.png","type":"image\/png"}],"twitter_card":"summary_large_image","twitter_image":"https:\/\/www.inovex.de\/wp-content\/uploads\/Linkedin-Thumbnails_Artificial-Intelligence-1024x535.png","twitter_site":"@inovexgmbh","schema":{"@context":"https:\/\/schema.org","@graph":[{"@type":"WebPage","@id":"https:\/\/www.inovex.de\/de\/leistungen\/artificial-intelligence\/projekt-factory-x\/","url":"https:\/\/www.inovex.de\/de\/leistungen\/artificial-intelligence\/projekt-factory-x\/","name":"Projekt \u201eFactory-X\u201c - Das digitale \u00d6kosystem - inovex GmbH","isPartOf":{"@id":"https:\/\/www.inovex.de\/de\/#website"},"primaryImageOfPage":{"@id":"https:\/\/www.inovex.de\/de\/leistungen\/artificial-intelligence\/projekt-factory-x\/#primaryimage"},"image":{"@id":"https:\/\/www.inovex.de\/de\/leistungen\/artificial-intelligence\/projekt-factory-x\/#primaryimage"},"thumbnailUrl":"https:\/\/www.inovex.de\/wp-content\/uploads\/Linkedin-Thumbnails_Artificial-Intelligence.png","datePublished":"2026-01-09T07:28:51+00:00","dateModified":"2026-01-09T10:23:45+00:00","description":"Wir schaffen ein offenes und kollaboratives digitales \u00d6kosystem f\u00fcr Fabrikausr\u00fcster und -betreiber, das auf den Grundlagen von Catena-X und den Prinzipien der Plattform Industrie 4.0 aufbaut.","breadcrumb":{"@id":"https:\/\/www.inovex.de\/de\/leistungen\/artificial-intelligence\/projekt-factory-x\/#breadcrumb"},"inLanguage":"de","potentialAction":[{"@type":"ReadAction","target":["https:\/\/www.inovex.de\/de\/leistungen\/artificial-intelligence\/projekt-factory-x\/"]}]},{"@type":"ImageObject","inLanguage":"de","@id":"https:\/\/www.inovex.de\/de\/leistungen\/artificial-intelligence\/projekt-factory-x\/#primaryimage","url":"https:\/\/www.inovex.de\/wp-content\/uploads\/Linkedin-Thumbnails_Artificial-Intelligence.png","contentUrl":"https:\/\/www.inovex.de\/wp-content\/uploads\/Linkedin-Thumbnails_Artificial-Intelligence.png","width":1200,"height":627,"caption":"inovex Thumbnail zum Thema Artificial Intelligence"},{"@type":"BreadcrumbList","@id":"https:\/\/www.inovex.de\/de\/leistungen\/artificial-intelligence\/projekt-factory-x\/#breadcrumb","itemListElement":[{"@type":"ListItem","position":1,"name":"Home","item":"https:\/\/www.inovex.de\/de\/"},{"@type":"ListItem","position":2,"name":"Leistungen","item":"https:\/\/www.inovex.de\/de\/leistungen\/"},{"@type":"ListItem","position":3,"name":"Artificial Intelligence","item":"https:\/\/www.inovex.de\/de\/leistungen\/artificial-intelligence\/"},{"@type":"ListItem","position":4,"name":"Projekt \u201eFactory-X\u201c"}]},{"@type":"WebSite","@id":"https:\/\/www.inovex.de\/de\/#website","url":"https:\/\/www.inovex.de\/de\/","name":"inovex GmbH","description":"","publisher":{"@id":"https:\/\/www.inovex.de\/de\/#organization"},"potentialAction":[{"@type":"SearchAction","target":{"@type":"EntryPoint","urlTemplate":"https:\/\/www.inovex.de\/de\/?s={search_term_string}"},"query-input":{"@type":"PropertyValueSpecification","valueRequired":true,"valueName":"search_term_string"}}],"inLanguage":"de"},{"@type":"Organization","@id":"https:\/\/www.inovex.de\/de\/#organization","name":"inovex GmbH","url":"https:\/\/www.inovex.de\/de\/","logo":{"@type":"ImageObject","inLanguage":"de","@id":"https:\/\/www.inovex.de\/de\/#\/schema\/logo\/image\/","url":"https:\/\/www.inovex.de\/wp-content\/uploads\/2021\/03\/inovex-logo-16-9-1.png","contentUrl":"https:\/\/www.inovex.de\/wp-content\/uploads\/2021\/03\/inovex-logo-16-9-1.png","width":1921,"height":1081,"caption":"inovex GmbH"},"image":{"@id":"https:\/\/www.inovex.de\/de\/#\/schema\/logo\/image\/"},"sameAs":["https:\/\/www.facebook.com\/inovexde","https:\/\/x.com\/inovexgmbh","https:\/\/www.instagram.com\/inovexlife\/","https:\/\/www.linkedin.com\/company\/inovex","https:\/\/www.youtube.com\/channel\/UC7r66GT14hROB_RQsQBAQUQ"]}]}},"_links":{"self":[{"href":"https:\/\/www.inovex.de\/de\/wp-json\/wp\/v2\/pages\/65588","targetHints":{"allow":["GET"]}}],"collection":[{"href":"https:\/\/www.inovex.de\/de\/wp-json\/wp\/v2\/pages"}],"about":[{"href":"https:\/\/www.inovex.de\/de\/wp-json\/wp\/v2\/types\/page"}],"author":[{"embeddable":true,"href":"https:\/\/www.inovex.de\/de\/wp-json\/wp\/v2\/users\/4"}],"replies":[{"embeddable":true,"href":"https:\/\/www.inovex.de\/de\/wp-json\/wp\/v2\/comments?post=65588"}],"version-history":[{"count":5,"href":"https:\/\/www.inovex.de\/de\/wp-json\/wp\/v2\/pages\/65588\/revisions"}],"predecessor-version":[{"id":65652,"href":"https:\/\/www.inovex.de\/de\/wp-json\/wp\/v2\/pages\/65588\/revisions\/65652"}],"up":[{"embeddable":true,"href":"https:\/\/www.inovex.de\/de\/wp-json\/wp\/v2\/pages\/1301"}],"wp:featuredmedia":[{"embeddable":true,"href":"https:\/\/www.inovex.de\/de\/wp-json\/wp\/v2\/media\/57524"}],"wp:attachment":[{"href":"https:\/\/www.inovex.de\/de\/wp-json\/wp\/v2\/media?parent=65588"}],"wp:term":[{"taxonomy":"author","embeddable":true,"href":"https:\/\/www.inovex.de\/de\/wp-json\/wp\/v2\/coauthors?post=65588"}],"curies":[{"name":"wp","href":"https:\/\/api.w.org\/{rel}","templated":true}]}}